{"id":95,"date":"2023-08-27T16:42:12","date_gmt":"2023-08-27T21:42:12","guid":{"rendered":"https:\/\/zamora-chinchipe.gob.ec\/website\/?page_id=95"},"modified":"2024-01-10T15:55:20","modified_gmt":"2024-01-10T20:55:20","slug":"gestion-ambiente","status":"publish","type":"page","link":"https:\/\/zamora-chinchipe.gob.ec\/website\/gestion-ambiente\/","title":{"rendered":"Gesti\u00f3n Ambiental"},"content":{"rendered":"<div id=\"pl-gb95-69fb6045684bc\"  class=\"panel-layout\" ><div id=\"pg-gb95-69fb6045684bc-0\"  class=\"panel-grid panel-has-style\" ><div class=\"so-parallax siteorigin-panels-stretch panel-row-style-full-width panel-row-style panel-row-style-for-gb95-69fb6045684bc-0\" data-stretch-type=\"full\" ><img fetchpriority=\"high\" width=\"1400\" height=\"240\" src=\"https:\/\/zamora-chinchipe.gob.ec\/website\/wp-content\/uploads\/2023\/09\/ambiente.jpg\" class=\"attachment-full size-full\" alt=\"\" data-siteorigin-parallax=\"true\" loading=\"eager\" srcset=\"https:\/\/zamora-chinchipe.gob.ec\/website\/wp-content\/uploads\/2023\/09\/ambiente.jpg 1400w, https:\/\/zamora-chinchipe.gob.ec\/website\/wp-content\/uploads\/2023\/09\/ambiente-300x51.jpg 300w, https:\/\/zamora-chinchipe.gob.ec\/website\/wp-content\/uploads\/2023\/09\/ambiente-1024x176.jpg 1024w, https:\/\/zamora-chinchipe.gob.ec\/website\/wp-content\/uploads\/2023\/09\/ambiente-768x132.jpg 768w\" sizes=\"(max-width: 1400px) 100vw, 1400px\" \/><div id=\"pgc-gb95-69fb6045684bc-0-0\"  class=\"panel-grid-cell\" ><div id=\"panel-gb95-69fb6045684bc-0-0-0\" class=\"widget_text so-panel widget widget_custom_html panel-first-child panel-last-child\" data-index=\"0\" ><div class=\"textwidget custom-html-widget\"><div class=\"espacioServicios\"><\/div>\n<h2 class=\"centrado blanco\">\n\tGESTI\u00d3N AMBIENTAL\n<\/h2>\n<div class=\"espacioServicios\"><\/div><\/div><\/div><\/div><\/div><\/div><\/div>\n\n<p style=\"text-align: justify;\">\u00a1Descubre la provincia de Zamora Chinchipe y sum\u00e9rgete en su impresionante belleza natural! Desde imponentes monta\u00f1as hasta serenos r\u00edos, lagos cristalinos y majestuosas cascadas, este lugar tiene todo lo que necesitas para vivir una experiencia inolvidable. Adem\u00e1s, su abundante variedad de flora y fauna aut\u00f3ctona crea un ecosistema \u00fanico en su tipo, un tesoro natural que debemos conservar y proteger para las generaciones futuras.<br \/>En este sentido, la prefectura ha establecido las \u00c1reas de Conservaci\u00f3n y Uso Sustentable (ACUS) de Zamora Chinchipe, mediante una ordenanza aprobada en 2017 y 2018. Estas \u00e1reas, ubicadas estrat\u00e9gicamente en la provincia, limitando al norte con Azuay, con la rep\u00fablica del Per\u00fa al sur y este, abarcan un total de 444,592.88 hect\u00e1reas. Su principal objetivo es preservar la biodiversidad y promover pr\u00e1cticas sostenibles que aseguren el equilibrio de los servicios ecosist\u00e9micos, fundamentales para nuestra propia existencia.<br \/>Los bloques de conservaci\u00f3n incluyen los fascinantes cantones de Zamora, Yacuambi, Chinchipe, Palanda, Nangaritza, Paquisha y El Pangui. As\u00ed que prep\u00e1rate para adentrarte en estas \u00e1reas protegidas y descubrir la magia de la naturaleza en su m\u00e1ximo esplendor. \u00a1No pierdas la oportunidad de formar parte de esta valiosa labor de conservaci\u00f3n y disfrutar de la extraordinaria biodiversidad que Zamora Chinchipe tiene para ofrecer!<\/p>\n\n<div id=\"pl-gb95-69fb604568b7b\"  class=\"panel-layout\" ><div id=\"pg-gb95-69fb604568b7b-0\"  class=\"panel-grid panel-no-style\" ><div id=\"pgc-gb95-69fb604568b7b-0-0\"  class=\"panel-grid-cell\" ><div id=\"panel-gb95-69fb604568b7b-0-0-0\" class=\"so-panel widget widget_sow-post-carousel panel-first-child\" data-index=\"0\" ><div\n\t\t\t\n\t\t\tclass=\"so-widget-sow-post-carousel so-widget-sow-post-carousel-base-f639a26ce8cf-95\"\n\t\t\t\n\t\t>\t<div\n\t\tclass=\"sow-post-carousel-wrapper sow-post-carousel-theme-base\"\n\t\tstyle=\"overflow: hidden; max-width: 100%; min-height: 272px\"\n\t>\n\t\t<div class=\"sow-carousel-title has-title\">\n\t<h3 class=\"widget-title\">Noticias<\/h3>\t\t<div class=\"sow-carousel-navigation \">\n\t\t\t\t\t\t<a href=\"#\" class=\"sow-carousel-next\" title=\"Siguiente\" aria-label=\"Entradas siguientes\" role=\"button\"><\/a>\n\t\t\t\t\t\t<a href=\"#\" class=\"sow-carousel-previous\" title=\"Anterior\" aria-label=\"Entradas anteriores\" role=\"button\"><\/a>\n\t\t\t\t\t<\/div>\n\t<\/div>\n\n<div class=\"sow-carousel-container \">\n\t\t<div class=\"sow-carousel-wrapper\"\n\t\tdata-dir=\"ltr\"\n\t\tstyle=\"opacity: 0;\"\n\t\tdata-widget=\"post\" data-fetching=\"false\" data-page=\"1\" data-ajax-url=\"https:\/\/zamora-chinchipe.gob.ec\/website\/wp-admin\/admin-ajax.php?_widgets_nonce=314f352086\" data-item_count=\"61\" data-carousel_settings=\"{&quot;loop&quot;:true,&quot;animation&quot;:&quot;ease&quot;,&quot;animation_speed&quot;:800,&quot;autoplay&quot;:false,&quot;pauseOnHover&quot;:false,&quot;autoplaySpeed&quot;:8000,&quot;item_overflow&quot;:true,&quot;autoplay_continuous_scroll&quot;:false}\" data-responsive=\"{&quot;desktop_slides_to_scroll&quot;:1,&quot;tablet_landscape_breakpoint&quot;:1366,&quot;tablet_landscape_slides_to_scroll&quot;:2,&quot;tablet_portrait_breakpoint&quot;:1025,&quot;tablet_portrait_slides_to_scroll&quot;:2,&quot;mobile_breakpoint&quot;:480,&quot;mobile_slides_to_scroll&quot;:1}\" data-variable_width=\"true\" \t>\n\t\t<div\n\t\t\tclass=\"sow-carousel-items\"\n\t\t\t\t\t>\n\t\t\t\t<div class=\"sow-carousel-item\" tabindex=\"-1\" style=\"float: left;\">\n\t\t<div class=\"sow-carousel-thumbnail\">\n\t\t\t\t\t\t\t<a\n\t\t\t\t\thref=\"https:\/\/zamora-chinchipe.gob.ec\/website\/2026\/04\/15\/drenaje-de-fincas-fortalecen-la-produccion-de-paquisha\/\"\n\t\t\t\t\t\t\t\t\t\tstyle=\"background-image: url( https:\/\/zamora-chinchipe.gob.ec\/website\/wp-content\/uploads\/2026\/04\/fotos-1-436x272.jpeg )\"\n\t\t\t\t\taria-labelledby=\"sow-carousel-id-4872\"\n\t\t\t\t\ttabindex=\"-1\"\n\t\t\t\t>\n\t\t\t\t\t<span class=\"overlay\"><\/span>\n\t\t\t\t<\/a>\n\t\t\t\t\t<\/div>\n\t\t<h3 class=\"sow-carousel-item-title\">\n\t\t\t<a\n\t\t\t\thref=\"https:\/\/zamora-chinchipe.gob.ec\/website\/2026\/04\/15\/drenaje-de-fincas-fortalecen-la-produccion-de-paquisha\/\"\n\t\t\t\tid=\"sow-carousel-id-4872\"\n\t\t\t\t\t\t\t\ttabindex=\"-1\"\n\t\t\t>\n\n\t\t\t\tDrenaje de fincas fortalecen la producci\u00f3n de Paquisha\t\t\t<\/a>\n\t\t<\/h3>\n\t<\/div>\n\t<div class=\"sow-carousel-item\" tabindex=\"-1\" style=\"float: left;\">\n\t\t<div class=\"sow-carousel-thumbnail\">\n\t\t\t\t\t\t\t<a\n\t\t\t\t\thref=\"https:\/\/zamora-chinchipe.gob.ec\/website\/2026\/03\/16\/emprendimiento-familiar-de-begonia-se-fortalece-con-acompanamiento-tecnico-en-tutupali\/\"\n\t\t\t\t\t\t\t\t\t\tstyle=\"background-image: url( https:\/\/zamora-chinchipe.gob.ec\/website\/wp-content\/uploads\/2026\/03\/FOTOS-5-1-436x272.jpg )\"\n\t\t\t\t\taria-labelledby=\"sow-carousel-id-4798\"\n\t\t\t\t\ttabindex=\"-1\"\n\t\t\t\t>\n\t\t\t\t\t<span class=\"overlay\"><\/span>\n\t\t\t\t<\/a>\n\t\t\t\t\t<\/div>\n\t\t<h3 class=\"sow-carousel-item-title\">\n\t\t\t<a\n\t\t\t\thref=\"https:\/\/zamora-chinchipe.gob.ec\/website\/2026\/03\/16\/emprendimiento-familiar-de-begonia-se-fortalece-con-acompanamiento-tecnico-en-tutupali\/\"\n\t\t\t\tid=\"sow-carousel-id-4798\"\n\t\t\t\t\t\t\t\ttabindex=\"-1\"\n\t\t\t>\n\n\t\t\t\tEmprendimiento familiar de begonia se fortalece con acompa\u00f1amiento t\u00e9cnico en Tutupali\t\t\t<\/a>\n\t\t<\/h3>\n\t<\/div>\n\t<div class=\"sow-carousel-item\" tabindex=\"-1\" style=\"float: left;\">\n\t\t<div class=\"sow-carousel-thumbnail\">\n\t\t\t\t\t\t\t<a\n\t\t\t\t\thref=\"https:\/\/zamora-chinchipe.gob.ec\/website\/2026\/03\/16\/productores-apicolas-de-palanda-recibieron-capacitacion-tecnica\/\"\n\t\t\t\t\t\t\t\t\t\tstyle=\"background-image: url( https:\/\/zamora-chinchipe.gob.ec\/website\/wp-content\/uploads\/2026\/03\/foto-11-436x272.jpg )\"\n\t\t\t\t\taria-labelledby=\"sow-carousel-id-4788\"\n\t\t\t\t\ttabindex=\"-1\"\n\t\t\t\t>\n\t\t\t\t\t<span class=\"overlay\"><\/span>\n\t\t\t\t<\/a>\n\t\t\t\t\t<\/div>\n\t\t<h3 class=\"sow-carousel-item-title\">\n\t\t\t<a\n\t\t\t\thref=\"https:\/\/zamora-chinchipe.gob.ec\/website\/2026\/03\/16\/productores-apicolas-de-palanda-recibieron-capacitacion-tecnica\/\"\n\t\t\t\tid=\"sow-carousel-id-4788\"\n\t\t\t\t\t\t\t\ttabindex=\"-1\"\n\t\t\t>\n\n\t\t\t\tProductores ap\u00edcolas de Palanda recibieron capacitaci\u00f3n t\u00e9cnica\t\t\t<\/a>\n\t\t<\/h3>\n\t<\/div>\n\t\t<\/div>\n\t\t\t<\/div>\n\n\t<\/div>\n\t\t<input type=\"hidden\" name=\"instance_hash\" value=\"009f094c\"\/>\n\t<\/div>\n<\/div><\/div><div id=\"panel-gb95-69fb604568b7b-0-0-1\" class=\"so-panel widget widget_sow-post-carousel panel-last-child\" data-index=\"1\" ><div\n\t\t\t\n\t\t\tclass=\"so-widget-sow-post-carousel so-widget-sow-post-carousel-base-f639a26ce8cf-4788\"\n\t\t\t\n\t\t>\t<div\n\t\tclass=\"sow-post-carousel-wrapper sow-post-carousel-theme-base\"\n\t\tstyle=\"overflow: hidden; max-width: 100%; min-height: 272px\"\n\t>\n\t\t<div class=\"sow-carousel-title\">\n\t\t\t<div class=\"sow-carousel-navigation \">\n\t\t\t\t\t\t<a href=\"#\" class=\"sow-carousel-next\" title=\"Siguiente\" aria-label=\"Entradas siguientes\" role=\"button\"><\/a>\n\t\t\t\t\t\t<a href=\"#\" class=\"sow-carousel-previous\" title=\"Anterior\" aria-label=\"Entradas anteriores\" role=\"button\"><\/a>\n\t\t\t\t\t<\/div>\n\t<\/div>\n\n<div class=\"sow-carousel-container \">\n\t\t<div class=\"sow-carousel-wrapper\"\n\t\tdata-dir=\"ltr\"\n\t\tstyle=\"opacity: 0;\"\n\t\tdata-widget=\"post\" data-fetching=\"false\" data-page=\"1\" data-ajax-url=\"https:\/\/zamora-chinchipe.gob.ec\/website\/wp-admin\/admin-ajax.php?_widgets_nonce=314f352086\" data-item_count=\"78\" data-carousel_settings=\"{&quot;loop&quot;:true,&quot;animation&quot;:&quot;ease&quot;,&quot;animation_speed&quot;:800,&quot;autoplay&quot;:false,&quot;pauseOnHover&quot;:false,&quot;autoplaySpeed&quot;:8000,&quot;item_overflow&quot;:true,&quot;autoplay_continuous_scroll&quot;:false}\" data-responsive=\"{&quot;desktop_slides_to_scroll&quot;:1,&quot;tablet_landscape_breakpoint&quot;:1366,&quot;tablet_landscape_slides_to_scroll&quot;:2,&quot;tablet_portrait_breakpoint&quot;:1025,&quot;tablet_portrait_slides_to_scroll&quot;:2,&quot;mobile_breakpoint&quot;:480,&quot;mobile_slides_to_scroll&quot;:1}\" data-variable_width=\"true\" \t>\n\t\t<div\n\t\t\tclass=\"sow-carousel-items\"\n\t\t\t\t\t>\n\t\t\t\t<div class=\"sow-carousel-item\" tabindex=\"-1\" style=\"float: left;\">\n\t\t<div class=\"sow-carousel-thumbnail\">\n\t\t\t\t\t\t\t<a\n\t\t\t\t\thref=\"https:\/\/zamora-chinchipe.gob.ec\/website\/2026\/05\/05\/artesanos-de-la-provincia-tendran-su-propia-casa-gracias-a-la-prefectura-de-zamora-chinchipe\/\"\n\t\t\t\t\t\t\t\t\t\tstyle=\"background-image: url( https:\/\/zamora-chinchipe.gob.ec\/website\/wp-content\/uploads\/2026\/05\/foto-8-436x272.jpeg )\"\n\t\t\t\t\taria-labelledby=\"sow-carousel-id-4916\"\n\t\t\t\t\ttabindex=\"-1\"\n\t\t\t\t>\n\t\t\t\t\t<span class=\"overlay\"><\/span>\n\t\t\t\t<\/a>\n\t\t\t\t\t<\/div>\n\t\t<h3 class=\"sow-carousel-item-title\">\n\t\t\t<a\n\t\t\t\thref=\"https:\/\/zamora-chinchipe.gob.ec\/website\/2026\/05\/05\/artesanos-de-la-provincia-tendran-su-propia-casa-gracias-a-la-prefectura-de-zamora-chinchipe\/\"\n\t\t\t\tid=\"sow-carousel-id-4916\"\n\t\t\t\t\t\t\t\ttabindex=\"-1\"\n\t\t\t>\n\n\t\t\t\tArtesanos tendr\u00e1n su propia casa, gracias a la Prefectura de Zamora Chinchipe\t\t\t<\/a>\n\t\t<\/h3>\n\t<\/div>\n\t<div class=\"sow-carousel-item\" tabindex=\"-1\" style=\"float: left;\">\n\t\t<div class=\"sow-carousel-thumbnail\">\n\t\t\t\t\t\t\t<a\n\t\t\t\t\thref=\"https:\/\/zamora-chinchipe.gob.ec\/website\/2026\/05\/05\/nacionalidad-shuar-de-kiim-contara-con-puente-peatonal-colgante\/\"\n\t\t\t\t\t\t\t\t\t\tstyle=\"background-image: url( https:\/\/zamora-chinchipe.gob.ec\/website\/wp-content\/uploads\/2026\/05\/fotos-2-436x272.jpeg )\"\n\t\t\t\t\taria-labelledby=\"sow-carousel-id-4907\"\n\t\t\t\t\ttabindex=\"-1\"\n\t\t\t\t>\n\t\t\t\t\t<span class=\"overlay\"><\/span>\n\t\t\t\t<\/a>\n\t\t\t\t\t<\/div>\n\t\t<h3 class=\"sow-carousel-item-title\">\n\t\t\t<a\n\t\t\t\thref=\"https:\/\/zamora-chinchipe.gob.ec\/website\/2026\/05\/05\/nacionalidad-shuar-de-kiim-contara-con-puente-peatonal-colgante\/\"\n\t\t\t\tid=\"sow-carousel-id-4907\"\n\t\t\t\t\t\t\t\ttabindex=\"-1\"\n\t\t\t>\n\n\t\t\t\tNacionalidad Shuar de Kiim contar\u00e1 con puente peatonal colgante\t\t\t<\/a>\n\t\t<\/h3>\n\t<\/div>\n\t<div class=\"sow-carousel-item\" tabindex=\"-1\" style=\"float: left;\">\n\t\t<div class=\"sow-carousel-thumbnail\">\n\t\t\t\t\t\t\t<a\n\t\t\t\t\thref=\"https:\/\/zamora-chinchipe.gob.ec\/website\/2026\/03\/30\/nuevo-puente-vehicular-inicia-en-yacuambi\/\"\n\t\t\t\t\t\t\t\t\t\tstyle=\"background-image: url( https:\/\/zamora-chinchipe.gob.ec\/website\/wp-content\/uploads\/2026\/03\/FOTO-6-1-436x272.jpg )\"\n\t\t\t\t\taria-labelledby=\"sow-carousel-id-4837\"\n\t\t\t\t\ttabindex=\"-1\"\n\t\t\t\t>\n\t\t\t\t\t<span class=\"overlay\"><\/span>\n\t\t\t\t<\/a>\n\t\t\t\t\t<\/div>\n\t\t<h3 class=\"sow-carousel-item-title\">\n\t\t\t<a\n\t\t\t\thref=\"https:\/\/zamora-chinchipe.gob.ec\/website\/2026\/03\/30\/nuevo-puente-vehicular-inicia-en-yacuambi\/\"\n\t\t\t\tid=\"sow-carousel-id-4837\"\n\t\t\t\t\t\t\t\ttabindex=\"-1\"\n\t\t\t>\n\n\t\t\t\tNuevo Puente Vehicular inicia en Yacuambi\t\t\t<\/a>\n\t\t<\/h3>\n\t<\/div>\n\t\t<\/div>\n\t\t\t<\/div>\n\n\t<\/div>\n\t\t<input type=\"hidden\" name=\"instance_hash\" value=\"9a593d98\"\/>\n\t<\/div>\n<\/div><\/div><\/div><\/div><\/div>","protected":false},"excerpt":{"rendered":"<p>\u00a1Descubre la provincia de Zamora Chinchipe y sum\u00e9rgete en su impresionante belleza natural! Desde imponentes monta\u00f1as hasta serenos r\u00edos, lagos cristalinos y majestuosas cascadas, este lugar tiene todo lo que necesitas para vivir una experiencia inolvidable. Adem\u00e1s, su abundante variedad de flora y fauna aut\u00f3ctona crea un ecosistema \u00fanico en su tipo, un tesoro natural [&hellip;]<\/p>\n","protected":false},"author":1,"featured_media":0,"parent":0,"menu_order":0,"comment_status":"closed","ping_status":"closed","template":"","meta":{"footnotes":""},"class_list":["post-95","page","type-page","status-publish","hentry","post"],"_links":{"self":[{"href":"https:\/\/zamora-chinchipe.gob.ec\/website\/wp-json\/wp\/v2\/pages\/95","targetHints":{"allow":["GET"]}}],"collection":[{"href":"https:\/\/zamora-chinchipe.gob.ec\/website\/wp-json\/wp\/v2\/pages"}],"about":[{"href":"https:\/\/zamora-chinchipe.gob.ec\/website\/wp-json\/wp\/v2\/types\/page"}],"author":[{"embeddable":true,"href":"https:\/\/zamora-chinchipe.gob.ec\/website\/wp-json\/wp\/v2\/users\/1"}],"replies":[{"embeddable":true,"href":"https:\/\/zamora-chinchipe.gob.ec\/website\/wp-json\/wp\/v2\/comments?post=95"}],"version-history":[{"count":33,"href":"https:\/\/zamora-chinchipe.gob.ec\/website\/wp-json\/wp\/v2\/pages\/95\/revisions"}],"predecessor-version":[{"id":1478,"href":"https:\/\/zamora-chinchipe.gob.ec\/website\/wp-json\/wp\/v2\/pages\/95\/revisions\/1478"}],"wp:attachment":[{"href":"https:\/\/zamora-chinchipe.gob.ec\/website\/wp-json\/wp\/v2\/media?parent=95"}],"curies":[{"name":"wp","href":"https:\/\/api.w.org\/{rel}","templated":true}]}}