{"id":93,"date":"2023-08-27T16:41:51","date_gmt":"2023-08-27T21:41:51","guid":{"rendered":"https:\/\/zamora-chinchipe.gob.ec\/website\/?page_id=93"},"modified":"2024-01-17T10:17:06","modified_gmt":"2024-01-17T15:17:06","slug":"turismo","status":"publish","type":"page","link":"https:\/\/zamora-chinchipe.gob.ec\/website\/turismo\/","title":{"rendered":"Turismo"},"content":{"rendered":"<div id=\"pl-gb93-69fb6045256ad\"  class=\"panel-layout\" ><div id=\"pg-gb93-69fb6045256ad-0\"  class=\"panel-grid panel-has-style\" ><div class=\"siteorigin-panels-stretch panel-row-style-full-width panel-row-style panel-row-style-for-gb93-69fb6045256ad-0\" data-stretch-type=\"full\" ><div id=\"pgc-gb93-69fb6045256ad-0-0\"  class=\"panel-grid-cell\" ><\/div><\/div><\/div><\/div>\n\n<p style=\"text-align: justify;\">Descubre la diversidad cultural de Zamora Chinchipe, una provincia que acoge a cuatro pueblos (Mestizo, Puruh\u00e1, Saraguro y Afroecuatoriano) y la Nacionalidad Shuar. Sum\u00e9rgete en una experiencia \u00fanica donde se entrelazan tradiciones milenarias y hospitalidad excepcional.<\/p>\n<p style=\"text-align: justify;\">La Unidad de Turismo, Pueblos y Nacionalidades de la Prefectura trabaja en el fortalecimiento de esta actividad en la provincia, buscando mejorar la infraestructura, promocionar los atractivos naturales y culturales, y fomentar la participaci\u00f3n activa de las comunidades locales en esta industria.<\/p>\n<p style=\"text-align: justify;\">Con estas acciones, la Prefectura de Zamora Chinchipe demuestra su compromiso con el turismo como motor de desarrollo, generando beneficios tanto para los habitantes locales como para los visitantes que exploran y disfrutan de la diversidad y belleza de esta provincia ecuatoriana.<\/p>\n\n<div id=\"pl-gb93-69fb604525b26\"  class=\"panel-layout\" ><div id=\"pg-gb93-69fb604525b26-0\"  class=\"panel-grid panel-no-style\" ><div id=\"pgc-gb93-69fb604525b26-0-0\"  class=\"panel-grid-cell\" ><div id=\"panel-gb93-69fb604525b26-0-0-0\" class=\"so-panel widget widget_sow-post-carousel panel-first-child panel-last-child\" data-index=\"0\" ><div\n\t\t\t\n\t\t\tclass=\"so-widget-sow-post-carousel so-widget-sow-post-carousel-base-f639a26ce8cf-93\"\n\t\t\t\n\t\t>\t<div\n\t\tclass=\"sow-post-carousel-wrapper sow-post-carousel-theme-base\"\n\t\tstyle=\"overflow: hidden; max-width: 100%; min-height: 272px\"\n\t>\n\t\t<div class=\"sow-carousel-title has-title\">\n\t<h3 class=\"widget-title\">Noticias<\/h3>\t\t<div class=\"sow-carousel-navigation \">\n\t\t\t\t\t\t<a href=\"#\" class=\"sow-carousel-next\" title=\"Siguiente\" aria-label=\"Entradas siguientes\" role=\"button\"><\/a>\n\t\t\t\t\t\t<a href=\"#\" class=\"sow-carousel-previous\" title=\"Anterior\" aria-label=\"Entradas anteriores\" role=\"button\"><\/a>\n\t\t\t\t\t<\/div>\n\t<\/div>\n\n<div class=\"sow-carousel-container \">\n\t\t<div class=\"sow-carousel-wrapper\"\n\t\tdata-dir=\"ltr\"\n\t\tstyle=\"opacity: 0;\"\n\t\tdata-widget=\"post\" data-fetching=\"false\" data-page=\"1\" data-ajax-url=\"https:\/\/zamora-chinchipe.gob.ec\/website\/wp-admin\/admin-ajax.php?_widgets_nonce=314f352086\" data-item_count=\"79\" data-carousel_settings=\"{&quot;loop&quot;:true,&quot;animation&quot;:&quot;ease&quot;,&quot;animation_speed&quot;:800,&quot;autoplay&quot;:false,&quot;pauseOnHover&quot;:false,&quot;autoplaySpeed&quot;:8000,&quot;item_overflow&quot;:true,&quot;autoplay_continuous_scroll&quot;:false}\" data-responsive=\"{&quot;desktop_slides_to_scroll&quot;:1,&quot;tablet_landscape_breakpoint&quot;:1366,&quot;tablet_landscape_slides_to_scroll&quot;:2,&quot;tablet_portrait_breakpoint&quot;:1025,&quot;tablet_portrait_slides_to_scroll&quot;:2,&quot;mobile_breakpoint&quot;:480,&quot;mobile_slides_to_scroll&quot;:1}\" data-variable_width=\"true\" \t>\n\t\t<div\n\t\t\tclass=\"sow-carousel-items\"\n\t\t\t\t\t>\n\t\t\t\t<div class=\"sow-carousel-item\" tabindex=\"-1\" style=\"float: left;\">\n\t\t<div class=\"sow-carousel-thumbnail\">\n\t\t\t\t\t\t\t<a\n\t\t\t\t\thref=\"https:\/\/zamora-chinchipe.gob.ec\/website\/2026\/05\/05\/artesanos-de-la-provincia-tendran-su-propia-casa-gracias-a-la-prefectura-de-zamora-chinchipe\/\"\n\t\t\t\t\t\t\t\t\t\tstyle=\"background-image: url( https:\/\/zamora-chinchipe.gob.ec\/website\/wp-content\/uploads\/2026\/05\/foto-8-436x272.jpeg )\"\n\t\t\t\t\taria-labelledby=\"sow-carousel-id-4916\"\n\t\t\t\t\ttabindex=\"-1\"\n\t\t\t\t>\n\t\t\t\t\t<span class=\"overlay\"><\/span>\n\t\t\t\t<\/a>\n\t\t\t\t\t<\/div>\n\t\t<h3 class=\"sow-carousel-item-title\">\n\t\t\t<a\n\t\t\t\thref=\"https:\/\/zamora-chinchipe.gob.ec\/website\/2026\/05\/05\/artesanos-de-la-provincia-tendran-su-propia-casa-gracias-a-la-prefectura-de-zamora-chinchipe\/\"\n\t\t\t\tid=\"sow-carousel-id-4916\"\n\t\t\t\t\t\t\t\ttabindex=\"-1\"\n\t\t\t>\n\n\t\t\t\tArtesanos tendr\u00e1n su propia casa, gracias a la Prefectura de Zamora Chinchipe\t\t\t<\/a>\n\t\t<\/h3>\n\t<\/div>\n\t<div class=\"sow-carousel-item\" tabindex=\"-1\" style=\"float: left;\">\n\t\t<div class=\"sow-carousel-thumbnail\">\n\t\t\t\t\t\t\t<a\n\t\t\t\t\thref=\"https:\/\/zamora-chinchipe.gob.ec\/website\/2026\/05\/05\/nacionalidad-shuar-de-kiim-contara-con-puente-peatonal-colgante\/\"\n\t\t\t\t\t\t\t\t\t\tstyle=\"background-image: url( https:\/\/zamora-chinchipe.gob.ec\/website\/wp-content\/uploads\/2026\/05\/fotos-2-436x272.jpeg )\"\n\t\t\t\t\taria-labelledby=\"sow-carousel-id-4907\"\n\t\t\t\t\ttabindex=\"-1\"\n\t\t\t\t>\n\t\t\t\t\t<span class=\"overlay\"><\/span>\n\t\t\t\t<\/a>\n\t\t\t\t\t<\/div>\n\t\t<h3 class=\"sow-carousel-item-title\">\n\t\t\t<a\n\t\t\t\thref=\"https:\/\/zamora-chinchipe.gob.ec\/website\/2026\/05\/05\/nacionalidad-shuar-de-kiim-contara-con-puente-peatonal-colgante\/\"\n\t\t\t\tid=\"sow-carousel-id-4907\"\n\t\t\t\t\t\t\t\ttabindex=\"-1\"\n\t\t\t>\n\n\t\t\t\tNacionalidad Shuar de Kiim contar\u00e1 con puente peatonal colgante\t\t\t<\/a>\n\t\t<\/h3>\n\t<\/div>\n\t<div class=\"sow-carousel-item\" tabindex=\"-1\" style=\"float: left;\">\n\t\t<div class=\"sow-carousel-thumbnail\">\n\t\t\t\t\t\t\t<a\n\t\t\t\t\thref=\"https:\/\/zamora-chinchipe.gob.ec\/website\/2026\/03\/30\/nuevo-puente-vehicular-inicia-en-yacuambi\/\"\n\t\t\t\t\t\t\t\t\t\tstyle=\"background-image: url( https:\/\/zamora-chinchipe.gob.ec\/website\/wp-content\/uploads\/2026\/03\/FOTO-6-1-436x272.jpg )\"\n\t\t\t\t\taria-labelledby=\"sow-carousel-id-4837\"\n\t\t\t\t\ttabindex=\"-1\"\n\t\t\t\t>\n\t\t\t\t\t<span class=\"overlay\"><\/span>\n\t\t\t\t<\/a>\n\t\t\t\t\t<\/div>\n\t\t<h3 class=\"sow-carousel-item-title\">\n\t\t\t<a\n\t\t\t\thref=\"https:\/\/zamora-chinchipe.gob.ec\/website\/2026\/03\/30\/nuevo-puente-vehicular-inicia-en-yacuambi\/\"\n\t\t\t\tid=\"sow-carousel-id-4837\"\n\t\t\t\t\t\t\t\ttabindex=\"-1\"\n\t\t\t>\n\n\t\t\t\tNuevo Puente Vehicular inicia en Yacuambi\t\t\t<\/a>\n\t\t<\/h3>\n\t<\/div>\n\t\t<\/div>\n\t\t\t<\/div>\n\n\t<\/div>\n\t\t<input type=\"hidden\" name=\"instance_hash\" value=\"2c162afe\"\/>\n\t<\/div>\n<\/div><\/div><\/div><\/div><\/div>","protected":false},"excerpt":{"rendered":"<p>Descubre la diversidad cultural de Zamora Chinchipe, una provincia que acoge a cuatro pueblos (Mestizo, Puruh\u00e1, Saraguro y Afroecuatoriano) y la Nacionalidad Shuar. Sum\u00e9rgete en una experiencia \u00fanica donde se entrelazan tradiciones milenarias y hospitalidad excepcional. La Unidad de Turismo, Pueblos y Nacionalidades de la Prefectura trabaja en el fortalecimiento de esta actividad en la [&hellip;]<\/p>\n","protected":false},"author":1,"featured_media":0,"parent":0,"menu_order":0,"comment_status":"closed","ping_status":"closed","template":"","meta":{"footnotes":""},"class_list":["post-93","page","type-page","status-publish","hentry","post"],"_links":{"self":[{"href":"https:\/\/zamora-chinchipe.gob.ec\/website\/wp-json\/wp\/v2\/pages\/93","targetHints":{"allow":["GET"]}}],"collection":[{"href":"https:\/\/zamora-chinchipe.gob.ec\/website\/wp-json\/wp\/v2\/pages"}],"about":[{"href":"https:\/\/zamora-chinchipe.gob.ec\/website\/wp-json\/wp\/v2\/types\/page"}],"author":[{"embeddable":true,"href":"https:\/\/zamora-chinchipe.gob.ec\/website\/wp-json\/wp\/v2\/users\/1"}],"replies":[{"embeddable":true,"href":"https:\/\/zamora-chinchipe.gob.ec\/website\/wp-json\/wp\/v2\/comments?post=93"}],"version-history":[{"count":23,"href":"https:\/\/zamora-chinchipe.gob.ec\/website\/wp-json\/wp\/v2\/pages\/93\/revisions"}],"predecessor-version":[{"id":1690,"href":"https:\/\/zamora-chinchipe.gob.ec\/website\/wp-json\/wp\/v2\/pages\/93\/revisions\/1690"}],"wp:attachment":[{"href":"https:\/\/zamora-chinchipe.gob.ec\/website\/wp-json\/wp\/v2\/media?parent=93"}],"curies":[{"name":"wp","href":"https:\/\/api.w.org\/{rel}","templated":true}]}}