{"id":91,"date":"2023-08-27T16:41:39","date_gmt":"2023-08-27T21:41:39","guid":{"rendered":"https:\/\/zamora-chinchipe.gob.ec\/website\/?page_id=91"},"modified":"2024-01-10T15:55:44","modified_gmt":"2024-01-10T20:55:44","slug":"gestion-social","status":"publish","type":"page","link":"https:\/\/zamora-chinchipe.gob.ec\/website\/gestion-social\/","title":{"rendered":"Gesti\u00f3n Social"},"content":{"rendered":"<div id=\"pl-gb91-69fb5fc58d916\"  class=\"panel-layout\" ><div id=\"pg-gb91-69fb5fc58d916-0\"  class=\"panel-grid panel-has-style\" ><div class=\"so-parallax siteorigin-panels-stretch panel-row-style-full-width panel-row-style panel-row-style-for-gb91-69fb5fc58d916-0\" data-stretch-type=\"full\" ><img fetchpriority=\"high\" width=\"1400\" height=\"240\" src=\"https:\/\/zamora-chinchipe.gob.ec\/website\/wp-content\/uploads\/2023\/09\/gestionSocial.jpg\" class=\"attachment-full size-full\" alt=\"\" data-siteorigin-parallax=\"true\" loading=\"eager\" srcset=\"https:\/\/zamora-chinchipe.gob.ec\/website\/wp-content\/uploads\/2023\/09\/gestionSocial.jpg 1400w, https:\/\/zamora-chinchipe.gob.ec\/website\/wp-content\/uploads\/2023\/09\/gestionSocial-300x51.jpg 300w, https:\/\/zamora-chinchipe.gob.ec\/website\/wp-content\/uploads\/2023\/09\/gestionSocial-1024x176.jpg 1024w, https:\/\/zamora-chinchipe.gob.ec\/website\/wp-content\/uploads\/2023\/09\/gestionSocial-768x132.jpg 768w\" sizes=\"(max-width: 1400px) 100vw, 1400px\" \/><div id=\"pgc-gb91-69fb5fc58d916-0-0\"  class=\"panel-grid-cell\" ><div id=\"panel-gb91-69fb5fc58d916-0-0-0\" class=\"widget_text so-panel widget widget_custom_html panel-first-child panel-last-child\" data-index=\"0\" ><div class=\"textwidget custom-html-widget\"><div class=\"espacioServicios\"><\/div>\n<h2 class=\"centrado blanco\">\n\tGESTI\u00d3N SOCIAL\n<\/h2>\n<div class=\"espacioServicios\"><\/div><\/div><\/div><\/div><\/div><\/div><\/div>\n\n<p style=\"text-align: justify;\">El bienestar de los habitantes es considerado una prioridad por parte de la presente administraci\u00f3n. A trav\u00e9s del departamento de gesti\u00f3n social, se brinda atenci\u00f3n a personas con capacidades diferentes, aquellos cuyos derechos han sido vulnerados, entre otros. Estos grupos son atendidos mediante convenios establecidos con otras instituciones como el Ministerio de Inclusi\u00f3n Econ\u00f3mica y Social y la Junta Cantonal, entre otras.<\/p>\n<p style=\"text-align: justify;\">Asimismo, la presente administraci\u00f3n muestra preocupaci\u00f3n por el desarrollo de los pueblos y nacionalidades en la provincia, y busca contribuir a que sus comunidades se conviertan en ejes de desarrollo dentro de su cultura y fuera de ella. Se promueve la participaci\u00f3n activa y el empoderamiento de estas poblaciones, con el objetivo de fomentar su crecimiento y bienestar.<\/p>\n\n<div id=\"pl-gb91-69fb5fc58dea9\"  class=\"panel-layout\" ><div id=\"pg-gb91-69fb5fc58dea9-0\"  class=\"panel-grid panel-no-style\" ><div id=\"pgc-gb91-69fb5fc58dea9-0-0\"  class=\"panel-grid-cell\" ><div id=\"panel-gb91-69fb5fc58dea9-0-0-0\" class=\"so-panel widget widget_sow-post-carousel panel-first-child\" data-index=\"0\" ><div\n\t\t\t\n\t\t\tclass=\"so-widget-sow-post-carousel so-widget-sow-post-carousel-base-f639a26ce8cf-91\"\n\t\t\t\n\t\t>\t<div\n\t\tclass=\"sow-post-carousel-wrapper sow-post-carousel-theme-base\"\n\t\tstyle=\"overflow: hidden; max-width: 100%; min-height: 272px\"\n\t>\n\t\t<div class=\"sow-carousel-title has-title\">\n\t<h3 class=\"widget-title\">Noticias<\/h3>\t\t<div class=\"sow-carousel-navigation \">\n\t\t\t\t\t\t<a href=\"#\" class=\"sow-carousel-next\" title=\"Siguiente\" aria-label=\"Entradas siguientes\" role=\"button\"><\/a>\n\t\t\t\t\t\t<a href=\"#\" class=\"sow-carousel-previous\" title=\"Anterior\" aria-label=\"Entradas anteriores\" role=\"button\"><\/a>\n\t\t\t\t\t<\/div>\n\t<\/div>\n\n<div class=\"sow-carousel-container \">\n\t\t<div class=\"sow-carousel-wrapper\"\n\t\tdata-dir=\"ltr\"\n\t\tstyle=\"opacity: 0;\"\n\t\tdata-widget=\"post\" data-fetching=\"false\" data-page=\"1\" data-ajax-url=\"https:\/\/zamora-chinchipe.gob.ec\/website\/wp-admin\/admin-ajax.php?_widgets_nonce=314f352086\" data-item_count=\"63\" data-carousel_settings=\"{&quot;loop&quot;:true,&quot;animation&quot;:&quot;ease&quot;,&quot;animation_speed&quot;:800,&quot;autoplay&quot;:false,&quot;pauseOnHover&quot;:false,&quot;autoplaySpeed&quot;:8000,&quot;item_overflow&quot;:true,&quot;autoplay_continuous_scroll&quot;:false}\" data-responsive=\"{&quot;desktop_slides_to_scroll&quot;:1,&quot;tablet_landscape_breakpoint&quot;:1366,&quot;tablet_landscape_slides_to_scroll&quot;:2,&quot;tablet_portrait_breakpoint&quot;:1025,&quot;tablet_portrait_slides_to_scroll&quot;:2,&quot;mobile_breakpoint&quot;:480,&quot;mobile_slides_to_scroll&quot;:1}\" data-variable_width=\"true\" \t>\n\t\t<div\n\t\t\tclass=\"sow-carousel-items\"\n\t\t\t\t\t>\n\t\t\t\t<div class=\"sow-carousel-item\" tabindex=\"-1\" style=\"float: left;\">\n\t\t<div class=\"sow-carousel-thumbnail\">\n\t\t\t\t\t\t\t<a\n\t\t\t\t\thref=\"https:\/\/zamora-chinchipe.gob.ec\/website\/2026\/05\/05\/artesanos-de-la-provincia-tendran-su-propia-casa-gracias-a-la-prefectura-de-zamora-chinchipe\/\"\n\t\t\t\t\t\t\t\t\t\tstyle=\"background-image: url( https:\/\/zamora-chinchipe.gob.ec\/website\/wp-content\/uploads\/2026\/05\/foto-8-436x272.jpeg )\"\n\t\t\t\t\taria-labelledby=\"sow-carousel-id-4916\"\n\t\t\t\t\ttabindex=\"-1\"\n\t\t\t\t>\n\t\t\t\t\t<span class=\"overlay\"><\/span>\n\t\t\t\t<\/a>\n\t\t\t\t\t<\/div>\n\t\t<h3 class=\"sow-carousel-item-title\">\n\t\t\t<a\n\t\t\t\thref=\"https:\/\/zamora-chinchipe.gob.ec\/website\/2026\/05\/05\/artesanos-de-la-provincia-tendran-su-propia-casa-gracias-a-la-prefectura-de-zamora-chinchipe\/\"\n\t\t\t\tid=\"sow-carousel-id-4916\"\n\t\t\t\t\t\t\t\ttabindex=\"-1\"\n\t\t\t>\n\n\t\t\t\tArtesanos tendr\u00e1n su propia casa, gracias a la Prefectura de Zamora Chinchipe\t\t\t<\/a>\n\t\t<\/h3>\n\t<\/div>\n\t<div class=\"sow-carousel-item\" tabindex=\"-1\" style=\"float: left;\">\n\t\t<div class=\"sow-carousel-thumbnail\">\n\t\t\t\t\t\t\t<a\n\t\t\t\t\thref=\"https:\/\/zamora-chinchipe.gob.ec\/website\/2026\/04\/15\/convenio-a-favor-de-los-afiliados-del-seguro-social-campesino-de-isimanchi-y-el-tablon\/\"\n\t\t\t\t\t\t\t\t\t\tstyle=\"background-image: url( https:\/\/zamora-chinchipe.gob.ec\/website\/wp-content\/uploads\/2026\/04\/FOTO-1-436x272.jpg )\"\n\t\t\t\t\taria-labelledby=\"sow-carousel-id-4856\"\n\t\t\t\t\ttabindex=\"-1\"\n\t\t\t\t>\n\t\t\t\t\t<span class=\"overlay\"><\/span>\n\t\t\t\t<\/a>\n\t\t\t\t\t<\/div>\n\t\t<h3 class=\"sow-carousel-item-title\">\n\t\t\t<a\n\t\t\t\thref=\"https:\/\/zamora-chinchipe.gob.ec\/website\/2026\/04\/15\/convenio-a-favor-de-los-afiliados-del-seguro-social-campesino-de-isimanchi-y-el-tablon\/\"\n\t\t\t\tid=\"sow-carousel-id-4856\"\n\t\t\t\t\t\t\t\ttabindex=\"-1\"\n\t\t\t>\n\n\t\t\t\tConvenio a favor de los afiliados del Seguro Social Campesino de Isimanchi y El Tabl\u00f3n\t\t\t<\/a>\n\t\t<\/h3>\n\t<\/div>\n\t<div class=\"sow-carousel-item\" tabindex=\"-1\" style=\"float: left;\">\n\t\t<div class=\"sow-carousel-thumbnail\">\n\t\t\t\t\t\t\t<a\n\t\t\t\t\thref=\"https:\/\/zamora-chinchipe.gob.ec\/website\/2026\/02\/26\/apoyo-historico-al-seguro-social-campesino-fortalece-la-salud-rural-en-piuntza\/\"\n\t\t\t\t\t\t\t\t\t\tstyle=\"background-image: url( https:\/\/zamora-chinchipe.gob.ec\/website\/wp-content\/uploads\/2026\/02\/fotos-1-2-436x272.jpg )\"\n\t\t\t\t\taria-labelledby=\"sow-carousel-id-4757\"\n\t\t\t\t\ttabindex=\"-1\"\n\t\t\t\t>\n\t\t\t\t\t<span class=\"overlay\"><\/span>\n\t\t\t\t<\/a>\n\t\t\t\t\t<\/div>\n\t\t<h3 class=\"sow-carousel-item-title\">\n\t\t\t<a\n\t\t\t\thref=\"https:\/\/zamora-chinchipe.gob.ec\/website\/2026\/02\/26\/apoyo-historico-al-seguro-social-campesino-fortalece-la-salud-rural-en-piuntza\/\"\n\t\t\t\tid=\"sow-carousel-id-4757\"\n\t\t\t\t\t\t\t\ttabindex=\"-1\"\n\t\t\t>\n\n\t\t\t\tApoyo hist\u00f3rico al Seguro Social Campesino fortalece la salud rural en Piuntza\t\t\t<\/a>\n\t\t<\/h3>\n\t<\/div>\n\t\t<\/div>\n\t\t\t<\/div>\n\n\t<\/div>\n\t\t<input type=\"hidden\" name=\"instance_hash\" value=\"6ba6fdbb\"\/>\n\t<\/div>\n<\/div><\/div><div id=\"panel-gb91-69fb5fc58dea9-0-0-1\" class=\"so-panel widget widget_sow-post-carousel panel-last-child\" data-index=\"1\" ><div\n\t\t\t\n\t\t\tclass=\"so-widget-sow-post-carousel so-widget-sow-post-carousel-base-f639a26ce8cf-4757\"\n\t\t\t\n\t\t>\t<div\n\t\tclass=\"sow-post-carousel-wrapper sow-post-carousel-theme-base\"\n\t\tstyle=\"overflow: hidden; max-width: 100%; min-height: 272px\"\n\t>\n\t\t<div class=\"sow-carousel-title\">\n\t\t\t<div class=\"sow-carousel-navigation \">\n\t\t\t\t\t\t<a href=\"#\" class=\"sow-carousel-next\" title=\"Siguiente\" aria-label=\"Entradas siguientes\" role=\"button\"><\/a>\n\t\t\t\t\t\t<a href=\"#\" class=\"sow-carousel-previous\" title=\"Anterior\" aria-label=\"Entradas anteriores\" role=\"button\"><\/a>\n\t\t\t\t\t<\/div>\n\t<\/div>\n\n<div class=\"sow-carousel-container \">\n\t\t<div class=\"sow-carousel-wrapper\"\n\t\tdata-dir=\"ltr\"\n\t\tstyle=\"opacity: 0;\"\n\t\tdata-widget=\"post\" data-fetching=\"false\" data-page=\"1\" data-ajax-url=\"https:\/\/zamora-chinchipe.gob.ec\/website\/wp-admin\/admin-ajax.php?_widgets_nonce=314f352086\" data-item_count=\"79\" data-carousel_settings=\"{&quot;loop&quot;:true,&quot;animation&quot;:&quot;ease&quot;,&quot;animation_speed&quot;:800,&quot;autoplay&quot;:false,&quot;pauseOnHover&quot;:false,&quot;autoplaySpeed&quot;:8000,&quot;item_overflow&quot;:true,&quot;autoplay_continuous_scroll&quot;:false}\" data-responsive=\"{&quot;desktop_slides_to_scroll&quot;:1,&quot;tablet_landscape_breakpoint&quot;:1366,&quot;tablet_landscape_slides_to_scroll&quot;:2,&quot;tablet_portrait_breakpoint&quot;:1025,&quot;tablet_portrait_slides_to_scroll&quot;:2,&quot;mobile_breakpoint&quot;:480,&quot;mobile_slides_to_scroll&quot;:1}\" data-variable_width=\"true\" \t>\n\t\t<div\n\t\t\tclass=\"sow-carousel-items\"\n\t\t\t\t\t>\n\t\t\t\t<div class=\"sow-carousel-item\" tabindex=\"-1\" style=\"float: left;\">\n\t\t<div class=\"sow-carousel-thumbnail\">\n\t\t\t\t\t\t\t<a\n\t\t\t\t\thref=\"https:\/\/zamora-chinchipe.gob.ec\/website\/2026\/05\/05\/artesanos-de-la-provincia-tendran-su-propia-casa-gracias-a-la-prefectura-de-zamora-chinchipe\/\"\n\t\t\t\t\t\t\t\t\t\tstyle=\"background-image: url( https:\/\/zamora-chinchipe.gob.ec\/website\/wp-content\/uploads\/2026\/05\/foto-8-436x272.jpeg )\"\n\t\t\t\t\taria-labelledby=\"sow-carousel-id-4916\"\n\t\t\t\t\ttabindex=\"-1\"\n\t\t\t\t>\n\t\t\t\t\t<span class=\"overlay\"><\/span>\n\t\t\t\t<\/a>\n\t\t\t\t\t<\/div>\n\t\t<h3 class=\"sow-carousel-item-title\">\n\t\t\t<a\n\t\t\t\thref=\"https:\/\/zamora-chinchipe.gob.ec\/website\/2026\/05\/05\/artesanos-de-la-provincia-tendran-su-propia-casa-gracias-a-la-prefectura-de-zamora-chinchipe\/\"\n\t\t\t\tid=\"sow-carousel-id-4916\"\n\t\t\t\t\t\t\t\ttabindex=\"-1\"\n\t\t\t>\n\n\t\t\t\tArtesanos tendr\u00e1n su propia casa, gracias a la Prefectura de Zamora Chinchipe\t\t\t<\/a>\n\t\t<\/h3>\n\t<\/div>\n\t<div class=\"sow-carousel-item\" tabindex=\"-1\" style=\"float: left;\">\n\t\t<div class=\"sow-carousel-thumbnail\">\n\t\t\t\t\t\t\t<a\n\t\t\t\t\thref=\"https:\/\/zamora-chinchipe.gob.ec\/website\/2026\/05\/05\/nacionalidad-shuar-de-kiim-contara-con-puente-peatonal-colgante\/\"\n\t\t\t\t\t\t\t\t\t\tstyle=\"background-image: url( https:\/\/zamora-chinchipe.gob.ec\/website\/wp-content\/uploads\/2026\/05\/fotos-2-436x272.jpeg )\"\n\t\t\t\t\taria-labelledby=\"sow-carousel-id-4907\"\n\t\t\t\t\ttabindex=\"-1\"\n\t\t\t\t>\n\t\t\t\t\t<span class=\"overlay\"><\/span>\n\t\t\t\t<\/a>\n\t\t\t\t\t<\/div>\n\t\t<h3 class=\"sow-carousel-item-title\">\n\t\t\t<a\n\t\t\t\thref=\"https:\/\/zamora-chinchipe.gob.ec\/website\/2026\/05\/05\/nacionalidad-shuar-de-kiim-contara-con-puente-peatonal-colgante\/\"\n\t\t\t\tid=\"sow-carousel-id-4907\"\n\t\t\t\t\t\t\t\ttabindex=\"-1\"\n\t\t\t>\n\n\t\t\t\tNacionalidad Shuar de Kiim contar\u00e1 con puente peatonal colgante\t\t\t<\/a>\n\t\t<\/h3>\n\t<\/div>\n\t<div class=\"sow-carousel-item\" tabindex=\"-1\" style=\"float: left;\">\n\t\t<div class=\"sow-carousel-thumbnail\">\n\t\t\t\t\t\t\t<a\n\t\t\t\t\thref=\"https:\/\/zamora-chinchipe.gob.ec\/website\/2026\/03\/30\/nuevo-puente-vehicular-inicia-en-yacuambi\/\"\n\t\t\t\t\t\t\t\t\t\tstyle=\"background-image: url( https:\/\/zamora-chinchipe.gob.ec\/website\/wp-content\/uploads\/2026\/03\/FOTO-6-1-436x272.jpg )\"\n\t\t\t\t\taria-labelledby=\"sow-carousel-id-4837\"\n\t\t\t\t\ttabindex=\"-1\"\n\t\t\t\t>\n\t\t\t\t\t<span class=\"overlay\"><\/span>\n\t\t\t\t<\/a>\n\t\t\t\t\t<\/div>\n\t\t<h3 class=\"sow-carousel-item-title\">\n\t\t\t<a\n\t\t\t\thref=\"https:\/\/zamora-chinchipe.gob.ec\/website\/2026\/03\/30\/nuevo-puente-vehicular-inicia-en-yacuambi\/\"\n\t\t\t\tid=\"sow-carousel-id-4837\"\n\t\t\t\t\t\t\t\ttabindex=\"-1\"\n\t\t\t>\n\n\t\t\t\tNuevo Puente Vehicular inicia en Yacuambi\t\t\t<\/a>\n\t\t<\/h3>\n\t<\/div>\n\t\t<\/div>\n\t\t\t<\/div>\n\n\t<\/div>\n\t\t<input type=\"hidden\" name=\"instance_hash\" value=\"48cca9bf\"\/>\n\t<\/div>\n<\/div><\/div><\/div><\/div><\/div>","protected":false},"excerpt":{"rendered":"<p>El bienestar de los habitantes es considerado una prioridad por parte de la presente administraci\u00f3n. A trav\u00e9s del departamento de gesti\u00f3n social, se brinda atenci\u00f3n a personas con capacidades diferentes, aquellos cuyos derechos han sido vulnerados, entre otros. Estos grupos son atendidos mediante convenios establecidos con otras instituciones como el Ministerio de Inclusi\u00f3n Econ\u00f3mica y [&hellip;]<\/p>\n","protected":false},"author":1,"featured_media":0,"parent":0,"menu_order":0,"comment_status":"closed","ping_status":"closed","template":"","meta":{"footnotes":""},"class_list":["post-91","page","type-page","status-publish","hentry","post"],"_links":{"self":[{"href":"https:\/\/zamora-chinchipe.gob.ec\/website\/wp-json\/wp\/v2\/pages\/91","targetHints":{"allow":["GET"]}}],"collection":[{"href":"https:\/\/zamora-chinchipe.gob.ec\/website\/wp-json\/wp\/v2\/pages"}],"about":[{"href":"https:\/\/zamora-chinchipe.gob.ec\/website\/wp-json\/wp\/v2\/types\/page"}],"author":[{"embeddable":true,"href":"https:\/\/zamora-chinchipe.gob.ec\/website\/wp-json\/wp\/v2\/users\/1"}],"replies":[{"embeddable":true,"href":"https:\/\/zamora-chinchipe.gob.ec\/website\/wp-json\/wp\/v2\/comments?post=91"}],"version-history":[{"count":12,"href":"https:\/\/zamora-chinchipe.gob.ec\/website\/wp-json\/wp\/v2\/pages\/91\/revisions"}],"predecessor-version":[{"id":1479,"href":"https:\/\/zamora-chinchipe.gob.ec\/website\/wp-json\/wp\/v2\/pages\/91\/revisions\/1479"}],"wp:attachment":[{"href":"https:\/\/zamora-chinchipe.gob.ec\/website\/wp-json\/wp\/v2\/media?parent=91"}],"curies":[{"name":"wp","href":"https:\/\/api.w.org\/{rel}","templated":true}]}}