{"id":89,"date":"2023-08-27T16:41:25","date_gmt":"2023-08-27T21:41:25","guid":{"rendered":"https:\/\/zamora-chinchipe.gob.ec\/website\/?page_id=89"},"modified":"2024-01-10T15:56:01","modified_gmt":"2024-01-10T20:56:01","slug":"produccion","status":"publish","type":"page","link":"https:\/\/zamora-chinchipe.gob.ec\/website\/produccion\/","title":{"rendered":"Producci\u00f3n"},"content":{"rendered":"<div id=\"pl-gb89-69fb602db367f\"  class=\"panel-layout\" ><div id=\"pg-gb89-69fb602db367f-0\"  class=\"panel-grid panel-has-style\" ><div class=\"so-parallax siteorigin-panels-stretch panel-row-style-full-width panel-row-style panel-row-style-for-gb89-69fb602db367f-0\" data-stretch-type=\"full\" ><img fetchpriority=\"high\" width=\"1400\" height=\"240\" src=\"https:\/\/zamora-chinchipe.gob.ec\/website\/wp-content\/uploads\/2023\/09\/produccionHeader.jpg\" class=\"attachment-full size-full\" alt=\"\" data-siteorigin-parallax=\"true\" loading=\"eager\" srcset=\"https:\/\/zamora-chinchipe.gob.ec\/website\/wp-content\/uploads\/2023\/09\/produccionHeader.jpg 1400w, https:\/\/zamora-chinchipe.gob.ec\/website\/wp-content\/uploads\/2023\/09\/produccionHeader-300x51.jpg 300w, https:\/\/zamora-chinchipe.gob.ec\/website\/wp-content\/uploads\/2023\/09\/produccionHeader-1024x176.jpg 1024w, https:\/\/zamora-chinchipe.gob.ec\/website\/wp-content\/uploads\/2023\/09\/produccionHeader-768x132.jpg 768w\" sizes=\"(max-width: 1400px) 100vw, 1400px\" \/><div id=\"pgc-gb89-69fb602db367f-0-0\"  class=\"panel-grid-cell\" ><div id=\"panel-gb89-69fb602db367f-0-0-0\" class=\"widget_text so-panel widget widget_custom_html panel-first-child panel-last-child\" data-index=\"0\" ><div class=\"textwidget custom-html-widget\"><div class=\"espacioServicios\"><\/div>\n<h2 class=\"centrado blanco\">\n\tPRODUCCI\u00d3N\n<\/h2>\n<div class=\"espacioServicios\"><\/div><\/div><\/div><\/div><\/div><\/div><\/div>\n\n<p style=\"text-align: justify;\">\u00a1Descubre la pr\u00f3spera tierra de Zamora Chinchipe y su extraordinaria diversidad productiva! Nuestros nueve cantones son reconocidos por su destacada producci\u00f3n agr\u00edcola y ganadera. Aqu\u00ed, el ganado bovino, los porcinos y las aves de corral prosperan en armon\u00eda. Cultivamos una amplia variedad de productos agr\u00edcolas, desde el sabroso pl\u00e1tano y la yuca hasta las frescas hortalizas, verduras y frutas de todas las variedades imaginables. Adem\u00e1s que, nuestro cacao y caf\u00e9 han dado la vuelta al mundo haciendo que crezca el reconocimiento de la provincia.<\/p>\n<p style=\"text-align: justify;\">El Gobierno aut\u00f3nomo de Zamora Chinchipe, a trav\u00e9s de AGROZACHIN nuestra empresa p\u00fablica, impulsa la producci\u00f3n agr\u00edcola para asegurar nuestra soberan\u00eda alimentaria y satisfacer la demanda provincial y nacional.<\/p>\n<p style=\"text-align: justify;\">Con esta diversidad productiva y AGROZACHIN, Zamora Chinchipe se posiciona como una provincia de gran potencial agr\u00edcola. Tenemos la capacidad de abastecer tanto al mercado interno como a la demanda nacional, fortaleciendo as\u00ed nuestra econom\u00eda y promoviendo un desarrollo sostenible. Te invitamos a recorrer este sitio web y s\u00e9 testigo de c\u00f3mo nuestra tierra f\u00e9rtil y nuestras manos trabajadoras transforman los alimentos en un motor de crecimiento y prosperidad. \u00a1Bienvenido a la abundancia de Zamora Chinchipe!<\/p>\n\n<div id=\"pl-gb89-69fb602db3d50\"  class=\"panel-layout\" ><div id=\"pg-gb89-69fb602db3d50-0\"  class=\"panel-grid panel-no-style\" ><div id=\"pgc-gb89-69fb602db3d50-0-0\"  class=\"panel-grid-cell\" ><div id=\"panel-gb89-69fb602db3d50-0-0-0\" class=\"so-panel widget widget_sow-post-carousel panel-first-child\" data-index=\"0\" ><div\n\t\t\t\n\t\t\tclass=\"so-widget-sow-post-carousel so-widget-sow-post-carousel-base-f639a26ce8cf-89\"\n\t\t\t\n\t\t>\t<div\n\t\tclass=\"sow-post-carousel-wrapper sow-post-carousel-theme-base\"\n\t\tstyle=\"overflow: hidden; max-width: 100%; min-height: 272px\"\n\t>\n\t\t<div class=\"sow-carousel-title has-title\">\n\t<h3 class=\"widget-title\">Noticias<\/h3>\t\t<div class=\"sow-carousel-navigation \">\n\t\t\t\t\t\t<a href=\"#\" class=\"sow-carousel-next\" title=\"Siguiente\" aria-label=\"Entradas siguientes\" role=\"button\"><\/a>\n\t\t\t\t\t\t<a href=\"#\" class=\"sow-carousel-previous\" title=\"Anterior\" aria-label=\"Entradas anteriores\" role=\"button\"><\/a>\n\t\t\t\t\t<\/div>\n\t<\/div>\n\n<div class=\"sow-carousel-container \">\n\t\t<div class=\"sow-carousel-wrapper\"\n\t\tdata-dir=\"ltr\"\n\t\tstyle=\"opacity: 0;\"\n\t\tdata-widget=\"post\" data-fetching=\"false\" data-page=\"1\" data-ajax-url=\"https:\/\/zamora-chinchipe.gob.ec\/website\/wp-admin\/admin-ajax.php?_widgets_nonce=314f352086\" data-item_count=\"102\" data-carousel_settings=\"{&quot;loop&quot;:true,&quot;animation&quot;:&quot;ease&quot;,&quot;animation_speed&quot;:800,&quot;autoplay&quot;:false,&quot;pauseOnHover&quot;:false,&quot;autoplaySpeed&quot;:8000,&quot;item_overflow&quot;:true,&quot;autoplay_continuous_scroll&quot;:false}\" data-responsive=\"{&quot;desktop_slides_to_scroll&quot;:1,&quot;tablet_landscape_breakpoint&quot;:1366,&quot;tablet_landscape_slides_to_scroll&quot;:2,&quot;tablet_portrait_breakpoint&quot;:1025,&quot;tablet_portrait_slides_to_scroll&quot;:2,&quot;mobile_breakpoint&quot;:480,&quot;mobile_slides_to_scroll&quot;:1}\" data-variable_width=\"true\" \t>\n\t\t<div\n\t\t\tclass=\"sow-carousel-items\"\n\t\t\t\t\t>\n\t\t\t\t<div class=\"sow-carousel-item\" tabindex=\"-1\" style=\"float: left;\">\n\t\t<div class=\"sow-carousel-thumbnail\">\n\t\t\t\t\t\t\t<a\n\t\t\t\t\thref=\"https:\/\/zamora-chinchipe.gob.ec\/website\/2023\/09\/01\/lanzamiento-del-nuevo-portal-de-la-prefectura-de-zamora-chinchipe\/\"\n\t\t\t\t\t\t\t\t\t\tstyle=\"background-image: url( https:\/\/zamora-chinchipe.gob.ec\/website\/wp-content\/uploads\/2023\/09\/FOTOS-1-4-436x272.jpg )\"\n\t\t\t\t\taria-labelledby=\"sow-carousel-id-390\"\n\t\t\t\t\ttabindex=\"-1\"\n\t\t\t\t>\n\t\t\t\t\t<span class=\"overlay\"><\/span>\n\t\t\t\t<\/a>\n\t\t\t\t\t<\/div>\n\t\t<h3 class=\"sow-carousel-item-title\">\n\t\t\t<a\n\t\t\t\thref=\"https:\/\/zamora-chinchipe.gob.ec\/website\/2023\/09\/01\/lanzamiento-del-nuevo-portal-de-la-prefectura-de-zamora-chinchipe\/\"\n\t\t\t\tid=\"sow-carousel-id-390\"\n\t\t\t\t\t\t\t\ttabindex=\"-1\"\n\t\t\t>\n\n\t\t\t\tFeria Provincial \u201cZamora Chinchipe origen del cacao\u201d culmin\u00f3 en El Pangui\t\t\t<\/a>\n\t\t<\/h3>\n\t<\/div>\n\t<div class=\"sow-carousel-item\" tabindex=\"-1\" style=\"float: left;\">\n\t\t<div class=\"sow-carousel-thumbnail\">\n\t\t\t\t\t\t\t<a\n\t\t\t\t\thref=\"https:\/\/zamora-chinchipe.gob.ec\/website\/2023\/09\/07\/sesion-itinerante-de-consejo-provincial-se-realizo-en-zumba\/\"\n\t\t\t\t\t\t\t\t\t\tstyle=\"background-image: url( https:\/\/zamora-chinchipe.gob.ec\/website\/wp-content\/uploads\/2023\/09\/fotos-4-4-436x272.jpg )\"\n\t\t\t\t\taria-labelledby=\"sow-carousel-id-610\"\n\t\t\t\t\ttabindex=\"-1\"\n\t\t\t\t>\n\t\t\t\t\t<span class=\"overlay\"><\/span>\n\t\t\t\t<\/a>\n\t\t\t\t\t<\/div>\n\t\t<h3 class=\"sow-carousel-item-title\">\n\t\t\t<a\n\t\t\t\thref=\"https:\/\/zamora-chinchipe.gob.ec\/website\/2023\/09\/07\/sesion-itinerante-de-consejo-provincial-se-realizo-en-zumba\/\"\n\t\t\t\tid=\"sow-carousel-id-610\"\n\t\t\t\t\t\t\t\ttabindex=\"-1\"\n\t\t\t>\n\n\t\t\t\tConoce la historia de Eduardo Minga, mejor finca de cacao nacional fino de aroma 2023\t\t\t<\/a>\n\t\t<\/h3>\n\t<\/div>\n\t<div class=\"sow-carousel-item\" tabindex=\"-1\" style=\"float: left;\">\n\t\t<div class=\"sow-carousel-thumbnail\">\n\t\t\t\t\t\t\t<a\n\t\t\t\t\thref=\"https:\/\/zamora-chinchipe.gob.ec\/website\/2023\/09\/25\/prueba\/\"\n\t\t\t\t\t\t\t\t\t\tstyle=\"background-image: url( https:\/\/zamora-chinchipe.gob.ec\/website\/wp-content\/uploads\/2023\/09\/20191108_150600-436x272.jpg )\"\n\t\t\t\t\taria-labelledby=\"sow-carousel-id-1048\"\n\t\t\t\t\ttabindex=\"-1\"\n\t\t\t\t>\n\t\t\t\t\t<span class=\"overlay\"><\/span>\n\t\t\t\t<\/a>\n\t\t\t\t\t<\/div>\n\t\t<h3 class=\"sow-carousel-item-title\">\n\t\t\t<a\n\t\t\t\thref=\"https:\/\/zamora-chinchipe.gob.ec\/website\/2023\/09\/25\/prueba\/\"\n\t\t\t\tid=\"sow-carousel-id-1048\"\n\t\t\t\t\t\t\t\ttabindex=\"-1\"\n\t\t\t>\n\n\t\t\t\tDrenaje de fincas apoyo directo al productor de Zamora Chinchipe\t\t\t<\/a>\n\t\t<\/h3>\n\t<\/div>\n\t\t<\/div>\n\t\t\t<\/div>\n\n\t<\/div>\n\t\t<input type=\"hidden\" name=\"instance_hash\" value=\"1e00ead1\"\/>\n\t<\/div>\n<\/div><\/div><div id=\"panel-gb89-69fb602db3d50-0-0-1\" class=\"so-panel widget widget_sow-post-carousel panel-last-child\" data-index=\"1\" ><div\n\t\t\t\n\t\t\tclass=\"so-widget-sow-post-carousel so-widget-sow-post-carousel-base-f639a26ce8cf-1048\"\n\t\t\t\n\t\t>\t<div\n\t\tclass=\"sow-post-carousel-wrapper sow-post-carousel-theme-base\"\n\t\tstyle=\"overflow: hidden; max-width: 100%; min-height: 272px\"\n\t>\n\t\t<div class=\"sow-carousel-title\">\n\t\t\t<div class=\"sow-carousel-navigation \">\n\t\t\t\t\t\t<a href=\"#\" class=\"sow-carousel-next\" title=\"Siguiente\" aria-label=\"Entradas siguientes\" role=\"button\"><\/a>\n\t\t\t\t\t\t<a href=\"#\" class=\"sow-carousel-previous\" title=\"Anterior\" aria-label=\"Entradas anteriores\" role=\"button\"><\/a>\n\t\t\t\t\t<\/div>\n\t<\/div>\n\n<div class=\"sow-carousel-container \">\n\t\t<div class=\"sow-carousel-wrapper\"\n\t\tdata-dir=\"ltr\"\n\t\tstyle=\"opacity: 0;\"\n\t\tdata-widget=\"post\" data-fetching=\"false\" data-page=\"1\" data-ajax-url=\"https:\/\/zamora-chinchipe.gob.ec\/website\/wp-admin\/admin-ajax.php?_widgets_nonce=314f352086\" data-item_count=\"101\" data-carousel_settings=\"{&quot;loop&quot;:true,&quot;animation&quot;:&quot;ease&quot;,&quot;animation_speed&quot;:800,&quot;autoplay&quot;:false,&quot;pauseOnHover&quot;:false,&quot;autoplaySpeed&quot;:8000,&quot;item_overflow&quot;:true,&quot;autoplay_continuous_scroll&quot;:false}\" data-responsive=\"{&quot;desktop_slides_to_scroll&quot;:1,&quot;tablet_landscape_breakpoint&quot;:1366,&quot;tablet_landscape_slides_to_scroll&quot;:2,&quot;tablet_portrait_breakpoint&quot;:1025,&quot;tablet_portrait_slides_to_scroll&quot;:2,&quot;mobile_breakpoint&quot;:480,&quot;mobile_slides_to_scroll&quot;:1}\" data-variable_width=\"true\" \t>\n\t\t<div\n\t\t\tclass=\"sow-carousel-items\"\n\t\t\t\t\t>\n\t\t\t\t<div class=\"sow-carousel-item\" tabindex=\"-1\" style=\"float: left;\">\n\t\t<div class=\"sow-carousel-thumbnail\">\n\t\t\t\t\t\t\t<a\n\t\t\t\t\thref=\"https:\/\/zamora-chinchipe.gob.ec\/website\/2026\/05\/05\/artesanos-de-la-provincia-tendran-su-propia-casa-gracias-a-la-prefectura-de-zamora-chinchipe\/\"\n\t\t\t\t\t\t\t\t\t\tstyle=\"background-image: url( https:\/\/zamora-chinchipe.gob.ec\/website\/wp-content\/uploads\/2026\/05\/foto-8-436x272.jpeg )\"\n\t\t\t\t\taria-labelledby=\"sow-carousel-id-4916\"\n\t\t\t\t\ttabindex=\"-1\"\n\t\t\t\t>\n\t\t\t\t\t<span class=\"overlay\"><\/span>\n\t\t\t\t<\/a>\n\t\t\t\t\t<\/div>\n\t\t<h3 class=\"sow-carousel-item-title\">\n\t\t\t<a\n\t\t\t\thref=\"https:\/\/zamora-chinchipe.gob.ec\/website\/2026\/05\/05\/artesanos-de-la-provincia-tendran-su-propia-casa-gracias-a-la-prefectura-de-zamora-chinchipe\/\"\n\t\t\t\tid=\"sow-carousel-id-4916\"\n\t\t\t\t\t\t\t\ttabindex=\"-1\"\n\t\t\t>\n\n\t\t\t\tArtesanos tendr\u00e1n su propia casa, gracias a la Prefectura de Zamora Chinchipe\t\t\t<\/a>\n\t\t<\/h3>\n\t<\/div>\n\t<div class=\"sow-carousel-item\" tabindex=\"-1\" style=\"float: left;\">\n\t\t<div class=\"sow-carousel-thumbnail\">\n\t\t\t\t\t\t\t<a\n\t\t\t\t\thref=\"https:\/\/zamora-chinchipe.gob.ec\/website\/2026\/04\/15\/la-conectividad-en-la-via-loyola-las-brisas-es-una-realidad-para-cientos-de-familias\/\"\n\t\t\t\t\t\t\t\t\t\tstyle=\"background-image: url( https:\/\/zamora-chinchipe.gob.ec\/website\/wp-content\/uploads\/2026\/04\/fotos-4-1-436x272.jpeg )\"\n\t\t\t\t\taria-labelledby=\"sow-carousel-id-4882\"\n\t\t\t\t\ttabindex=\"-1\"\n\t\t\t\t>\n\t\t\t\t\t<span class=\"overlay\"><\/span>\n\t\t\t\t<\/a>\n\t\t\t\t\t<\/div>\n\t\t<h3 class=\"sow-carousel-item-title\">\n\t\t\t<a\n\t\t\t\thref=\"https:\/\/zamora-chinchipe.gob.ec\/website\/2026\/04\/15\/la-conectividad-en-la-via-loyola-las-brisas-es-una-realidad-para-cientos-de-familias\/\"\n\t\t\t\tid=\"sow-carousel-id-4882\"\n\t\t\t\t\t\t\t\ttabindex=\"-1\"\n\t\t\t>\n\n\t\t\t\tLa Conectividad en la v\u00eda Loyola-Las Brisas es una realidad para cientos de familias\t\t\t<\/a>\n\t\t<\/h3>\n\t<\/div>\n\t<div class=\"sow-carousel-item\" tabindex=\"-1\" style=\"float: left;\">\n\t\t<div class=\"sow-carousel-thumbnail\">\n\t\t\t\t\t\t\t<a\n\t\t\t\t\thref=\"https:\/\/zamora-chinchipe.gob.ec\/website\/2026\/04\/15\/drenaje-de-fincas-fortalecen-la-produccion-de-paquisha\/\"\n\t\t\t\t\t\t\t\t\t\tstyle=\"background-image: url( https:\/\/zamora-chinchipe.gob.ec\/website\/wp-content\/uploads\/2026\/04\/fotos-1-436x272.jpeg )\"\n\t\t\t\t\taria-labelledby=\"sow-carousel-id-4872\"\n\t\t\t\t\ttabindex=\"-1\"\n\t\t\t\t>\n\t\t\t\t\t<span class=\"overlay\"><\/span>\n\t\t\t\t<\/a>\n\t\t\t\t\t<\/div>\n\t\t<h3 class=\"sow-carousel-item-title\">\n\t\t\t<a\n\t\t\t\thref=\"https:\/\/zamora-chinchipe.gob.ec\/website\/2026\/04\/15\/drenaje-de-fincas-fortalecen-la-produccion-de-paquisha\/\"\n\t\t\t\tid=\"sow-carousel-id-4872\"\n\t\t\t\t\t\t\t\ttabindex=\"-1\"\n\t\t\t>\n\n\t\t\t\tDrenaje de fincas fortalecen la producci\u00f3n de Paquisha\t\t\t<\/a>\n\t\t<\/h3>\n\t<\/div>\n\t\t<\/div>\n\t\t\t<\/div>\n\n\t<\/div>\n\t\t<input type=\"hidden\" name=\"instance_hash\" value=\"b69c3217\"\/>\n\t<\/div>\n<\/div><\/div><\/div><\/div><\/div>","protected":false},"excerpt":{"rendered":"<p>\u00a1Descubre la pr\u00f3spera tierra de Zamora Chinchipe y su extraordinaria diversidad productiva! Nuestros nueve cantones son reconocidos por su destacada producci\u00f3n agr\u00edcola y ganadera. Aqu\u00ed, el ganado bovino, los porcinos y las aves de corral prosperan en armon\u00eda. Cultivamos una amplia variedad de productos agr\u00edcolas, desde el sabroso pl\u00e1tano y la yuca hasta las frescas [&hellip;]<\/p>\n","protected":false},"author":1,"featured_media":0,"parent":0,"menu_order":0,"comment_status":"closed","ping_status":"closed","template":"","meta":{"footnotes":""},"class_list":["post-89","page","type-page","status-publish","hentry","post"],"_links":{"self":[{"href":"https:\/\/zamora-chinchipe.gob.ec\/website\/wp-json\/wp\/v2\/pages\/89","targetHints":{"allow":["GET"]}}],"collection":[{"href":"https:\/\/zamora-chinchipe.gob.ec\/website\/wp-json\/wp\/v2\/pages"}],"about":[{"href":"https:\/\/zamora-chinchipe.gob.ec\/website\/wp-json\/wp\/v2\/types\/page"}],"author":[{"embeddable":true,"href":"https:\/\/zamora-chinchipe.gob.ec\/website\/wp-json\/wp\/v2\/users\/1"}],"replies":[{"embeddable":true,"href":"https:\/\/zamora-chinchipe.gob.ec\/website\/wp-json\/wp\/v2\/comments?post=89"}],"version-history":[{"count":17,"href":"https:\/\/zamora-chinchipe.gob.ec\/website\/wp-json\/wp\/v2\/pages\/89\/revisions"}],"predecessor-version":[{"id":1480,"href":"https:\/\/zamora-chinchipe.gob.ec\/website\/wp-json\/wp\/v2\/pages\/89\/revisions\/1480"}],"wp:attachment":[{"href":"https:\/\/zamora-chinchipe.gob.ec\/website\/wp-json\/wp\/v2\/media?parent=89"}],"curies":[{"name":"wp","href":"https:\/\/api.w.org\/{rel}","templated":true}]}}