{"id":87,"date":"2023-08-27T16:41:10","date_gmt":"2023-08-27T21:41:10","guid":{"rendered":"https:\/\/zamora-chinchipe.gob.ec\/website\/?page_id=87"},"modified":"2024-01-10T15:55:00","modified_gmt":"2024-01-10T20:55:00","slug":"obras-publicas","status":"publish","type":"page","link":"https:\/\/zamora-chinchipe.gob.ec\/website\/obras-publicas\/","title":{"rendered":"Obras P\u00fablicas"},"content":{"rendered":"<div id=\"pl-gb87-69fb6045a14de\"  class=\"panel-layout\" ><div id=\"pg-gb87-69fb6045a14de-0\"  class=\"panel-grid panel-has-style\" ><div class=\"so-parallax siteorigin-panels-stretch panel-row-style-full-width panel-row-style panel-row-style-for-gb87-69fb6045a14de-0\" data-stretch-type=\"full\" ><img fetchpriority=\"high\" width=\"1400\" height=\"240\" src=\"https:\/\/zamora-chinchipe.gob.ec\/website\/wp-content\/uploads\/2023\/09\/obrasPublicas.jpg\" class=\"attachment-full size-full\" alt=\"\" data-siteorigin-parallax=\"true\" loading=\"eager\" srcset=\"https:\/\/zamora-chinchipe.gob.ec\/website\/wp-content\/uploads\/2023\/09\/obrasPublicas.jpg 1400w, https:\/\/zamora-chinchipe.gob.ec\/website\/wp-content\/uploads\/2023\/09\/obrasPublicas-300x51.jpg 300w, https:\/\/zamora-chinchipe.gob.ec\/website\/wp-content\/uploads\/2023\/09\/obrasPublicas-1024x176.jpg 1024w, https:\/\/zamora-chinchipe.gob.ec\/website\/wp-content\/uploads\/2023\/09\/obrasPublicas-768x132.jpg 768w\" sizes=\"(max-width: 1400px) 100vw, 1400px\" \/><div id=\"pgc-gb87-69fb6045a14de-0-0\"  class=\"panel-grid-cell\" ><div id=\"panel-gb87-69fb6045a14de-0-0-0\" class=\"widget_text so-panel widget widget_custom_html panel-first-child panel-last-child\" data-index=\"0\" ><div class=\"textwidget custom-html-widget\"><div class=\"espacioServicios\"><\/div>\n<h2 class=\"centrado blanco\">\n\tOBRAS P\u00daBLICAS\n<\/h2>\n<div class=\"espacioServicios\"><\/div><\/div><\/div><\/div><\/div><\/div><\/div>\n\n<p style=\"text-align: justify;\">La mejora de la conectividad vial en las \u00e1reas rurales y la creaci\u00f3n de oportunidades de desarrollo para las comunidades son prioridades fundamentales para la actual administraci\u00f3n. Su objetivo es saldar la deuda social con el sector rural en la provincia de Zamora Chinchipe.<\/p>\n<p style=\"text-align: justify;\">El departamento de Obras P\u00fablicas despliega esfuerzos para ejecutar, dirigir, fiscalizar y administrar la construcci\u00f3n de proyectos de infraestructura vial, productiva, comunitaria. Todo ello con el prop\u00f3sito de impulsar un desarrollo integral y fomentar el bienestar en toda la provincia. Esta direcci\u00f3n se compone de cinco frentes de trabajo, distribuidos en los nueve cantones.<\/p>\n<p style=\"text-align: justify;\">La inversi\u00f3n en infraestructura vial busca acortar las distancias y facilitar el acceso a servicios y oportunidades para las comunidades rurales. Asimismo, la implementaci\u00f3n de proyectos productivos, que contribuye a fortalecer la calidad de vida y promover la equidad en la provincia.<\/p>\n\n<div id=\"pl-gb87-69fb6045a1ab3\"  class=\"panel-layout\" ><div id=\"pg-gb87-69fb6045a1ab3-0\"  class=\"panel-grid panel-no-style\" ><div id=\"pgc-gb87-69fb6045a1ab3-0-0\"  class=\"panel-grid-cell\" ><div id=\"panel-gb87-69fb6045a1ab3-0-0-0\" class=\"so-panel widget widget_sow-post-carousel panel-first-child\" data-index=\"0\" ><div\n\t\t\t\n\t\t\tclass=\"so-widget-sow-post-carousel so-widget-sow-post-carousel-base-f639a26ce8cf-87\"\n\t\t\t\n\t\t>\t<div\n\t\tclass=\"sow-post-carousel-wrapper sow-post-carousel-theme-base\"\n\t\tstyle=\"overflow: hidden; max-width: 100%; min-height: 272px\"\n\t>\n\t\t<div class=\"sow-carousel-title has-title\">\n\t<h3 class=\"widget-title\">Noticias<\/h3>\t\t<div class=\"sow-carousel-navigation \">\n\t\t\t\t\t\t<a href=\"#\" class=\"sow-carousel-next\" title=\"Siguiente\" aria-label=\"Entradas siguientes\" role=\"button\"><\/a>\n\t\t\t\t\t\t<a href=\"#\" class=\"sow-carousel-previous\" title=\"Anterior\" aria-label=\"Entradas anteriores\" role=\"button\"><\/a>\n\t\t\t\t\t<\/div>\n\t<\/div>\n\n<div class=\"sow-carousel-container \">\n\t\t<div class=\"sow-carousel-wrapper\"\n\t\tdata-dir=\"ltr\"\n\t\tstyle=\"opacity: 0;\"\n\t\tdata-widget=\"post\" data-fetching=\"false\" data-page=\"1\" data-ajax-url=\"https:\/\/zamora-chinchipe.gob.ec\/website\/wp-admin\/admin-ajax.php?_widgets_nonce=314f352086\" data-item_count=\"142\" data-carousel_settings=\"{&quot;loop&quot;:true,&quot;animation&quot;:&quot;ease&quot;,&quot;animation_speed&quot;:800,&quot;autoplay&quot;:false,&quot;pauseOnHover&quot;:false,&quot;autoplaySpeed&quot;:8000,&quot;item_overflow&quot;:true,&quot;autoplay_continuous_scroll&quot;:false}\" data-responsive=\"{&quot;desktop_slides_to_scroll&quot;:1,&quot;tablet_landscape_breakpoint&quot;:1366,&quot;tablet_landscape_slides_to_scroll&quot;:2,&quot;tablet_portrait_breakpoint&quot;:1025,&quot;tablet_portrait_slides_to_scroll&quot;:2,&quot;mobile_breakpoint&quot;:480,&quot;mobile_slides_to_scroll&quot;:1}\" data-variable_width=\"true\" \t>\n\t\t<div\n\t\t\tclass=\"sow-carousel-items\"\n\t\t\t\t\t>\n\t\t\t\t<div class=\"sow-carousel-item\" tabindex=\"-1\" style=\"float: left;\">\n\t\t<div class=\"sow-carousel-thumbnail\">\n\t\t\t\t\t\t\t<a\n\t\t\t\t\thref=\"https:\/\/zamora-chinchipe.gob.ec\/website\/2026\/05\/05\/nacionalidad-shuar-de-kiim-contara-con-puente-peatonal-colgante\/\"\n\t\t\t\t\t\t\t\t\t\tstyle=\"background-image: url( https:\/\/zamora-chinchipe.gob.ec\/website\/wp-content\/uploads\/2026\/05\/fotos-2-436x272.jpeg )\"\n\t\t\t\t\taria-labelledby=\"sow-carousel-id-4907\"\n\t\t\t\t\ttabindex=\"-1\"\n\t\t\t\t>\n\t\t\t\t\t<span class=\"overlay\"><\/span>\n\t\t\t\t<\/a>\n\t\t\t\t\t<\/div>\n\t\t<h3 class=\"sow-carousel-item-title\">\n\t\t\t<a\n\t\t\t\thref=\"https:\/\/zamora-chinchipe.gob.ec\/website\/2026\/05\/05\/nacionalidad-shuar-de-kiim-contara-con-puente-peatonal-colgante\/\"\n\t\t\t\tid=\"sow-carousel-id-4907\"\n\t\t\t\t\t\t\t\ttabindex=\"-1\"\n\t\t\t>\n\n\t\t\t\tNacionalidad Shuar de Kiim contar\u00e1 con puente peatonal colgante\t\t\t<\/a>\n\t\t<\/h3>\n\t<\/div>\n\t<div class=\"sow-carousel-item\" tabindex=\"-1\" style=\"float: left;\">\n\t\t<div class=\"sow-carousel-thumbnail\">\n\t\t\t\t\t\t\t<a\n\t\t\t\t\thref=\"https:\/\/zamora-chinchipe.gob.ec\/website\/2026\/04\/15\/prefectura-inicia-la-construccion-de-una-nueva-cubierta-esta-vez-en-el-porvenir-del-carmen\/\"\n\t\t\t\t\t\t\t\t\t\tstyle=\"background-image: url( https:\/\/zamora-chinchipe.gob.ec\/website\/wp-content\/uploads\/2026\/04\/fotos-6-1-436x272.jpeg )\"\n\t\t\t\t\taria-labelledby=\"sow-carousel-id-4895\"\n\t\t\t\t\ttabindex=\"-1\"\n\t\t\t\t>\n\t\t\t\t\t<span class=\"overlay\"><\/span>\n\t\t\t\t<\/a>\n\t\t\t\t\t<\/div>\n\t\t<h3 class=\"sow-carousel-item-title\">\n\t\t\t<a\n\t\t\t\thref=\"https:\/\/zamora-chinchipe.gob.ec\/website\/2026\/04\/15\/prefectura-inicia-la-construccion-de-una-nueva-cubierta-esta-vez-en-el-porvenir-del-carmen\/\"\n\t\t\t\tid=\"sow-carousel-id-4895\"\n\t\t\t\t\t\t\t\ttabindex=\"-1\"\n\t\t\t>\n\n\t\t\t\tPrefectura inicia la construcci\u00f3n de una nueva cubierta, esta vez en El Porvenir del Carmen\t\t\t<\/a>\n\t\t<\/h3>\n\t<\/div>\n\t<div class=\"sow-carousel-item\" tabindex=\"-1\" style=\"float: left;\">\n\t\t<div class=\"sow-carousel-thumbnail\">\n\t\t\t\t\t\t\t<a\n\t\t\t\t\thref=\"https:\/\/zamora-chinchipe.gob.ec\/website\/2026\/04\/15\/la-conectividad-en-la-via-loyola-las-brisas-es-una-realidad-para-cientos-de-familias\/\"\n\t\t\t\t\t\t\t\t\t\tstyle=\"background-image: url( https:\/\/zamora-chinchipe.gob.ec\/website\/wp-content\/uploads\/2026\/04\/fotos-4-1-436x272.jpeg )\"\n\t\t\t\t\taria-labelledby=\"sow-carousel-id-4882\"\n\t\t\t\t\ttabindex=\"-1\"\n\t\t\t\t>\n\t\t\t\t\t<span class=\"overlay\"><\/span>\n\t\t\t\t<\/a>\n\t\t\t\t\t<\/div>\n\t\t<h3 class=\"sow-carousel-item-title\">\n\t\t\t<a\n\t\t\t\thref=\"https:\/\/zamora-chinchipe.gob.ec\/website\/2026\/04\/15\/la-conectividad-en-la-via-loyola-las-brisas-es-una-realidad-para-cientos-de-familias\/\"\n\t\t\t\tid=\"sow-carousel-id-4882\"\n\t\t\t\t\t\t\t\ttabindex=\"-1\"\n\t\t\t>\n\n\t\t\t\tLa Conectividad en la v\u00eda Loyola-Las Brisas es una realidad para cientos de familias\t\t\t<\/a>\n\t\t<\/h3>\n\t<\/div>\n\t\t<\/div>\n\t\t\t<\/div>\n\n\t<\/div>\n\t\t<input type=\"hidden\" name=\"instance_hash\" value=\"d7d61ba8\"\/>\n\t<\/div>\n<\/div><\/div><div id=\"panel-gb87-69fb6045a1ab3-0-0-1\" class=\"so-panel widget widget_sow-post-carousel panel-last-child\" data-index=\"1\" ><div\n\t\t\t\n\t\t\tclass=\"so-widget-sow-post-carousel so-widget-sow-post-carousel-base-f639a26ce8cf-4882\"\n\t\t\t\n\t\t>\t<div\n\t\tclass=\"sow-post-carousel-wrapper sow-post-carousel-theme-base\"\n\t\tstyle=\"overflow: hidden; max-width: 100%; min-height: 272px\"\n\t>\n\t\t<div class=\"sow-carousel-title\">\n\t\t\t<div class=\"sow-carousel-navigation \">\n\t\t\t\t\t\t<a href=\"#\" class=\"sow-carousel-next\" title=\"Siguiente\" aria-label=\"Entradas siguientes\" role=\"button\"><\/a>\n\t\t\t\t\t\t<a href=\"#\" class=\"sow-carousel-previous\" title=\"Anterior\" aria-label=\"Entradas anteriores\" role=\"button\"><\/a>\n\t\t\t\t\t<\/div>\n\t<\/div>\n\n<div class=\"sow-carousel-container \">\n\t\t<div class=\"sow-carousel-wrapper\"\n\t\tdata-dir=\"ltr\"\n\t\tstyle=\"opacity: 0;\"\n\t\tdata-widget=\"post\" data-fetching=\"false\" data-page=\"1\" data-ajax-url=\"https:\/\/zamora-chinchipe.gob.ec\/website\/wp-admin\/admin-ajax.php?_widgets_nonce=314f352086\" data-item_count=\"141\" data-carousel_settings=\"{&quot;loop&quot;:true,&quot;animation&quot;:&quot;ease&quot;,&quot;animation_speed&quot;:800,&quot;autoplay&quot;:false,&quot;pauseOnHover&quot;:false,&quot;autoplaySpeed&quot;:8000,&quot;item_overflow&quot;:true,&quot;autoplay_continuous_scroll&quot;:false}\" data-responsive=\"{&quot;desktop_slides_to_scroll&quot;:1,&quot;tablet_landscape_breakpoint&quot;:1366,&quot;tablet_landscape_slides_to_scroll&quot;:2,&quot;tablet_portrait_breakpoint&quot;:1025,&quot;tablet_portrait_slides_to_scroll&quot;:2,&quot;mobile_breakpoint&quot;:480,&quot;mobile_slides_to_scroll&quot;:1}\" data-variable_width=\"true\" \t>\n\t\t<div\n\t\t\tclass=\"sow-carousel-items\"\n\t\t\t\t\t>\n\t\t\t\t<div class=\"sow-carousel-item\" tabindex=\"-1\" style=\"float: left;\">\n\t\t<div class=\"sow-carousel-thumbnail\">\n\t\t\t\t\t\t\t<a\n\t\t\t\t\thref=\"https:\/\/zamora-chinchipe.gob.ec\/website\/2026\/05\/05\/nacionalidad-shuar-de-kiim-contara-con-puente-peatonal-colgante\/\"\n\t\t\t\t\t\t\t\t\t\tstyle=\"background-image: url( https:\/\/zamora-chinchipe.gob.ec\/website\/wp-content\/uploads\/2026\/05\/fotos-2-436x272.jpeg )\"\n\t\t\t\t\taria-labelledby=\"sow-carousel-id-4907\"\n\t\t\t\t\ttabindex=\"-1\"\n\t\t\t\t>\n\t\t\t\t\t<span class=\"overlay\"><\/span>\n\t\t\t\t<\/a>\n\t\t\t\t\t<\/div>\n\t\t<h3 class=\"sow-carousel-item-title\">\n\t\t\t<a\n\t\t\t\thref=\"https:\/\/zamora-chinchipe.gob.ec\/website\/2026\/05\/05\/nacionalidad-shuar-de-kiim-contara-con-puente-peatonal-colgante\/\"\n\t\t\t\tid=\"sow-carousel-id-4907\"\n\t\t\t\t\t\t\t\ttabindex=\"-1\"\n\t\t\t>\n\n\t\t\t\tNacionalidad Shuar de Kiim contar\u00e1 con puente peatonal colgante\t\t\t<\/a>\n\t\t<\/h3>\n\t<\/div>\n\t<div class=\"sow-carousel-item\" tabindex=\"-1\" style=\"float: left;\">\n\t\t<div class=\"sow-carousel-thumbnail\">\n\t\t\t\t\t\t\t<a\n\t\t\t\t\thref=\"https:\/\/zamora-chinchipe.gob.ec\/website\/2026\/04\/15\/prefectura-inicia-la-construccion-de-una-nueva-cubierta-esta-vez-en-el-porvenir-del-carmen\/\"\n\t\t\t\t\t\t\t\t\t\tstyle=\"background-image: url( https:\/\/zamora-chinchipe.gob.ec\/website\/wp-content\/uploads\/2026\/04\/fotos-6-1-436x272.jpeg )\"\n\t\t\t\t\taria-labelledby=\"sow-carousel-id-4895\"\n\t\t\t\t\ttabindex=\"-1\"\n\t\t\t\t>\n\t\t\t\t\t<span class=\"overlay\"><\/span>\n\t\t\t\t<\/a>\n\t\t\t\t\t<\/div>\n\t\t<h3 class=\"sow-carousel-item-title\">\n\t\t\t<a\n\t\t\t\thref=\"https:\/\/zamora-chinchipe.gob.ec\/website\/2026\/04\/15\/prefectura-inicia-la-construccion-de-una-nueva-cubierta-esta-vez-en-el-porvenir-del-carmen\/\"\n\t\t\t\tid=\"sow-carousel-id-4895\"\n\t\t\t\t\t\t\t\ttabindex=\"-1\"\n\t\t\t>\n\n\t\t\t\tPrefectura inicia la construcci\u00f3n de una nueva cubierta, esta vez en El Porvenir del Carmen\t\t\t<\/a>\n\t\t<\/h3>\n\t<\/div>\n\t<div class=\"sow-carousel-item\" tabindex=\"-1\" style=\"float: left;\">\n\t\t<div class=\"sow-carousel-thumbnail\">\n\t\t\t\t\t\t\t<a\n\t\t\t\t\thref=\"https:\/\/zamora-chinchipe.gob.ec\/website\/2026\/04\/15\/asfaltan-las-calles-secundarias-en-la-wintza-del-canton-centinela-del-condor\/\"\n\t\t\t\t\t\t\t\t\t\tstyle=\"background-image: url( https:\/\/zamora-chinchipe.gob.ec\/website\/wp-content\/uploads\/2026\/04\/foto-2-1-436x272.jpg )\"\n\t\t\t\t\taria-labelledby=\"sow-carousel-id-4862\"\n\t\t\t\t\ttabindex=\"-1\"\n\t\t\t\t>\n\t\t\t\t\t<span class=\"overlay\"><\/span>\n\t\t\t\t<\/a>\n\t\t\t\t\t<\/div>\n\t\t<h3 class=\"sow-carousel-item-title\">\n\t\t\t<a\n\t\t\t\thref=\"https:\/\/zamora-chinchipe.gob.ec\/website\/2026\/04\/15\/asfaltan-las-calles-secundarias-en-la-wintza-del-canton-centinela-del-condor\/\"\n\t\t\t\tid=\"sow-carousel-id-4862\"\n\t\t\t\t\t\t\t\ttabindex=\"-1\"\n\t\t\t>\n\n\t\t\t\tAsfaltan las calles secundarias en La Wintza, del cant\u00f3n Centinela del C\u00f3ndor.\t\t\t<\/a>\n\t\t<\/h3>\n\t<\/div>\n\t\t<\/div>\n\t\t\t<\/div>\n\n\t<\/div>\n\t\t<input type=\"hidden\" name=\"instance_hash\" value=\"3af3b298\"\/>\n\t<\/div>\n<\/div><\/div><\/div><\/div><\/div>","protected":false},"excerpt":{"rendered":"<p>La mejora de la conectividad vial en las \u00e1reas rurales y la creaci\u00f3n de oportunidades de desarrollo para las comunidades son prioridades fundamentales para la actual administraci\u00f3n. Su objetivo es saldar la deuda social con el sector rural en la provincia de Zamora Chinchipe. El departamento de Obras P\u00fablicas despliega esfuerzos para ejecutar, dirigir, fiscalizar [&hellip;]<\/p>\n","protected":false},"author":1,"featured_media":0,"parent":0,"menu_order":0,"comment_status":"closed","ping_status":"closed","template":"","meta":{"footnotes":""},"class_list":["post-87","page","type-page","status-publish","hentry","post"],"_links":{"self":[{"href":"https:\/\/zamora-chinchipe.gob.ec\/website\/wp-json\/wp\/v2\/pages\/87","targetHints":{"allow":["GET"]}}],"collection":[{"href":"https:\/\/zamora-chinchipe.gob.ec\/website\/wp-json\/wp\/v2\/pages"}],"about":[{"href":"https:\/\/zamora-chinchipe.gob.ec\/website\/wp-json\/wp\/v2\/types\/page"}],"author":[{"embeddable":true,"href":"https:\/\/zamora-chinchipe.gob.ec\/website\/wp-json\/wp\/v2\/users\/1"}],"replies":[{"embeddable":true,"href":"https:\/\/zamora-chinchipe.gob.ec\/website\/wp-json\/wp\/v2\/comments?post=87"}],"version-history":[{"count":18,"href":"https:\/\/zamora-chinchipe.gob.ec\/website\/wp-json\/wp\/v2\/pages\/87\/revisions"}],"predecessor-version":[{"id":1477,"href":"https:\/\/zamora-chinchipe.gob.ec\/website\/wp-json\/wp\/v2\/pages\/87\/revisions\/1477"}],"wp:attachment":[{"href":"https:\/\/zamora-chinchipe.gob.ec\/website\/wp-json\/wp\/v2\/media?parent=87"}],"curies":[{"name":"wp","href":"https:\/\/api.w.org\/{rel}","templated":true}]}}