{"id":66,"date":"2023-08-27T16:33:53","date_gmt":"2023-08-27T21:33:53","guid":{"rendered":"https:\/\/zamora-chinchipe.gob.ec\/website\/?page_id=66"},"modified":"2024-02-16T15:32:42","modified_gmt":"2024-02-16T20:32:42","slug":"datos-de-la-provincia","status":"publish","type":"page","link":"https:\/\/zamora-chinchipe.gob.ec\/website\/datos-de-la-provincia\/","title":{"rendered":"Datos de la Provincia"},"content":{"rendered":"<h2>Zamora Chinchipe<\/h2>\n<p style=\"text-align: justify;\">Bienvenidos a la provincia de Zamora Chinchipe, un para\u00edso amaz\u00f3nico ubicado en el extremo suroriental del Ecuador. Con una superficie de 10,565 km2, esta tierra de contrastes te invita a descubrir su diversidad y belleza sin igual. Conformada por 9 cantones, 10 parroquias urbanas y 29 parroquias rurales, Zamora Chinchipe es una tierra llena de historia, cultura y naturaleza deslumbrante.<\/p>\n<table>\n<tbody>\n<tr>\n<td><b>CANT\u00d3N<\/b><\/td>\n<td><b>PARROQUIAS URBANAS<\/b><\/td>\n<td><b>PARROQUIAS RURALES<\/b><\/td>\n<\/tr>\n<tr>\n<td rowspan=\"6\"><span style=\"font-weight: 400;\">ZAMORA<\/span><\/td>\n<td rowspan=\"6\"><span style=\"font-weight: 400;\">Zamora<\/span><span style=\"font-weight: 400;\">\/El Lim\u00f3n<\/span><\/td>\n<td><span style=\"font-weight: 400;\">Cumbaratza\u00a0<\/span><\/td>\n<\/tr>\n<tr>\n<td><span style=\"font-weight: 400;\">Guadalupe<\/span><\/td>\n<\/tr>\n<tr>\n<td><span style=\"font-weight: 400;\">Imbana<\/span><\/td>\n<\/tr>\n<tr>\n<td><span style=\"font-weight: 400;\">Sabanilla\u00a0<\/span><\/td>\n<\/tr>\n<tr>\n<td><span style=\"font-weight: 400;\">Timbara<\/span><\/td>\n<\/tr>\n<tr>\n<td><span style=\"font-weight: 400;\">San Carlos de las Minas<\/span><\/td>\n<\/tr>\n<tr>\n<td rowspan=\"5\"><span style=\"font-weight: 400;\">CHINCHIPE<\/span><\/td>\n<td rowspan=\"5\"><span style=\"font-weight: 400;\">Zumba<\/span><\/td>\n<td><span style=\"font-weight: 400;\">Chito<\/span><\/td>\n<\/tr>\n<tr>\n<td><span style=\"font-weight: 400;\">El Chorro<\/span><\/td>\n<\/tr>\n<tr>\n<td><span style=\"font-weight: 400;\">La Chonta\u00a0<\/span><\/td>\n<\/tr>\n<tr>\n<td><span style=\"font-weight: 400;\">Pucapamba<\/span><\/td>\n<\/tr>\n<tr>\n<td><span style=\"font-weight: 400;\">San Andr\u00e9s<\/span><\/td>\n<\/tr>\n<tr>\n<td rowspan=\"3\"><span style=\"font-weight: 400;\">NANGARITZA<\/span><\/td>\n<td rowspan=\"3\"><span style=\"font-weight: 400;\">Guayzimi<\/span><\/td>\n<td><span style=\"font-weight: 400;\">Zurmi<\/span><\/td>\n<\/tr>\n<tr>\n<td><span style=\"font-weight: 400;\">Nuevo Para\u00edso<\/span><\/td>\n<\/tr>\n<tr>\n<td><span style=\"font-weight: 400;\">Nankais<\/span><\/td>\n<\/tr>\n<tr>\n<td rowspan=\"2\"><span style=\"font-weight: 400;\">YACUAMBI<\/span><\/td>\n<td rowspan=\"2\"><span style=\"font-weight: 400;\">28 de Mayo<\/span><\/td>\n<td><span style=\"font-weight: 400;\">La Paz<\/span><\/td>\n<\/tr>\n<tr>\n<td><span style=\"font-weight: 400;\">Tutupali<\/span><\/td>\n<\/tr>\n<tr>\n<td rowspan=\"2\"><span style=\"font-weight: 400;\">YANTZAZA<\/span><\/td>\n<td rowspan=\"2\"><span style=\"font-weight: 400;\">Yantzaza<\/span><\/td>\n<td><span style=\"font-weight: 400;\">Chica\u00f1a<\/span><\/td>\n<\/tr>\n<tr>\n<td><span style=\"font-weight: 400;\">Los Encuentros<\/span><\/td>\n<\/tr>\n<tr>\n<td rowspan=\"3\"><span style=\"font-weight: 400;\">EL PANGUI<\/span><\/td>\n<td rowspan=\"3\"><span style=\"font-weight: 400;\">El Pangui<\/span><\/td>\n<td><span style=\"font-weight: 400;\">El Guismi<\/span><\/td>\n<\/tr>\n<tr>\n<td><span style=\"font-weight: 400;\">Pachicutza<\/span><\/td>\n<\/tr>\n<tr>\n<td><span style=\"font-weight: 400;\">Tundayme<\/span><\/td>\n<\/tr>\n<tr>\n<td rowspan=\"2\"><span style=\"font-weight: 400;\">CENTINELA DEL C\u00d3NDOR<\/span><\/td>\n<td rowspan=\"2\"><span style=\"font-weight: 400;\">Zumbi<\/span><\/td>\n<td><span style=\"font-weight: 400;\">Triunfo Dorado<\/span><\/td>\n<\/tr>\n<tr>\n<td><span style=\"font-weight: 400;\">Panguintza<\/span><\/td>\n<\/tr>\n<tr>\n<td rowspan=\"4\"><span style=\"font-weight: 400;\">PALANDA<\/span><\/td>\n<td rowspan=\"4\"><span style=\"font-weight: 400;\">Palanda<\/span><\/td>\n<td><span style=\"font-weight: 400;\">El Porvenir del Carmen<\/span><\/td>\n<\/tr>\n<tr>\n<td><span style=\"font-weight: 400;\">San Francisco del Vergel<\/span><\/td>\n<\/tr>\n<tr>\n<td><span style=\"font-weight: 400;\">Valladolid\u00a0<\/span><\/td>\n<\/tr>\n<tr>\n<td><span style=\"font-weight: 400;\">La Canela<\/span><\/td>\n<\/tr>\n<tr>\n<td rowspan=\"2\"><span style=\"font-weight: 400;\">PAQUISHA<\/span><\/td>\n<td rowspan=\"2\"><span style=\"font-weight: 400;\">Paquisha<\/span><\/td>\n<td><span style=\"font-weight: 400;\">Bellavista<\/span><\/td>\n<\/tr>\n<tr>\n<td><span style=\"font-weight: 400;\">Nuevo Quito<\/span><\/td>\n<\/tr>\n<\/tbody>\n<\/table>\n<p style=\"text-align: justify;\">Bienvenidos a la provincia de Zamora Chinchipe, un para\u00edso amaz\u00f3nico ubicado en el extremo suroriental del Ecuador. Con una superficie de 10,565 km2, esta tierra de contrastes te invita a descubrir su diversidad y belleza sin igual. Conformada por 9 cantones, 10 parroquias urbanas y 29 parroquias rurales, Zamora Chinchipe es una tierra llena de historia, cultura y naturaleza deslumbrante.<br \/>\nLimitando al norte con las provincias de Azuay y Morona Santiago, al sur con la Rep\u00fablica del Per\u00fa, y al oeste con la provincia de Loja.<\/p>\n<p style=\"text-align: justify;\">La provincia se extiende desde las imponentes cumbres de la Cordillera Oriental de los Andes hasta los exuberantes valles formados por los r\u00edos Zamora, Nangaritza y Mayo. Su territorio abarca desde la majestuosa Cordillera del C\u00f3ndor hasta la m\u00e1gica Quebrada San Francisco en su parte oriental. Este variado paisaje ofrece una gran diversidad de ecosistemas y una riqueza natural.<br \/>\nEl rango altitudinal de Zamora Chinchipe va desde los 3,616 hasta los 744 metros sobre el nivel del mar, con una altitud promedio de 2,180 metros sobre el nivel del mar. La cima m\u00e1s alta se encuentra en el \u00abCerro Los Picachos\u00bb en el cant\u00f3n Chinchipe, parte del Parque Nacional Yacuri y l\u00edmite con la provincia de Loja. En contraste, el punto m\u00e1s bajo se encuentra en la confluencia del R\u00edo Chinchipe y la Quebrada San Francisco, en el cant\u00f3n Chinchipe.<br \/>\nEn nuestro sitio web, te invitamos a explorar los tesoros ocultos de Zamora Chinchipe. Desde sus impresionantes paisajes naturales hasta su rica cultura y tradiciones, descubrir\u00e1s una experiencia \u00fanica en cada rinc\u00f3n de esta provincia amaz\u00f3nica. Sum\u00e9rgete en la exuberante selva, conoce la historia ancestral de sus pueblos y d\u00e9jate llevar por la magia de Zamora Chinchipe.<\/p>\n<p style=\"text-align: center;\"><strong>\u00a1Bienvenidos a Zamora Chinchipe, donde la naturaleza y la cultura se fusionan para ofrecerte una experiencia inolvidable!<\/strong><\/p>\n","protected":false},"excerpt":{"rendered":"<p>Zamora Chinchipe Bienvenidos a la provincia de Zamora Chinchipe, un para\u00edso amaz\u00f3nico ubicado en el extremo suroriental del Ecuador. Con una superficie de 10,565 km2, esta tierra de contrastes te invita a descubrir su diversidad y belleza sin igual. Conformada por 9 cantones, 10 parroquias urbanas y 29 parroquias rurales, Zamora Chinchipe es una tierra [&hellip;]<\/p>\n","protected":false},"author":1,"featured_media":0,"parent":0,"menu_order":0,"comment_status":"closed","ping_status":"closed","template":"","meta":{"footnotes":""},"class_list":["post-66","page","type-page","status-publish","hentry","post"],"_links":{"self":[{"href":"https:\/\/zamora-chinchipe.gob.ec\/website\/wp-json\/wp\/v2\/pages\/66","targetHints":{"allow":["GET"]}}],"collection":[{"href":"https:\/\/zamora-chinchipe.gob.ec\/website\/wp-json\/wp\/v2\/pages"}],"about":[{"href":"https:\/\/zamora-chinchipe.gob.ec\/website\/wp-json\/wp\/v2\/types\/page"}],"author":[{"embeddable":true,"href":"https:\/\/zamora-chinchipe.gob.ec\/website\/wp-json\/wp\/v2\/users\/1"}],"replies":[{"embeddable":true,"href":"https:\/\/zamora-chinchipe.gob.ec\/website\/wp-json\/wp\/v2\/comments?post=66"}],"version-history":[{"count":14,"href":"https:\/\/zamora-chinchipe.gob.ec\/website\/wp-json\/wp\/v2\/pages\/66\/revisions"}],"predecessor-version":[{"id":1980,"href":"https:\/\/zamora-chinchipe.gob.ec\/website\/wp-json\/wp\/v2\/pages\/66\/revisions\/1980"}],"wp:attachment":[{"href":"https:\/\/zamora-chinchipe.gob.ec\/website\/wp-json\/wp\/v2\/media?parent=66"}],"curies":[{"name":"wp","href":"https:\/\/api.w.org\/{rel}","templated":true}]}}