{"id":56,"date":"2023-08-27T16:30:47","date_gmt":"2023-08-27T21:30:47","guid":{"rendered":"https:\/\/zamora-chinchipe.gob.ec\/website\/?page_id=56"},"modified":"2024-02-15T09:05:59","modified_gmt":"2024-02-15T14:05:59","slug":"departamentos","status":"publish","type":"page","link":"https:\/\/zamora-chinchipe.gob.ec\/website\/departamentos\/","title":{"rendered":"Departamentos PBX\u00a0es\u00a0(07)\u00a03604400"},"content":{"rendered":"<table dir=\"ltr\" border=\"1\" cellspacing=\"1\" cellpadding=\"1\">\n<colgroup>\n<col width=\"309\" \/>\n<col width=\"81\" \/>\n<col width=\"290\" \/>\n<col width=\"219\" \/><\/colgroup>\n<tbody>\n<tr>\n<td style=\"text-align: left;\" data-sheets-value=\"{&quot;1&quot;:2,&quot;2&quot;:&quot;APELLIDOS Y NOMBRES&quot;}\"><strong>APELLIDOS Y NOMBRES<\/strong><\/td>\n<td style=\"text-align: left;\" data-sheets-value=\"{&quot;1&quot;:2,&quot;2&quot;:&quot;CEDULA&quot;}\"><strong>EXT.<\/strong><\/td>\n<td style=\"text-align: left;\" data-sheets-value=\"{&quot;1&quot;:2,&quot;2&quot;:&quot;CARGO&quot;}\"><strong>CARGO<\/strong><\/td>\n<td style=\"text-align: left;\" data-sheets-value=\"{&quot;1&quot;:2,&quot;2&quot;:&quot;DIRECCION &quot;}\"><strong>DIRECCI\u00d3N<\/strong><\/td>\n<\/tr>\n<tr>\n<td data-sheets-value=\"{&quot;1&quot;:2,&quot;2&quot;:&quot;BALLADARES VILLAVICENCIO LUIS FERNANDO&quot;}\" data-sheets-numberformat=\"{&quot;1&quot;:2,&quot;2&quot;:&quot;_(#,##0_);(#,##0)&quot;,&quot;3&quot;:1}\">BALLADARES VILLAVICENCIO LUIS FERNANDO<\/td>\n<td data-sheets-value=\"{&quot;1&quot;:2,&quot;2&quot;:&quot;1900362847&quot;}\" data-sheets-numberformat=\"{&quot;1&quot;:1}\">1006<\/td>\n<td data-sheets-value=\"{&quot;1&quot;:2,&quot;2&quot;:&quot;SECRETARIO GENERAL&quot;}\">SECRETARIO GENERAL<\/td>\n<td data-sheets-value=\"{&quot;1&quot;:2,&quot;2&quot;:&quot;PREFECTURA PROVINCIAL&quot;}\">PREFECTURA PROVINCIAL<\/td>\n<\/tr>\n<tr>\n<td data-sheets-value=\"{&quot;1&quot;:2,&quot;2&quot;:&quot;CARTUCHE  MINGA ANTONIO ALONSO&quot;}\" data-sheets-numberformat=\"{&quot;1&quot;:2,&quot;2&quot;:&quot;_(#,##0_);(#,##0)&quot;,&quot;3&quot;:1}\">CARTUCHE MINGA ANTONIO ALONSO<\/td>\n<td data-sheets-value=\"{&quot;1&quot;:2,&quot;2&quot;:&quot;1900483338&quot;}\" data-sheets-numberformat=\"{&quot;1&quot;:1}\">1049<\/td>\n<td data-sheets-value=\"{&quot;1&quot;:2,&quot;2&quot;:&quot;SUBDIRECTOR DE TALENTO HUMANO (ENCARGADO)&quot;}\">SUBDIRECTOR DE TALENTO HUMANO (ENCARGADO)<\/td>\n<td data-sheets-value=\"{&quot;1&quot;:2,&quot;2&quot;:&quot;DIRECCION ADMINISTRATIVA&quot;}\">DIRECCI\u00d3N ADMINISTRATIVA<\/td>\n<\/tr>\n<tr>\n<td data-sheets-value=\"{&quot;1&quot;:2,&quot;2&quot;:&quot;CUENCA CUENCA DEISY MARIA&quot;}\" data-sheets-numberformat=\"{&quot;1&quot;:2,&quot;2&quot;:&quot;_(#,##0_);(#,##0)&quot;,&quot;3&quot;:1}\">CUENCA CUENCA DEISY MAR\u00cdA<\/td>\n<td data-sheets-value=\"{&quot;1&quot;:2,&quot;2&quot;:&quot;1103533327&quot;}\" data-sheets-numberformat=\"{&quot;1&quot;:1}\">1046<\/td>\n<td data-sheets-value=\"{&quot;1&quot;:2,&quot;2&quot;:&quot;DIRECTORA DE GESRION SOCIAL, TURISMO E INTERCULTURALIDAD&quot;}\">DIRECTORA DE GESTI\u00d3N SOCIAL, TURISMO E INTERCULTURALIDAD<\/td>\n<td data-sheets-value=\"{&quot;1&quot;:2,&quot;2&quot;:&quot;DIRECCION DE GESTION SOCIAL, TURISMO E INTERCULTURALIDAD&quot;}\">DIRECCI\u00d3N DE GESTI\u00d3N SOCIAL, TURISMO E INTERCULTURALIDAD<\/td>\n<\/tr>\n<tr>\n<td data-sheets-value=\"{&quot;1&quot;:2,&quot;2&quot;:&quot;DELGADO PE\u00d1AFIEL ANA JACKELINE&quot;}\" data-sheets-numberformat=\"{&quot;1&quot;:2,&quot;2&quot;:&quot;_(#,##0_);(#,##0)&quot;,&quot;3&quot;:1}\">MARY ELIZABETH NARANJO GUERRERO<\/td>\n<td data-sheets-value=\"{&quot;1&quot;:2,&quot;2&quot;:&quot;1105205700&quot;}\" data-sheets-numberformat=\"{&quot;1&quot;:1}\">1027<\/td>\n<td data-sheets-value=\"{&quot;1&quot;:2,&quot;2&quot;:&quot;TESORERA GENERAL &quot;}\">TESORERA GENERAL<\/td>\n<td data-sheets-value=\"{&quot;1&quot;:2,&quot;2&quot;:&quot;DIRECCION FINANCIERA&quot;}\">DIRECCI\u00d3N FINANCIERA<\/td>\n<\/tr>\n<tr>\n<td data-sheets-value=\"{&quot;1&quot;:2,&quot;2&quot;:&quot;DUQUE TAPIA AMILKAR STALIN&quot;}\" data-sheets-numberformat=\"{&quot;1&quot;:2,&quot;2&quot;:&quot;_(#,##0_);(#,##0)&quot;,&quot;3&quot;:1}\">DUQUE TAPIA AMILKAR STALIN<\/td>\n<td data-sheets-value=\"{&quot;1&quot;:2,&quot;2&quot;:&quot;1900155258&quot;}\" data-sheets-numberformat=\"{&quot;1&quot;:1}\">1008<\/td>\n<td data-sheets-value=\"{&quot;1&quot;:2,&quot;2&quot;:&quot;DIRECTOR DE OBRAS P\u00daBLICAS Y VIALIDAD&quot;}\">DIRECTOR DE OBRAS P\u00daBLICAS Y VIALIDAD<\/td>\n<td data-sheets-value=\"{&quot;1&quot;:2,&quot;2&quot;:&quot;DIRECCION DE OBRAS PUBLICAS Y VIALIDAD&quot;}\">DIRECCI\u00d3N DE OBRAS P\u00daBLICAS Y VIALIDAD<\/td>\n<\/tr>\n<tr>\n<td data-sheets-value=\"{&quot;1&quot;:2,&quot;2&quot;:&quot;ERAS PASICHE ESTANISLADO ELEODORO &quot;}\" data-sheets-numberformat=\"{&quot;1&quot;:2,&quot;2&quot;:&quot;_(#,##0_);(#,##0)&quot;,&quot;3&quot;:1}\">ERAS PASICHE ESTANISLADO ELEODORO<\/td>\n<td data-sheets-value=\"{&quot;1&quot;:2,&quot;2&quot;:&quot;1103435598&quot;}\" data-sheets-numberformat=\"{&quot;1&quot;:1}\">1012<\/td>\n<td data-sheets-value=\"{&quot;1&quot;:2,&quot;2&quot;:&quot;DIRECTORA DE RIEGO Y DRENAJE&quot;}\">SUBDIRECTOR DE RIEGO Y DRENAJE<\/td>\n<td data-sheets-value=\"{&quot;1&quot;:2,&quot;2&quot;:&quot;DIRECCION DE RIEGO Y DRENAJE&quot;}\">DIRECCI\u00d3N DE RIEGO Y DRENAJE<\/td>\n<\/tr>\n<tr>\n<td data-sheets-value=\"{&quot;1&quot;:2,&quot;2&quot;:&quot;GODOY CUEVA MARIA MAGDALENA&quot;}\" data-sheets-numberformat=\"{&quot;1&quot;:2,&quot;2&quot;:&quot;_(#,##0_);(#,##0)&quot;,&quot;3&quot;:1}\">GODOY CUEVA MAR\u00cdA MAGDALENA<\/td>\n<td data-sheets-value=\"{&quot;1&quot;:2,&quot;2&quot;:&quot;1104061245&quot;}\" data-sheets-numberformat=\"{&quot;1&quot;:1}\">1013<\/td>\n<td data-sheets-value=\"{&quot;1&quot;:2,&quot;2&quot;:&quot;DIRECTORA DE GESTI\u00d3N AMBIENTAL &quot;}\">DIRECTORA DE GESTI\u00d3N AMBIENTAL<\/td>\n<td data-sheets-value=\"{&quot;1&quot;:2,&quot;2&quot;:&quot;DIRECCION DE GESTION AMBIENTAL&quot;}\">DIRECCI\u00d3N DE GESTI\u00d3N AMBIENTAL<\/td>\n<\/tr>\n<tr>\n<td data-sheets-value=\"{&quot;1&quot;:2,&quot;2&quot;:&quot;HIDALGO MAZA VICTOR HUGO&quot;}\" data-sheets-numberformat=\"{&quot;1&quot;:2,&quot;2&quot;:&quot;_(#,##0_);(#,##0)&quot;,&quot;3&quot;:1}\">HIDALGO MAZA VICTOR HUGO<\/td>\n<td data-sheets-value=\"{&quot;1&quot;:2,&quot;2&quot;:&quot;1102819693&quot;}\" data-sheets-numberformat=\"{&quot;1&quot;:1}\">1021<\/td>\n<td data-sheets-value=\"{&quot;1&quot;:2,&quot;2&quot;:&quot;DIRECTOR DE PROCURADURIA SINDICA&quot;}\">DIRECTOR DE PROCURADUR\u00cdA SINDICA<\/td>\n<td data-sheets-value=\"{&quot;1&quot;:2,&quot;2&quot;:&quot;DIRECCION DE PROCURADURIA SINDICA&quot;}\">DIRECCI\u00d3N DE PROCURADUR\u00cdA SINDICA<\/td>\n<\/tr>\n<tr>\n<td data-sheets-value=\"{&quot;1&quot;:2,&quot;2&quot;:&quot;MOLINA MACAS MARIA DOLORES &quot;}\" data-sheets-numberformat=\"{&quot;1&quot;:2,&quot;2&quot;:&quot;_(#,##0_);(#,##0)&quot;,&quot;3&quot;:1}\">MOLINA MACAS MAR\u00cdA DOLORES<\/td>\n<td data-sheets-value=\"{&quot;1&quot;:2,&quot;2&quot;:&quot;1900760057&quot;}\" data-sheets-numberformat=\"{&quot;1&quot;:1}\">1035<\/td>\n<td data-sheets-value=\"{&quot;1&quot;:2,&quot;2&quot;:&quot;DIRECTORA DE COMUNICACI\u00d3N SOCIAL &quot;}\">DIRECTORA DE COMUNICACI\u00d3N SOCIAL<\/td>\n<td data-sheets-value=\"{&quot;1&quot;:2,&quot;2&quot;:&quot;DIRECCION DE COMUNICACION SOCIAL&quot;}\">DIRECCI\u00d3N DE COMUNICACI\u00d3N SOCIAL<\/td>\n<\/tr>\n<tr>\n<td data-sheets-value=\"{&quot;1&quot;:2,&quot;2&quot;:&quot;MU\u00d1OZ URREGO JUDITH MIREYA&quot;}\" data-sheets-numberformat=\"{&quot;1&quot;:2,&quot;2&quot;:&quot;_(#,##0_);(#,##0)&quot;,&quot;3&quot;:1}\">EDWIN GEOVANNY PALLO PULLAGUARI<\/td>\n<td data-sheets-value=\"{&quot;1&quot;:2,&quot;2&quot;:&quot;1900479013&quot;}\" data-sheets-numberformat=\"{&quot;1&quot;:1}\">1039<\/td>\n<td data-sheets-value=\"{&quot;1&quot;:2,&quot;2&quot;:&quot;DIRECTORA DE COMPRAS PUBLICAS (ENCARGADA)&quot;}\">SUBDIRECTOR DE COMPRAS P\u00daBLICAS<\/td>\n<td data-sheets-value=\"{&quot;1&quot;:2,&quot;2&quot;:&quot;DIRECCION DE COMPRAS PUBLICAS&quot;}\">DIRECCI\u00d3N DE COMPRAS P\u00daBLICAS<\/td>\n<\/tr>\n<tr>\n<td data-sheets-value=\"{&quot;1&quot;:2,&quot;2&quot;:&quot;REATEGUI ENCARNACION KARLA GABRIELA &quot;}\" data-sheets-numberformat=\"{&quot;1&quot;:2,&quot;2&quot;:&quot;_(#,##0_);(#,##0)&quot;,&quot;3&quot;:1}\">RE\u00c1TEGUI ENCARNACI\u00d3N KARLA GABRIELA<\/td>\n<td data-sheets-value=\"{&quot;1&quot;:2,&quot;2&quot;:&quot;1900428598&quot;}\" data-sheets-numberformat=\"{&quot;1&quot;:1}\">1001<\/td>\n<td data-sheets-value=\"{&quot;1&quot;:2,&quot;2&quot;:&quot;PREFECTA PROVINCIAL&quot;}\">PREFECTA PROVINCIAL<\/td>\n<td data-sheets-value=\"{&quot;1&quot;:2,&quot;2&quot;:&quot;PREFECTURA PROVINCIAL&quot;}\">PREFECTURA PROVINCIAL<\/td>\n<\/tr>\n<tr>\n<td data-sheets-value=\"{&quot;1&quot;:2,&quot;2&quot;:&quot;RODRIGUEZ DELGADO BYRON JAVIER&quot;}\" data-sheets-numberformat=\"{&quot;1&quot;:2,&quot;2&quot;:&quot;_(#,##0_);(#,##0)&quot;,&quot;3&quot;:1}\">RODR\u00cdGUEZ DELGADO BYRON JAVIER<\/td>\n<td data-sheets-value=\"{&quot;1&quot;:2,&quot;2&quot;:&quot;1104086671&quot;}\" data-sheets-numberformat=\"{&quot;1&quot;:1}\">1004<\/td>\n<td data-sheets-value=\"{&quot;1&quot;:2,&quot;2&quot;:&quot;DIRECTOR DE PLANIFICACION&quot;}\">DIRECTOR DE PLANIFICACI\u00d3N<\/td>\n<td data-sheets-value=\"{&quot;1&quot;:2,&quot;2&quot;:&quot;DIRECCION DE PLANIFICACION&quot;}\">DIRECCI\u00d3N DE PLANIFICACI\u00d3N<\/td>\n<\/tr>\n<tr>\n<td data-sheets-value=\"{&quot;1&quot;:2,&quot;2&quot;:&quot;ROMERO UCHUARI FABIOLA NARCIZA&quot;}\" data-sheets-numberformat=\"{&quot;1&quot;:2,&quot;2&quot;:&quot;_(#,##0_);(#,##0)&quot;,&quot;3&quot;:1}\">ROMERO UCHUARI FABIOLA NARCISA<\/td>\n<td data-sheets-value=\"{&quot;1&quot;:2,&quot;2&quot;:&quot;1900232834&quot;}\" data-sheets-numberformat=\"{&quot;1&quot;:1}\">1003<\/td>\n<td data-sheets-value=\"{&quot;1&quot;:2,&quot;2&quot;:&quot;DIRECTORA ADMINISTRATIVA&quot;}\">DIRECTORA ADMINISTRATIVA<\/td>\n<td data-sheets-value=\"{&quot;1&quot;:2,&quot;2&quot;:&quot;DIRECCION ADMINISTRATIVA&quot;}\">DIRECCI\u00d3N ADMINISTRATIVA<\/td>\n<\/tr>\n<tr>\n<td data-sheets-value=\"{&quot;1&quot;:2,&quot;2&quot;:&quot;SAAVEDRA GARCIA ANGEL BOLIVAR&quot;}\" data-sheets-numberformat=\"{&quot;1&quot;:2,&quot;2&quot;:&quot;_(#,##0_);(#,##0)&quot;,&quot;3&quot;:1}\">DELGADO PE\u00d1AFIEL ANA JACKELINE<\/td>\n<td data-sheets-value=\"{&quot;1&quot;:2,&quot;2&quot;:&quot;1900214410&quot;}\" data-sheets-numberformat=\"{&quot;1&quot;:1}\">1007<\/td>\n<td data-sheets-value=\"{&quot;1&quot;:2,&quot;2&quot;:&quot;DIRECTOR FINANCIERO (ENCARGADO)&quot;}\">DIRECTORA FINANCIERA<\/td>\n<td data-sheets-value=\"{&quot;1&quot;:2,&quot;2&quot;:&quot;DIRECCION FINANCIERA&quot;}\">DIRECCI\u00d3N FINANCIERA<\/td>\n<\/tr>\n<tr>\n<td data-sheets-value=\"{&quot;1&quot;:2,&quot;2&quot;:&quot;SARANGO GUAMAN VICTOR MIGUEL&quot;}\" data-sheets-numberformat=\"{&quot;1&quot;:2,&quot;2&quot;:&quot;_(#,##0_);(#,##0)&quot;,&quot;3&quot;:1}\">SARANGO GUAM\u00c1N V\u00cdCTOR MIGUEL<\/td>\n<td data-sheets-value=\"{&quot;1&quot;:2,&quot;2&quot;:&quot;1900420595&quot;}\" data-sheets-numberformat=\"{&quot;1&quot;:1}\">1002<\/td>\n<td data-sheets-value=\"{&quot;1&quot;:2,&quot;2&quot;:&quot;VICEPREFECTO PROVINCIAL&quot;}\">VICEPREFECTO PROVINCIAL<\/td>\n<td data-sheets-value=\"{&quot;1&quot;:2,&quot;2&quot;:&quot;VICEPREFECTURA PROVINCIAL&quot;}\">VICEPREFECTURA PROVINCIAL<\/td>\n<\/tr>\n<tr>\n<td data-sheets-value=\"{&quot;1&quot;:2,&quot;2&quot;:&quot;VILLARREAL FLORES FRANKLIN HUMBERTO&quot;}\" data-sheets-numberformat=\"{&quot;1&quot;:2,&quot;2&quot;:&quot;_(#,##0_);(#,##0)&quot;,&quot;3&quot;:1}\">C\u00c9SAR ALCIDES MOROCHO SALINAS<\/td>\n<td data-sheets-value=\"{&quot;1&quot;:2,&quot;2&quot;:&quot;1713486361&quot;}\" data-sheets-numberformat=\"{&quot;1&quot;:1}\"><\/td>\n<td data-sheets-value=\"{&quot;1&quot;:2,&quot;2&quot;:&quot;DIRECTOR DE MANTENIMIENTO DE MAQUINARIA Y TRANSPORTES&quot;}\">DIRECTOR DE MANTENIMIENTO DE MAQUINARIA Y TRANSPORTES<\/td>\n<td data-sheets-value=\"{&quot;1&quot;:2,&quot;2&quot;:&quot;DIRECCION DE MANTENIMIENTO DE MAQUINARIA Y TRANSPORTES&quot;}\">DIRECCI\u00d3N DE MANTENIMIENTO DE MAQUINARIA Y TRANSPORTES<\/td>\n<\/tr>\n<tr>\n<td>WALTER \u00c1NGEL ESPINOZA ORDO\u00d1EZ<\/td>\n<td><\/td>\n<td>GERENTE AGROPZACHIN E.P.<\/td>\n<td>AGROPZACHIN E.P.<\/td>\n<\/tr>\n<\/tbody>\n<\/table>\n","protected":false},"excerpt":{"rendered":"<p>APELLIDOS Y NOMBRES EXT. CARGO DIRECCI\u00d3N BALLADARES VILLAVICENCIO LUIS FERNANDO 1006 SECRETARIO GENERAL PREFECTURA PROVINCIAL CARTUCHE MINGA ANTONIO ALONSO 1049 SUBDIRECTOR DE TALENTO HUMANO (ENCARGADO) DIRECCI\u00d3N ADMINISTRATIVA CUENCA CUENCA DEISY MAR\u00cdA 1046 DIRECTORA DE GESTI\u00d3N SOCIAL, TURISMO E INTERCULTURALIDAD DIRECCI\u00d3N DE GESTI\u00d3N SOCIAL, TURISMO E INTERCULTURALIDAD MARY ELIZABETH NARANJO GUERRERO 1027 TESORERA GENERAL DIRECCI\u00d3N FINANCIERA [&hellip;]<\/p>\n","protected":false},"author":1,"featured_media":0,"parent":0,"menu_order":0,"comment_status":"closed","ping_status":"closed","template":"","meta":{"footnotes":""},"class_list":["post-56","page","type-page","status-publish","hentry","post"],"_links":{"self":[{"href":"https:\/\/zamora-chinchipe.gob.ec\/website\/wp-json\/wp\/v2\/pages\/56","targetHints":{"allow":["GET"]}}],"collection":[{"href":"https:\/\/zamora-chinchipe.gob.ec\/website\/wp-json\/wp\/v2\/pages"}],"about":[{"href":"https:\/\/zamora-chinchipe.gob.ec\/website\/wp-json\/wp\/v2\/types\/page"}],"author":[{"embeddable":true,"href":"https:\/\/zamora-chinchipe.gob.ec\/website\/wp-json\/wp\/v2\/users\/1"}],"replies":[{"embeddable":true,"href":"https:\/\/zamora-chinchipe.gob.ec\/website\/wp-json\/wp\/v2\/comments?post=56"}],"version-history":[{"count":15,"href":"https:\/\/zamora-chinchipe.gob.ec\/website\/wp-json\/wp\/v2\/pages\/56\/revisions"}],"predecessor-version":[{"id":1968,"href":"https:\/\/zamora-chinchipe.gob.ec\/website\/wp-json\/wp\/v2\/pages\/56\/revisions\/1968"}],"wp:attachment":[{"href":"https:\/\/zamora-chinchipe.gob.ec\/website\/wp-json\/wp\/v2\/media?parent=56"}],"curies":[{"name":"wp","href":"https:\/\/api.w.org\/{rel}","templated":true}]}}