{"id":549,"date":"2023-09-04T12:39:17","date_gmt":"2023-09-04T17:39:17","guid":{"rendered":"https:\/\/zamora-chinchipe.gob.ec\/website\/?page_id=549"},"modified":"2023-09-04T12:39:20","modified_gmt":"2023-09-04T17:39:20","slug":"octubre-2018","status":"publish","type":"page","link":"https:\/\/zamora-chinchipe.gob.ec\/website\/octubre-2018\/","title":{"rendered":"OCTUBRE 2018"},"content":{"rendered":"<h2 style=\"text-align: center;\"><strong>RENDICI\u00d3N DE CUENTAS OCTUBRE 2018<\/strong><\/h2>\n<h2 style=\"text-align: center;\"><strong>UNIDAD DE PROYECTOS<\/strong><\/h2>\n<h2 style=\"text-align: center;\"><strong>C\u00c9DULA PRESUPUEST\u00c1RIA 2017<\/strong><\/h2>\n<ul>\n<li><a href=\"https:\/\/zamora-chinchipe.gob.ec\/wp-content\/uploads\/2019\/12\/A1-OCTUBRE-2018-ESTRUCTURA-ORG\u00c1NICA-FUNCIONAL.pdf\" target=\"_blank\" rel=\"noopener noreferrer\"><strong>.a1) ESTRUCTURA ORG\u00c1NICA FUNCIONAL<\/strong><\/a><\/li>\n<li><a href=\"https:\/\/zamora-chinchipe.gob.ec\/wp-content\/uploads\/2018\/10\/A2-OCTUBRE-2018-BASE-LEGAL.pdf\" target=\"_blank\" rel=\"noopener noreferrer\"><strong>.a2) BASE LEGAL QUE RIGE LA INSTITUCI\u00d3N<\/strong><\/a><\/li>\n<li><a href=\"https:\/\/zamora-chinchipe.gob.ec\/wp-content\/uploads\/2018\/10\/A3-OCTUBRE-2018-REGULACIONES-INTERNAS.pdf\" target=\"_blank\" rel=\"noopener noreferrer\"><strong>.a3) REGULACIONES Y PROCEDIMIENTOS INTERNOS APLICABLES A LA ENTIDAD<\/strong><\/a><\/li>\n<li><a href=\"https:\/\/zamora-chinchipe.gob.ec\/wp-content\/uploads\/2018\/12\/A4-OCTUBRE-2018-METAS-Y-OBJETIVOS-UNIDADES-ADMINISTRATIVAS.pdf\" target=\"_blank\" rel=\"noopener noreferrer\"><strong>.a4) METAS Y OBJETIVOS DE LAS UNIDADES ADMINISTRATIVAS<\/strong><\/a><\/li>\n<li><a href=\"https:\/\/zamora-chinchipe.gob.ec\/wp-content\/uploads\/2019\/12\/B1-OCTUBRE-2018-DIRECTORIO-INSTITUCI\u00d3N.pdf\" target=\"_blank\" rel=\"noopener noreferrer\"><strong>.b1) DIRECTORIO DE LA INSTITUCI\u00d3N<\/strong><\/a><\/li>\n<li><a href=\"https:\/\/zamora-chinchipe.gob.ec\/wp-content\/uploads\/2019\/12\/B2-OCTUBRE-2018-DISTRIBUTIVO-PERSONAL.pdf\" target=\"_blank\" rel=\"noopener noreferrer\"><strong>.b2) DISTRIBUTIVO DEL PERSONAL<\/strong><\/a><\/li>\n<li><a href=\"https:\/\/zamora-chinchipe.gob.ec\/wp-content\/uploads\/2019\/12\/C-OCTUBRE-2018-REMUNERACI\u00d3N-MENSUAL.pdf\" target=\"_blank\" rel=\"noopener noreferrer\"><strong>.c) REMUNERACI\u00d3N MENSUAL POR PUESTO<\/strong><\/a><\/li>\n<li><a href=\"https:\/\/zamora-chinchipe.gob.ec\/wp-content\/uploads\/2018\/12\/D5-OCTUBRE-2018-SERVICIOS-QUE-OFRECE.pdf\" target=\"_blank\" rel=\"noopener noreferrer\"><strong>.d) SERVICIOS QUE OFRECE Y LA FORMA DE ACCEDER A ELLOS<\/strong><\/a><\/li>\n<li><a href=\"https:\/\/zamora-chinchipe.gob.ec\/wp-content\/uploads\/2018\/10\/E1-OCTUBRE-2018-CONTRATOS-COLECTIVOS.pdf\" target=\"_blank\" rel=\"noopener noreferrer\"><strong>.e) TEXTO \u00cdNTEGRO DE CONTRATOS COLECTIVOS VIGENTES<\/strong><\/a><\/li>\n<li><a href=\"https:\/\/zamora-chinchipe.gob.ec\/wp-content\/uploads\/2019\/03\/F1-OCTUBRE-2018-FORMULARIO-ACCESO-INFORMACI\u00d3N-P\u00daBLICA.pdf\" target=\"_blank\" rel=\"noopener noreferrer\"><strong>.f1) FORMULARIO SOLICITUD INFORMACI\u00d3N P\u00daBLICA<\/strong><\/a><\/li>\n<li><a href=\"https:\/\/zamora-chinchipe.gob.ec\/wp-content\/uploads\/2018\/12\/K1-OCTUBRE-2018-PLANES-Y-PROGRAMAS.pdf\" target=\"_blank\" rel=\"noopener noreferrer\"><strong>.g) PRESUPUESTO DE LA INSTITUCI\u00d3N<\/strong><\/a><\/li>\n<li><strong>.h) RESULTADOS DE AUDITOR\u00cdAS INTERNAS Y GUBERNAMENTALES<\/strong><\/li>\n<li><a href=\"https:\/\/zamora-chinchipe.gob.ec\/wp-content\/uploads\/2018\/10\/I1-OCTUBRE-2018-PROCESOS-CONTRATACI\u00d3N.pdf\" target=\"_blank\" rel=\"noopener noreferrer\"><strong>.i) PROCESOS DE CONTRATACIONES<\/strong><\/a><\/li>\n<li><a href=\"https:\/\/zamora-chinchipe.gob.ec\/wp-content\/uploads\/2019\/03\/l11-OCTUBRE-2018-INFIMA-CUANTIA.pdf\" target=\"_blank\" rel=\"noopener noreferrer\"><strong>.ii) PROCESOS DE INFIMA CUANT\u00cdA<\/strong><\/a><\/li>\n<li><a href=\"https:\/\/zamora-chinchipe.gob.ec\/wp-content\/uploads\/2018\/10\/J3-OCTUBRE-2018-EMPRESAS-Y-PERSONAS-INCUMPLIDAS.pdf\" target=\"_blank\" rel=\"noopener noreferrer\"><strong>.j) EMPRESAS Y PERSONAS QUE HAN INCLUMPLIDO CONTRATOS<\/strong><\/a><\/li>\n<li><a href=\"https:\/\/zamora-chinchipe.gob.ec\/wp-content\/uploads\/2018\/12\/K1-OCTUBRE-2018-PLANES-Y-PROGRAMAS.pdf\" target=\"_blank\" rel=\"noopener noreferrer\"><strong>.k) PLANES Y PROGRAMAS<\/strong><\/a><\/li>\n<li><a href=\"https:\/\/zamora-chinchipe.gob.ec\/wp-content\/uploads\/2019\/02\/L5-OCTUBRE-2018-CONTRATOS-DE-CREDITO.pdf\" target=\"_blank\" rel=\"noopener noreferrer\"><strong>.l) CONTRATOS DE CR\u00c9DITO EXTERNOS O INTERNOS<\/strong><\/a><\/li>\n<li><a href=\"https:\/\/zamora-chinchipe.gob.ec\/wp-content\/uploads\/2019\/03\/M14-OCTUBRE-2018-MECANISMOS-RENDICION-CUENTAS.pdf\" target=\"_blank\" rel=\"noopener noreferrer\"><strong>.m) MECANISMOS DE RENDICI\u00d3N DE CUENTAS A LA CIUDADAN\u00cdA<\/strong><\/a><\/li>\n<li><a href=\"https:\/\/zamora-chinchipe.gob.ec\/wp-content\/uploads\/2021\/05\/N-OCTUBRE-2018-VIATICOS-Y-JUSTIFICATIVOS.pdf\" target=\"_blank\" rel=\"noopener\"><strong>.n) VI\u00c1TICOS, INFORMES DE TRABAJO Y JUSTIFICATIVOS<\/strong><\/a><\/li>\n<li><a href=\"https:\/\/zamora-chinchipe.gob.ec\/wp-content\/uploads\/2019\/03\/01-OCTUBRE-2018-RESPONSABLE-INFORMACION-PUBLICA.pdf\" target=\"_blank\" rel=\"noopener noreferrer\"><strong>.o) RESPONSABLE DE ATENDER LA INFORMACI\u00d3N P\u00daBLICA<\/strong><\/a><\/li>\n<li><a href=\"https:\/\/zamora-chinchipe.gob.ec\/wp-content\/uploads\/2021\/10\/s-Octubre-2018-Informacion-de-Resoluciones-re-2018.pdf\" target=\"_blank\" rel=\"noopener\"><strong>.s) INFORMACI\u00d3N A LA CIUDADAN\u00cdA DE LAS RESOLUCIONES<\/strong><\/a><\/li>\n<\/ul>\n","protected":false},"excerpt":{"rendered":"<p>RENDICI\u00d3N DE CUENTAS OCTUBRE 2018 UNIDAD DE PROYECTOS C\u00c9DULA PRESUPUEST\u00c1RIA 2017 .a1) ESTRUCTURA ORG\u00c1NICA FUNCIONAL .a2) BASE LEGAL QUE RIGE LA INSTITUCI\u00d3N .a3) REGULACIONES Y PROCEDIMIENTOS INTERNOS APLICABLES A LA ENTIDAD .a4) METAS Y OBJETIVOS DE LAS UNIDADES ADMINISTRATIVAS .b1) DIRECTORIO DE LA INSTITUCI\u00d3N .b2) DISTRIBUTIVO DEL PERSONAL .c) REMUNERACI\u00d3N MENSUAL POR PUESTO .d) SERVICIOS [&hellip;]<\/p>\n","protected":false},"author":1,"featured_media":0,"parent":0,"menu_order":0,"comment_status":"closed","ping_status":"closed","template":"","meta":{"footnotes":""},"class_list":["post-549","page","type-page","status-publish","hentry","post"],"_links":{"self":[{"href":"https:\/\/zamora-chinchipe.gob.ec\/website\/wp-json\/wp\/v2\/pages\/549","targetHints":{"allow":["GET"]}}],"collection":[{"href":"https:\/\/zamora-chinchipe.gob.ec\/website\/wp-json\/wp\/v2\/pages"}],"about":[{"href":"https:\/\/zamora-chinchipe.gob.ec\/website\/wp-json\/wp\/v2\/types\/page"}],"author":[{"embeddable":true,"href":"https:\/\/zamora-chinchipe.gob.ec\/website\/wp-json\/wp\/v2\/users\/1"}],"replies":[{"embeddable":true,"href":"https:\/\/zamora-chinchipe.gob.ec\/website\/wp-json\/wp\/v2\/comments?post=549"}],"version-history":[{"count":1,"href":"https:\/\/zamora-chinchipe.gob.ec\/website\/wp-json\/wp\/v2\/pages\/549\/revisions"}],"predecessor-version":[{"id":550,"href":"https:\/\/zamora-chinchipe.gob.ec\/website\/wp-json\/wp\/v2\/pages\/549\/revisions\/550"}],"wp:attachment":[{"href":"https:\/\/zamora-chinchipe.gob.ec\/website\/wp-json\/wp\/v2\/media?parent=549"}],"curies":[{"name":"wp","href":"https:\/\/api.w.org\/{rel}","templated":true}]}}