{"id":543,"date":"2023-09-04T12:37:19","date_gmt":"2023-09-04T17:37:19","guid":{"rendered":"https:\/\/zamora-chinchipe.gob.ec\/website\/?page_id=543"},"modified":"2023-09-04T12:37:23","modified_gmt":"2023-09-04T17:37:23","slug":"agosto-2018","status":"publish","type":"page","link":"https:\/\/zamora-chinchipe.gob.ec\/website\/agosto-2018\/","title":{"rendered":"AGOSTO 2018"},"content":{"rendered":"<h2 style=\"text-align: center;\"><strong>RENDICI\u00d3N DE CUENTAS AGOSTO 2018<\/strong><\/h2>\n<p><strong>UNIDAD DE PROYECTOS<\/strong><\/p>\n<p><a href=\"https:\/\/zamora-chinchipe.gob.ec\/wp-content\/uploads\/2018\/08\/C\u00e9dula_2017.pdf\" target=\"_blank\" rel=\"noopener noreferrer\"><strong>C\u00c9DULA PRESUPUEST\u00c1RIA 2017<\/strong><\/a><\/p>\n<ul>\n<li><a href=\"https:\/\/zamora-chinchipe.gob.ec\/wp-content\/uploads\/2018\/08\/A11-AGOSTO-2018-ORGANIGRAMA-INSTITUCI\u00d3N.pdf\" target=\"_blank\" rel=\"noopener noreferrer\"><strong>.a1) ESTRUCTURA ORG\u00c1NICA FUNCIONAL<\/strong><\/a><\/li>\n<li><a href=\"https:\/\/zamora-chinchipe.gob.ec\/wp-content\/uploads\/2018\/08\/A2-AGOSTO-2018-BASE-LEGAL.pdf\" target=\"_blank\" rel=\"noopener noreferrer\"><strong>.a2) BASE LEGAL QUE RIGE LA INSTITUCI\u00d3N<\/strong><\/a><\/li>\n<li><a href=\"https:\/\/zamora-chinchipe.gob.ec\/wp-content\/uploads\/2018\/08\/A3-AGOSTO-2018-REGULACIONES-INTERNAS.pdf\" target=\"_blank\" rel=\"noopener noreferrer\"><strong>.a3) REGULACIONES Y PROCEDIMIENTOS INTERNOS APLICABLES A LA ENTIDAD<\/strong><\/a><\/li>\n<li><a href=\"https:\/\/zamora-chinchipe.gob.ec\/wp-content\/uploads\/2018\/10\/A4-AGOSTO-2018-METAS-Y-OBJETIVOS-UNIDADES-ADMINISTRATIVAS.pdf\" target=\"_blank\" rel=\"noopener noreferrer\"><strong>.a4) METAS Y OBJETIVOS DE LAS UNIDADES ADMINISTRATIVAS<\/strong><\/a><\/li>\n<li><a href=\"https:\/\/zamora-chinchipe.gob.ec\/wp-content\/uploads\/2019\/12\/B15-AGOSTO-2018-DIRECTORIO-INSTITUCI\u00d3N.pdf\" target=\"_blank\" rel=\"noopener noreferrer\"><strong>.b1) DIRECTORIO DE LA INSTITUCI\u00d3N<\/strong><\/a><\/li>\n<li><a href=\"https:\/\/zamora-chinchipe.gob.ec\/wp-content\/uploads\/2019\/12\/B15-AGOSTO-2018-DIRECTORIO-INSTITUCI\u00d3N.pdf\" target=\"_blank\" rel=\"noopener noreferrer\"><strong>.b2) DISTRIBUTIVO DEL PERSONAL<\/strong><\/a><\/li>\n<li><a href=\"https:\/\/zamora-chinchipe.gob.ec\/wp-content\/uploads\/2019\/12\/C-AGOSTO-2018-REMUNERACI\u00d3N-MENSUAL.pdf\" target=\"_blank\" rel=\"noopener noreferrer\"><strong>.c) REMUNERACI\u00d3N MENSUAL POR PUESTO<\/strong><\/a><\/li>\n<li><a href=\"https:\/\/zamora-chinchipe.gob.ec\/wp-content\/uploads\/2018\/10\/D5-AGOSTO-2018-SERVICIOS-QUE-OFRECE.pdf\" target=\"_blank\" rel=\"noopener noreferrer\"><strong>.d) SERVICIOS QUE OFRECE Y LA FORMA DE ACCEDER A ELLOS<\/strong><\/a><\/li>\n<li><a href=\"https:\/\/zamora-chinchipe.gob.ec\/wp-content\/uploads\/2018\/08\/E1-AGOSTO-2018-CONTRATOS-COLECTIVOS.pdf\" target=\"_blank\" rel=\"noopener noreferrer\"><strong>.e) TEXTO \u00cdNTEGRO DE CONTRATOS COLECTIVOS VIGENTES<\/strong><\/a><\/li>\n<li><a href=\"https:\/\/zamora-chinchipe.gob.ec\/wp-content\/uploads\/2019\/03\/F1-AGOSTO-2018-FORMULARIO-ACCESO-INFORMACI\u00d3N-P\u00daBLICA.pdf\" target=\"_blank\" rel=\"noopener noreferrer\"><strong>.f1) FORMULARIO SOLICITUD INFORMACI\u00d3N P\u00daBLICA<\/strong><\/a><\/li>\n<li><a href=\"https:\/\/zamora-chinchipe.gob.ec\/wp-content\/uploads\/2018\/10\/G7-AGOSTO-2018-PRESUPUESTO.pdf\" target=\"_blank\" rel=\"noopener noreferrer\"><strong>.g) PRESUPUESTO DE LA INSTITUCI\u00d3N<\/strong><\/a><\/li>\n<li><a href=\"https:\/\/zamora-chinchipe.gob.ec\/wp-content\/uploads\/2018\/08\/H1-AGOSTO-2018-AUDITORIA-INTERNA.pdf\" target=\"_blank\" rel=\"noopener noreferrer\"><strong>.h) RESULTADOS DE AUDITOR\u00cdAS INTERNAS Y GUBERNAMENTALES<\/strong><\/a><\/li>\n<li><a href=\"https:\/\/zamora-chinchipe.gob.ec\/wp-content\/uploads\/2018\/08\/i1-AGOSTO-2018-PROCESOS-CONTRATACI\u00d3N.pdf\" target=\"_blank\" rel=\"noopener noreferrer\"><strong>.i) PROCESOS DE CONTRATACIONES<\/strong><\/a><\/li>\n<li><a href=\"https:\/\/zamora-chinchipe.gob.ec\/wp-content\/uploads\/2018\/08\/I11-AGOSTO-2018-\u00cdNFIMA-CUANT\u00cdA.pdf\" target=\"_blank\" rel=\"noopener noreferrer\"><strong>.ii) PROCESOS DE INFIMA CUANT\u00cdA<\/strong><\/a><\/li>\n<li><a href=\"https:\/\/zamora-chinchipe.gob.ec\/wp-content\/uploads\/2018\/08\/J3-AGOSTO-2018-EMPRESAS-Y-PERSONAS-INCUMPLIDAS.pdf\" target=\"_blank\" rel=\"noopener noreferrer\"><strong>.j) EMPRESAS Y PERSONAS QUE HAN INCLUMPLIDO CONTRATOS<\/strong><\/a><\/li>\n<li><a href=\"https:\/\/zamora-chinchipe.gob.ec\/wp-content\/uploads\/2018\/10\/K1-AGOSTO-2018-PLANES-Y-PROGRAMAS.pdf\" target=\"_blank\" rel=\"noopener noreferrer\"><strong>.k) PLANES Y PROGRAMAS<\/strong><\/a><\/li>\n<li><a href=\"https:\/\/zamora-chinchipe.gob.ec\/wp-content\/uploads\/2018\/08\/L5-AGOSTO-2018-CONTRATOS-DE-CR\u00c9DITO.pdf\" target=\"_blank\" rel=\"noopener noreferrer\"><strong>.l) CONTRATOS DE CR\u00c9DITO EXTERNOS O INTERNOS<\/strong><\/a><\/li>\n<li><a href=\"https:\/\/zamora-chinchipe.gob.ec\/wp-content\/uploads\/2019\/03\/M14-AGOSTO-2018-MECANISMOS-RENDICION-CUENTAS.pdf\" target=\"_blank\" rel=\"noopener noreferrer\"><strong>.m) MECANISMOS DE RENDICI\u00d3N DE CUENTAS A LA CIUDADAN\u00cdA<\/strong><\/a><\/li>\n<li><a href=\"https:\/\/zamora-chinchipe.gob.ec\/wp-content\/uploads\/2019\/03\/N5-AGOSTO-2018-VIATICOS.pdf\" target=\"_blank\" rel=\"noopener noreferrer\"><strong>.n) VI\u00c1TICOS, INFORMES DE TRABAJO Y JUSTIFICATIVOS<\/strong><\/a><\/li>\n<li><a href=\"https:\/\/zamora-chinchipe.gob.ec\/wp-content\/uploads\/2019\/03\/01-AGOSTO-2018-RESPONSABLE-INFORMACION-PUBLICA.pdf\" target=\"_blank\" rel=\"noopener noreferrer\"><strong>.o) RESPONSABLE DE ATENDER LA INFORMACI\u00d3N P\u00daBLICA<\/strong><\/a><\/li>\n<li><a href=\"https:\/\/zamora-chinchipe.gob.ec\/wp-content\/uploads\/2018\/09\/S-AGOSTO-2018.pdf\" target=\"_blank\" rel=\"noopener noreferrer\"><strong>.s) INFORMACI\u00d3N A LA CIUDADAN\u00cdA DE LAS RESOLUCIONES<\/strong><\/a><\/li>\n<\/ul>\n","protected":false},"excerpt":{"rendered":"<p>RENDICI\u00d3N DE CUENTAS AGOSTO 2018 UNIDAD DE PROYECTOS C\u00c9DULA PRESUPUEST\u00c1RIA 2017 .a1) ESTRUCTURA ORG\u00c1NICA FUNCIONAL .a2) BASE LEGAL QUE RIGE LA INSTITUCI\u00d3N .a3) REGULACIONES Y PROCEDIMIENTOS INTERNOS APLICABLES A LA ENTIDAD .a4) METAS Y OBJETIVOS DE LAS UNIDADES ADMINISTRATIVAS .b1) DIRECTORIO DE LA INSTITUCI\u00d3N .b2) DISTRIBUTIVO DEL PERSONAL .c) REMUNERACI\u00d3N MENSUAL POR PUESTO .d) SERVICIOS [&hellip;]<\/p>\n","protected":false},"author":1,"featured_media":0,"parent":0,"menu_order":0,"comment_status":"closed","ping_status":"closed","template":"","meta":{"footnotes":""},"class_list":["post-543","page","type-page","status-publish","hentry","post"],"_links":{"self":[{"href":"https:\/\/zamora-chinchipe.gob.ec\/website\/wp-json\/wp\/v2\/pages\/543","targetHints":{"allow":["GET"]}}],"collection":[{"href":"https:\/\/zamora-chinchipe.gob.ec\/website\/wp-json\/wp\/v2\/pages"}],"about":[{"href":"https:\/\/zamora-chinchipe.gob.ec\/website\/wp-json\/wp\/v2\/types\/page"}],"author":[{"embeddable":true,"href":"https:\/\/zamora-chinchipe.gob.ec\/website\/wp-json\/wp\/v2\/users\/1"}],"replies":[{"embeddable":true,"href":"https:\/\/zamora-chinchipe.gob.ec\/website\/wp-json\/wp\/v2\/comments?post=543"}],"version-history":[{"count":1,"href":"https:\/\/zamora-chinchipe.gob.ec\/website\/wp-json\/wp\/v2\/pages\/543\/revisions"}],"predecessor-version":[{"id":544,"href":"https:\/\/zamora-chinchipe.gob.ec\/website\/wp-json\/wp\/v2\/pages\/543\/revisions\/544"}],"wp:attachment":[{"href":"https:\/\/zamora-chinchipe.gob.ec\/website\/wp-json\/wp\/v2\/media?parent=543"}],"curies":[{"name":"wp","href":"https:\/\/api.w.org\/{rel}","templated":true}]}}