{"id":534,"date":"2023-09-04T12:33:19","date_gmt":"2023-09-04T17:33:19","guid":{"rendered":"https:\/\/zamora-chinchipe.gob.ec\/website\/?page_id=534"},"modified":"2023-09-04T12:33:22","modified_gmt":"2023-09-04T17:33:22","slug":"maro-2018","status":"publish","type":"page","link":"https:\/\/zamora-chinchipe.gob.ec\/website\/maro-2018\/","title":{"rendered":"MARO 2018"},"content":{"rendered":"<h2 style=\"text-align: center;\"><strong>RENDICI\u00d3N DE CUENTAS MAYO 2018<\/strong><\/h2>\n<p><strong>UNIDAD DE PROYECTOS<\/strong><\/p>\n<ul>\n<li><a href=\"https:\/\/zamora-chinchipe.gob.ec\/wp-content\/uploads\/2018\/06\/A11-MAYO-2018-ORGANIGRAMA-INSTITUCI\u00d3N.pdf\" target=\"_blank\" rel=\"noopener noreferrer\"><strong>.a1) ESTRUCTURA ORG\u00c1NICA FUNCIONAL<\/strong><\/a><\/li>\n<li><a href=\"https:\/\/zamora-chinchipe.gob.ec\/wp-content\/uploads\/2018\/06\/A2-Mayo-2018-BASE-LEGAL.pdf\" target=\"_blank\" rel=\"noopener noreferrer\"><strong>.a2) BASE LEGAL QUE RIGE LA INSTITUCI\u00d3N<\/strong><\/a><\/li>\n<li><a href=\"https:\/\/zamora-chinchipe.gob.ec\/wp-content\/uploads\/2018\/06\/A3-Mayo-2018-REGULACIONES-Y-PROCEDIMIENTOS-INTERNOS.pdf\" target=\"_blank\" rel=\"noopener noreferrer\"><strong>.a3) REGULACIONES Y PROCEDIMIENTOS INTERNOS APLICABLES A LA ENTIDAD<\/strong><\/a><\/li>\n<li><a href=\"https:\/\/zamora-chinchipe.gob.ec\/wp-content\/uploads\/2018\/06\/a4-MAYO-2018-metas-y-objetivos-unidades-administrativas-2.pdf\" target=\"_blank\" rel=\"noopener noreferrer\"><strong>.a4) METAS Y OBJETIVOS DE LAS UNIDADES ADMINISTRATIVAS<\/strong><\/a><\/li>\n<li><a href=\"https:\/\/zamora-chinchipe.gob.ec\/wp-content\/uploads\/2018\/06\/B15-MAYO-2018-DIRECTORIO-INSTITUCION.pdf\" target=\"_blank\" rel=\"noopener noreferrer\"><strong>.b1) DIRECTORIO DE LA INSTITUCI\u00d3N<\/strong><\/a><\/li>\n<li><a href=\"https:\/\/zamora-chinchipe.gob.ec\/wp-content\/uploads\/2022\/11\/b2-JMAYO-2018-DISTRIBUTIVO-PERSONAL.pdf\" target=\"_blank\" rel=\"noopener\"><strong>.b2) DISTRIBUTIVO DEL PERSONAL<\/strong><\/a><\/li>\n<li><a href=\"https:\/\/zamora-chinchipe.gob.ec\/wp-content\/uploads\/2018\/06\/C1-MAYO-2018-REMUNERACI\u00d3N-MENSUAL-1.pdf\" target=\"_blank\" rel=\"noopener noreferrer\"><strong>.c) REMUNERACI\u00d3N MENSUAL POR PUESTO<\/strong><\/a><\/li>\n<li><a href=\"https:\/\/zamora-chinchipe.gob.ec\/wp-content\/uploads\/2018\/06\/D5-Mayo-2018-Servicios-que-Ofrece.pdf\" target=\"_blank\" rel=\"noopener noreferrer\"><strong>.d) SERVICIOS QUE OFRECE Y LA FORMA DE ACCEDER A ELLOS<\/strong><\/a><\/li>\n<li><a href=\"https:\/\/zamora-chinchipe.gob.ec\/wp-content\/uploads\/2018\/06\/e1-Mayo-2018-CONTRATOS-COLECTIVOS.pdf\" target=\"_blank\" rel=\"noopener noreferrer\"><strong>.e) TEXTO \u00cdNTEGRO DE CONTRATOS COLECTIVOS VIGENTES<\/strong><\/a><\/li>\n<li><a href=\"https:\/\/zamora-chinchipe.gob.ec\/wp-content\/uploads\/2018\/06\/f1-MAYO-2018-FORMULARIO-ACCESO-INFORMACION-PUBLICA.pdf\" target=\"_blank\" rel=\"noopener noreferrer\"><strong>.f1) FORMULARIO SOLICITUD INFORMACI\u00d3N P\u00daBLICA<\/strong><\/a><\/li>\n<li><a href=\"https:\/\/zamora-chinchipe.gob.ec\/wp-content\/uploads\/2018\/06\/G7-MAYO-2018-PRESUPUESTO.pdf\" target=\"_blank\" rel=\"noopener noreferrer\"><strong>.g) PRESUPUESTO DE LA INSTITUCI\u00d3N<\/strong><\/a><\/li>\n<li><a href=\"https:\/\/zamora-chinchipe.gob.ec\/wp-content\/uploads\/2018\/06\/H1-MAYO-2018-AUDITOR\u00cdA-INTERNA.pdf\" target=\"_blank\" rel=\"noopener noreferrer\"><strong>.h) RESULTADOS DE AUDITOR\u00cdAS INTERNAS Y GUBERNAMENTALES<\/strong><\/a><\/li>\n<li><a href=\"https:\/\/zamora-chinchipe.gob.ec\/wp-content\/uploads\/2018\/06\/I1-Mayo-2018-Proceso-Contrataci\u00f3n.pdf\" target=\"_blank\" rel=\"noopener noreferrer\"><strong>.i) PROCESOS DE CONTRATACIONES<\/strong><\/a><\/li>\n<li><a href=\"https:\/\/zamora-chinchipe.gob.ec\/wp-content\/uploads\/2018\/07\/I11-MAYO-2018-\u00cdNFIMA-CUANT\u00cdA.pdf\" target=\"_blank\" rel=\"noopener noreferrer\"><strong>.ii) PROCESOS DE INFIMA CUANT\u00cdA<\/strong><\/a><\/li>\n<li><a href=\"https:\/\/zamora-chinchipe.gob.ec\/wp-content\/uploads\/2018\/06\/e1-Mayo-2018-CONTRATOS-COLECTIVOS.pdf\" target=\"_blank\" rel=\"noopener noreferrer\"><strong>.j) EMPRESAS Y PERSONAS QUE HAN INCLUMPLIDO CONTRATOS<\/strong><\/a><\/li>\n<li><a href=\"https:\/\/zamora-chinchipe.gob.ec\/wp-content\/uploads\/2018\/06\/K1-MAYO-2018-PLANES-Y-PROGRAMAS.pdf\" target=\"_blank\" rel=\"noopener noreferrer\"><strong>.k) PLANES Y PROGRAMAS<\/strong><\/a><\/li>\n<li><a href=\"https:\/\/zamora-chinchipe.gob.ec\/wp-content\/uploads\/2018\/06\/L5-MAYO-2018-CONTRATOS-DE-CREDITO.pdf\" target=\"_blank\" rel=\"noopener noreferrer\"><strong>.l) CONTRATOS DE CR\u00c9DITO EXTERNOS O INTERNOS<\/strong><\/a><\/li>\n<li><a href=\"https:\/\/zamora-chinchipe.gob.ec\/wp-content\/uploads\/2019\/03\/M14-MAYO-2018-MECANISMOS-RENDICION-CUENTAS.pdf\" target=\"_blank\" rel=\"noopener noreferrer\"><strong>.m) MECANISMOS DE RENDICI\u00d3N DE CUENTAS A LA CIUDADAN\u00cdA<\/strong><\/a><\/li>\n<li><a href=\"https:\/\/zamora-chinchipe.gob.ec\/wp-content\/uploads\/2018\/07\/N5-MAYO-2018-VIATICOS.pdf\" target=\"_blank\" rel=\"noopener noreferrer\"><strong>.n) VI\u00c1TICOS, INFORMES DE TRABAJO Y JUSTIFICATIVOS<\/strong><\/a><\/li>\n<li><a href=\"https:\/\/zamora-chinchipe.gob.ec\/wp-content\/uploads\/2018\/06\/O1-MAYO-2018-RESPONSABLE-INFORMACION.pdf\" target=\"_blank\" rel=\"noopener noreferrer\"><strong>.o) RESPONSABLE DE ATENDER LA INFORMACI\u00d3N P\u00daBLICA<\/strong><\/a><\/li>\n<li><a href=\"https:\/\/zamora-chinchipe.gob.ec\/wp-content\/uploads\/2018\/06\/s1-Mayo-2018-Informaci\u00f3n-Resoluciones.pdf\" target=\"_blank\" rel=\"noopener noreferrer\"><strong>.s) INFORMACI\u00d3N A LA CIUDADAN\u00cdA DE LAS RESOLUCIONES<\/strong><\/a><\/li>\n<\/ul>\n","protected":false},"excerpt":{"rendered":"<p>RENDICI\u00d3N DE CUENTAS MAYO 2018 UNIDAD DE PROYECTOS .a1) ESTRUCTURA ORG\u00c1NICA FUNCIONAL .a2) BASE LEGAL QUE RIGE LA INSTITUCI\u00d3N .a3) REGULACIONES Y PROCEDIMIENTOS INTERNOS APLICABLES A LA ENTIDAD .a4) METAS Y OBJETIVOS DE LAS UNIDADES ADMINISTRATIVAS .b1) DIRECTORIO DE LA INSTITUCI\u00d3N .b2) DISTRIBUTIVO DEL PERSONAL .c) REMUNERACI\u00d3N MENSUAL POR PUESTO .d) SERVICIOS QUE OFRECE Y [&hellip;]<\/p>\n","protected":false},"author":1,"featured_media":0,"parent":0,"menu_order":0,"comment_status":"closed","ping_status":"closed","template":"","meta":{"footnotes":""},"class_list":["post-534","page","type-page","status-publish","hentry","post"],"_links":{"self":[{"href":"https:\/\/zamora-chinchipe.gob.ec\/website\/wp-json\/wp\/v2\/pages\/534","targetHints":{"allow":["GET"]}}],"collection":[{"href":"https:\/\/zamora-chinchipe.gob.ec\/website\/wp-json\/wp\/v2\/pages"}],"about":[{"href":"https:\/\/zamora-chinchipe.gob.ec\/website\/wp-json\/wp\/v2\/types\/page"}],"author":[{"embeddable":true,"href":"https:\/\/zamora-chinchipe.gob.ec\/website\/wp-json\/wp\/v2\/users\/1"}],"replies":[{"embeddable":true,"href":"https:\/\/zamora-chinchipe.gob.ec\/website\/wp-json\/wp\/v2\/comments?post=534"}],"version-history":[{"count":1,"href":"https:\/\/zamora-chinchipe.gob.ec\/website\/wp-json\/wp\/v2\/pages\/534\/revisions"}],"predecessor-version":[{"id":535,"href":"https:\/\/zamora-chinchipe.gob.ec\/website\/wp-json\/wp\/v2\/pages\/534\/revisions\/535"}],"wp:attachment":[{"href":"https:\/\/zamora-chinchipe.gob.ec\/website\/wp-json\/wp\/v2\/media?parent=534"}],"curies":[{"name":"wp","href":"https:\/\/api.w.org\/{rel}","templated":true}]}}