{"id":531,"date":"2023-09-04T12:32:09","date_gmt":"2023-09-04T17:32:09","guid":{"rendered":"https:\/\/zamora-chinchipe.gob.ec\/website\/?page_id=531"},"modified":"2024-01-23T15:46:35","modified_gmt":"2024-01-23T20:46:35","slug":"abril-2018","status":"publish","type":"page","link":"https:\/\/zamora-chinchipe.gob.ec\/website\/abril-2018\/","title":{"rendered":"ABRIL 2018"},"content":{"rendered":"<h2 style=\"text-align: center;\"><strong>RENDICI\u00d3N DE CUENTAS ABRIL 2018<\/strong><\/h2>\n<h3 style=\"text-align: left;\"><strong>UNIDAD DE PROYECTOS<\/strong><\/h3>\n<ul>\n<li><a href=\"https:\/\/zamora-chinchipe.gob.ec\/wp-content\/uploads\/2018\/03\/A11-Marzo-2018-Organigrama-Instituci%C3%B3n.pdf\" target=\"_blank\" rel=\"noopener\"><strong>.a1) ESTRUCTURA ORG\u00c1NICA FUNCIONAL<\/strong><\/a><\/li>\n<li><a href=\"https:\/\/zamora-chinchipe.gob.ec\/wp-content\/uploads\/2018\/06\/A2-Abril-2018-BASE-LEGAL.pdf\" target=\"_blank\" rel=\"noopener\"><strong>.a2) BASE LEGAL QUE RIGE LA INSTITUCI\u00d3N<\/strong><\/a><\/li>\n<li><a href=\"https:\/\/zamora-chinchipe.gob.ec\/wp-content\/uploads\/2018\/06\/A3-Abril-2018-REGULACIONES-Y-PROCEDIMIENTOS-INTERNOS.pdf\" target=\"_blank\" rel=\"noopener\"><strong>.a3) REGULACIONES Y PROCEDIMIENTOS INTERNOS APLICABLES A LA ENTIDAD<\/strong><\/a><\/li>\n<li><a href=\"https:\/\/zamora-chinchipe.gob.ec\/wp-content\/uploads\/2018\/06\/a4-ABRIL-2018-metas-y-objetivos-unidades-administrativas.pdf\" target=\"_blank\" rel=\"noopener\"><strong>.a4) METAS Y OBJETIVOS DE LAS UNIDADES ADMINISTRATIVAS<\/strong><\/a><\/li>\n<li><a href=\"https:\/\/zamora-chinchipe.gob.ec\/wp-content\/uploads\/2018\/03\/B15-Marzo-2018-Directorio-Instituci%C3%B3n.pdf\" target=\"_blank\" rel=\"noopener\"><strong>.b1) DIRECTORIO DE LA INSTITUCI\u00d3N<\/strong><\/a><\/li>\n<li><a href=\"https:\/\/zamora-chinchipe.gob.ec\/wp-content\/uploads\/2018\/03\/B5-Marzo-2018-Distributivo-Personal.pdfhttps:\/\/zamora-chinchipe.gob.ec\/wp-content\/uploads\/2018\/03\/B5-Marzo-2018-Distributivo-Personal.pdf\" target=\"_blank\" rel=\"noopener\"><strong>.b2) DISTRIBUTIVO DEL PERSONAL<\/strong><\/a><\/li>\n<li><a href=\"https:\/\/zamora-chinchipe.gob.ec\/wp-content\/uploads\/2018\/03\/C1-Marzo-2018-Remuneraci%C3%B3n-Mensual-por-Puesto.pdf\" target=\"_blank\" rel=\"noopener\"><strong>.c) REMUNERACI\u00d3N MENSUAL POR PUESTO<\/strong><\/a><\/li>\n<li><a href=\"https:\/\/zamora-chinchipe.gob.ec\/wp-content\/uploads\/2018\/06\/D5-Abril-2018-Servicios-que-Ofrece.pdf\" target=\"_blank\" rel=\"noopener\"><strong>.d) SERVICIOS QUE OFRECE Y LA FORMA DE ACCEDER A ELLOS<\/strong><\/a><\/li>\n<li><a href=\"https:\/\/zamora-chinchipe.gob.ec\/wp-content\/uploads\/2018\/06\/e1-Abril-2018-CONTRATOS-COLECTIVOS.pdf\" target=\"_blank\" rel=\"noopener\"><strong>.e) TEXTO \u00cdNTEGRO DE CONTRATOS COLECTIVOS VIGENTES<\/strong><\/a><\/li>\n<li><a href=\"https:\/\/zamora-chinchipe.gob.ec\/wp-content\/uploads\/2018\/06\/f1-ABRIL-2018-FORMULARIO-ACCESO-INFORMACION-PUBLICA.pdf\" target=\"_blank\" rel=\"noopener\"><strong>.f1) FORMULARIO SOLICITUD INFORMACI\u00d3N P\u00daBLICA<\/strong><\/a><\/li>\n<li><a href=\"https:\/\/zamora-chinchipe.gob.ec\/wp-content\/uploads\/2018\/06\/G7-ABRIL-2018-PRESUPUESTO.pdf\" target=\"_blank\" rel=\"noopener\"><strong>.g) PRESUPUESTO DE LA INSTITUCI\u00d3N<\/strong><\/a><\/li>\n<li><a href=\"https:\/\/zamora-chinchipe.gob.ec\/wp-content\/uploads\/2018\/06\/H1ABRIL-2018-AUDITOR\u00cdA-INTERNA.pdf\" target=\"_blank\" rel=\"noopener\"><strong>.h) RESULTADOS DE AUDITOR\u00cdAS INTERNAS Y GUBERNAMENTALES<\/strong><\/a><\/li>\n<li><a href=\"https:\/\/zamora-chinchipe.gob.ec\/wp-content\/uploads\/2018\/06\/I1-ABRIL-2018-PROCESOS-CONTRATACI\u00d3N.pdf\" target=\"_blank\" rel=\"noopener\"><strong>.i) PROCESOS DE CONTRATACIONES<\/strong><\/a><\/li>\n<li><a href=\"https:\/\/zamora-chinchipe.gob.ec\/wp-content\/uploads\/2018\/07\/I11-ABRIL-2018-\u00cdNFIMA-CUANT\u00cdA.pdf\" target=\"_blank\" rel=\"noopener\"><strong>.ii) PROCESOS DE INFIMA CUANT\u00cdA<\/strong><\/a><\/li>\n<li><a href=\"https:\/\/zamora-chinchipe.gob.ec\/wp-content\/uploads\/2018\/06\/j3-Abril-2018-EMPRESAS-Y-PERSONAS-INCUMPLIDO-CONTRATOS.pdf\" target=\"_blank\" rel=\"noopener\"><strong>.j) EMPRESAS Y PERSONAS QUE HAN INCLUMPLIDO CONTRATOS<\/strong><\/a><\/li>\n<li><a href=\"https:\/\/zamora-chinchipe.gob.ec\/wp-content\/uploads\/2018\/06\/K1-ABRIL-2018-PLANES-Y-PROGRAMAS.pdf\" target=\"_blank\" rel=\"noopener\"><strong>.k) PLANES Y PROGRAMAS<\/strong><\/a><\/li>\n<li><a href=\"https:\/\/zamora-chinchipe.gob.ec\/wp-content\/uploads\/2018\/06\/L5-ABRIL-2018-CONTRATOS-DE-CREDITO.pdf\" target=\"_blank\" rel=\"noopener\"><strong>.l) CONTRATOS DE CR\u00c9DITO EXTERNOS O INTERNOS<\/strong><\/a><\/li>\n<li><a href=\"https:\/\/zamora-chinchipe.gob.ec\/wp-content\/uploads\/2018\/06\/M14-ABRIL-2018-MECANISMOS-RENDICION-CUENTAS.pdf\" target=\"_blank\" rel=\"noopener\"><strong>.m) MECANISMOS DE RENDICI\u00d3N DE CUENTAS A LA CIUDADAN\u00cdA<\/strong><\/a><\/li>\n<li><a href=\"https:\/\/zamora-chinchipe.gob.ec\/wp-content\/uploads\/2018\/07\/N5-ABRIL-2018-VIATICOS.pdf\" target=\"_blank\" rel=\"noopener\"><strong>.n) VI\u00c1TICOS, INFORMES DE TRABAJO Y JUSTIFICATIVOS<\/strong><\/a><\/li>\n<li><a href=\"https:\/\/zamora-chinchipe.gob.ec\/wp-content\/uploads\/2018\/06\/O1-ABRIL-2018-RESPONSABLE-INFORMACION.pdf\" target=\"_blank\" rel=\"noopener\"><strong>.o) RESPONSABLE DE ATENDER LA INFORMACI\u00d3N P\u00daBLICA<\/strong><\/a><\/li>\n<li><a href=\"https:\/\/zamora-chinchipe.gob.ec\/wp-content\/uploads\/2018\/06\/s1-Abril-2018-Informaci\u00f3n-Resoluciones-1.pdf\" target=\"_blank\" rel=\"noopener\"><strong>.s) INFORMACI\u00d3N A LA CIUDADAN\u00cdA DE LAS RESOLUCIONES<\/strong><\/a><\/li>\n<\/ul>\n","protected":false},"excerpt":{"rendered":"<p>RENDICI\u00d3N DE CUENTAS ABRIL 2018 UNIDAD DE PROYECTOS .a1) ESTRUCTURA ORG\u00c1NICA FUNCIONAL .a2) BASE LEGAL QUE RIGE LA INSTITUCI\u00d3N .a3) REGULACIONES Y PROCEDIMIENTOS INTERNOS APLICABLES A LA ENTIDAD .a4) METAS Y OBJETIVOS DE LAS UNIDADES ADMINISTRATIVAS .b1) DIRECTORIO DE LA INSTITUCI\u00d3N .b2) DISTRIBUTIVO DEL PERSONAL .c) REMUNERACI\u00d3N MENSUAL POR PUESTO .d) SERVICIOS QUE OFRECE Y [&hellip;]<\/p>\n","protected":false},"author":1,"featured_media":0,"parent":0,"menu_order":0,"comment_status":"closed","ping_status":"closed","template":"","meta":{"footnotes":""},"class_list":["post-531","page","type-page","status-publish","hentry","post"],"_links":{"self":[{"href":"https:\/\/zamora-chinchipe.gob.ec\/website\/wp-json\/wp\/v2\/pages\/531","targetHints":{"allow":["GET"]}}],"collection":[{"href":"https:\/\/zamora-chinchipe.gob.ec\/website\/wp-json\/wp\/v2\/pages"}],"about":[{"href":"https:\/\/zamora-chinchipe.gob.ec\/website\/wp-json\/wp\/v2\/types\/page"}],"author":[{"embeddable":true,"href":"https:\/\/zamora-chinchipe.gob.ec\/website\/wp-json\/wp\/v2\/users\/1"}],"replies":[{"embeddable":true,"href":"https:\/\/zamora-chinchipe.gob.ec\/website\/wp-json\/wp\/v2\/comments?post=531"}],"version-history":[{"count":1,"href":"https:\/\/zamora-chinchipe.gob.ec\/website\/wp-json\/wp\/v2\/pages\/531\/revisions"}],"predecessor-version":[{"id":532,"href":"https:\/\/zamora-chinchipe.gob.ec\/website\/wp-json\/wp\/v2\/pages\/531\/revisions\/532"}],"wp:attachment":[{"href":"https:\/\/zamora-chinchipe.gob.ec\/website\/wp-json\/wp\/v2\/media?parent=531"}],"curies":[{"name":"wp","href":"https:\/\/api.w.org\/{rel}","templated":true}]}}