{"id":49,"date":"2023-08-27T16:28:40","date_gmt":"2023-08-27T21:28:40","guid":{"rendered":"https:\/\/zamora-chinchipe.gob.ec\/website\/?page_id=49"},"modified":"2024-01-04T09:01:37","modified_gmt":"2024-01-04T14:01:37","slug":"filosofia-institucional","status":"publish","type":"page","link":"https:\/\/zamora-chinchipe.gob.ec\/website\/filosofia-institucional\/","title":{"rendered":"Filosof\u00eda Institucional"},"content":{"rendered":"<div id=\"pl-gb49-69fb604545d37\"  class=\"panel-layout\" ><div id=\"pg-gb49-69fb604545d37-0\"  class=\"panel-grid panel-has-style\" ><div class=\"siteorigin-panels-stretch panel-row-style-full-width panel-row-style panel-row-style-for-gb49-69fb604545d37-0\" data-stretch-type=\"full\" ><div id=\"pgc-gb49-69fb604545d37-0-0\"  class=\"panel-grid-cell\" ><div id=\"panel-gb49-69fb604545d37-0-0-0\" class=\"widget_text so-panel widget widget_custom_html panel-first-child panel-last-child\" data-index=\"0\" ><div class=\"textwidget custom-html-widget\"><p><strong>VALORES<\/strong><\/p>\n<ul>\n<li>Transparencia.<\/li>\n<li>Trabajo en equipo.<\/li>\n<li>Comportamiento \u00e9tico.<\/li>\n<li>Conciencia Social.<\/li>\n<li>Respeto a la biodiversidad.<\/li>\n<li>Respeto a la interculturalidad.<\/li>\n<\/ul>\n<p style=\"text-align: justify;\"><strong>MISI\u00d3N.<\/strong><br \/>Legislar y fiscalizar de conformidad a la Constituci\u00f3n de la Rep\u00fablica y el C\u00f3digo Org\u00e1nico de Organizaci\u00f3n Territorial, Autonom\u00eda y Descentralizaci\u00f3n a fin de garantizar el cumplimiento de los fines del Gobierno Aut\u00f3nomo Descentralizado Provincial de Zamora Chinchipe.<\/p>\n<p>Dentro de la filosof\u00eda institucional se tiene los siguientes reglamentos:<\/p>\n<ul>\n<li><a href=\"https:\/\/zamora-chinchipe.gob.ec\/website\/wp-content\/uploads\/2023\/08\/REGLAMENTO-INTERNO-TTHH-GADPZCH.pdf\" target=\"_blank\" rel=\"noopener\" data-wplink-edit=\"true\">Reglamento interno TTHH del GAD Provincial de Zamora Chinchipe<\/a><\/li>\n<\/ul>\n<p><iframe loading=\"lazy\" title=\"Iframe Example\" src=\"https:\/\/zamora-chinchipe.gob.ec\/website\/wp-content\/uploads\/2023\/08\/REGLAMENTO-INTERNO-TTHH-GADPZCH.pdf\" width=\"80%\" height=\"500\"><\/iframe><\/p>\n<ul>\n<li><a href=\"https:\/\/zamora-chinchipe.gob.ec\/website\/wp-content\/uploads\/2023\/08\/REGLAMENTO_INTERNO_DE_TRABAJADORES.pdf\" target=\"_blank\" rel=\"noopener\">Reglamento interno de trabajadores<\/a><\/li>\n<\/ul>\n<p><iframe loading=\"lazy\" title=\"Iframe Example\" src=\"https:\/\/zamora-chinchipe.gob.ec\/website\/wp-content\/uploads\/2023\/08\/REGLAMENTO_INTERNO_DE_TRABAJADORES.pdf\" width=\"80%\" height=\"500\"><\/iframe><\/p><\/div><\/div><\/div><\/div><\/div><\/div>","protected":false},"excerpt":{"rendered":"","protected":false},"author":1,"featured_media":0,"parent":0,"menu_order":0,"comment_status":"closed","ping_status":"closed","template":"","meta":{"footnotes":""},"class_list":["post-49","page","type-page","status-publish","hentry","post"],"_links":{"self":[{"href":"https:\/\/zamora-chinchipe.gob.ec\/website\/wp-json\/wp\/v2\/pages\/49","targetHints":{"allow":["GET"]}}],"collection":[{"href":"https:\/\/zamora-chinchipe.gob.ec\/website\/wp-json\/wp\/v2\/pages"}],"about":[{"href":"https:\/\/zamora-chinchipe.gob.ec\/website\/wp-json\/wp\/v2\/types\/page"}],"author":[{"embeddable":true,"href":"https:\/\/zamora-chinchipe.gob.ec\/website\/wp-json\/wp\/v2\/users\/1"}],"replies":[{"embeddable":true,"href":"https:\/\/zamora-chinchipe.gob.ec\/website\/wp-json\/wp\/v2\/comments?post=49"}],"version-history":[{"count":10,"href":"https:\/\/zamora-chinchipe.gob.ec\/website\/wp-json\/wp\/v2\/pages\/49\/revisions"}],"predecessor-version":[{"id":1440,"href":"https:\/\/zamora-chinchipe.gob.ec\/website\/wp-json\/wp\/v2\/pages\/49\/revisions\/1440"}],"wp:attachment":[{"href":"https:\/\/zamora-chinchipe.gob.ec\/website\/wp-json\/wp\/v2\/media?parent=49"}],"curies":[{"name":"wp","href":"https:\/\/api.w.org\/{rel}","templated":true}]}}