{"id":479,"date":"2023-09-04T11:58:51","date_gmt":"2023-09-04T16:58:51","guid":{"rendered":"https:\/\/zamora-chinchipe.gob.ec\/website\/?page_id=479"},"modified":"2023-09-04T11:59:00","modified_gmt":"2023-09-04T16:59:00","slug":"enero-2019","status":"publish","type":"page","link":"https:\/\/zamora-chinchipe.gob.ec\/website\/enero-2019\/","title":{"rendered":"ENERO 2019"},"content":{"rendered":"<h2 style=\"text-align: center;\"><a href=\"https:\/\/zamora-chinchipe.gob.ec\/wp-content\/uploads\/2019\/05\/CONSOLIDADO-RENDICI\u00d3N-DE-CUENTAS-2018.pdf\" target=\"_blank\" rel=\"noopener noreferrer\"><strong>RENDICI\u00d3N DE CUENTAS\u00a0 2018<\/strong><\/a><\/h2>\n<h2 style=\"text-align: center;\"><a href=\"https:\/\/zamora-chinchipe.gob.ec\/wp-content\/uploads\/2018\/02\/PDOT-ZAMORA-CHINCHIPE-2014-2019-m.pdf\" target=\"_blank\" rel=\"noopener noreferrer\"><strong>PLAN DE DESARROLLO PROVINCIAL 2014 \u2013 2019<\/strong><\/a><\/h2>\n<p><strong>UNIDAD DE PROYECTOS<\/strong><\/p>\n<p><strong>C\u00c9DULA PRESUPUEST\u00c1RIA <\/strong><\/p>\n<p><a href=\"https:\/\/zamora-chinchipe.gob.ec\/wp-content\/uploads\/2018\/02\/PLAN-TRABAJO-SALVADOR-QUISHPE-y-KARLA-REATEGUI-2017.pdf\" target=\"_blank\" rel=\"noopener noreferrer\"><strong>PLAN DE TRABAJO<\/strong><\/a><\/p>\n<p><strong><a href=\"https:\/\/zamora-chinchipe.gob.ec\/wp-content\/uploads\/2021\/01\/2.-POA-2019-OK1-6-mb.pdf\" target=\"_blank\" rel=\"noopener\">POA 2019<\/a><\/strong><\/p>\n<ul>\n<li><a href=\"https:\/\/zamora-chinchipe.gob.ec\/wp-content\/uploads\/2019\/12\/A1-ENERO-2019-ESTRUCTURA-ORG\u00c1NICA-FUNCIONAL.pdf\" target=\"_blank\" rel=\"noopener noreferrer\"><strong>.a1) ESTRUCTURA ORG\u00c1NICA FUNCIONAL<\/strong><\/a><\/li>\n<li><a href=\"https:\/\/zamora-chinchipe.gob.ec\/wp-content\/uploads\/2019\/02\/A2-ENERO-2019-BASE-LEGAL.pdf\" target=\"_blank\" rel=\"noopener noreferrer\"><strong>.a2) BASE LEGAL QUE RIGE LA INSTITUCI\u00d3N<\/strong><\/a><\/li>\n<li><a href=\"https:\/\/zamora-chinchipe.gob.ec\/wp-content\/uploads\/2019\/02\/A3-ENERO-2019-REGULACIONES-Y-PROCEDIMIENTOS.pdf\" target=\"_blank\" rel=\"noopener noreferrer\"><strong>.a3) REGULACIONES Y PROCEDIMIENTOS INTERNOS APLICABLES A LA ENTIDAD<\/strong><\/a><\/li>\n<li><a href=\"https:\/\/zamora-chinchipe.gob.ec\/wp-content\/uploads\/2019\/03\/A4-ENERO-2019-METAS-Y-OBJETIVOS-UNIDADES-ADMINISTRATIVAS.pdf\" target=\"_blank\" rel=\"noopener noreferrer\"><strong>.a4) METAS Y OBJETIVOS DE LAS UNIDADES ADMINISTRATIVAS<\/strong><\/a><\/li>\n<li><a href=\"https:\/\/zamora-chinchipe.gob.ec\/wp-content\/uploads\/2019\/12\/B1-ENERO-2019-DIRECTORIO-INSTITUCI\u00d3N.pdf\" target=\"_blank\" rel=\"noopener noreferrer\"><strong>.b1) DIRECTORIO DE LA INSTITUCI\u00d3N<\/strong><\/a><\/li>\n<li><a href=\"https:\/\/zamora-chinchipe.gob.ec\/wp-content\/uploads\/2019\/12\/B2-ENERO-2019-DISTRIBUTIVO-PERSONAL.pdf\" target=\"_blank\" rel=\"noopener noreferrer\"><strong>.b2) DISTRIBUTIVO DEL PERSONAL<\/strong><\/a><\/li>\n<li><a href=\"https:\/\/zamora-chinchipe.gob.ec\/wp-content\/uploads\/2019\/12\/C-ENERO-2018-REMUNERACI\u00d3N-MENSUAL.pdf\" target=\"_blank\" rel=\"noopener noreferrer\"><strong>.c) REMUNERACI\u00d3N MENSUAL POR PUESTO<\/strong><\/a><\/li>\n<li><a href=\"https:\/\/zamora-chinchipe.gob.ec\/wp-content\/uploads\/2019\/03\/D5-ENERO-2019-SERVICIOS-QUE-OFRECE.pdf\" target=\"_blank\" rel=\"noopener noreferrer\"><strong>.d) SERVICIOS QUE OFRECE Y LA FORMA DE ACCEDER A ELLOS<\/strong><\/a><\/li>\n<li><a href=\"https:\/\/zamora-chinchipe.gob.ec\/wp-content\/uploads\/2019\/02\/E1-ENERO-2019-CONTRATOS-COLECTIVOS.pdf\" target=\"_blank\" rel=\"noopener noreferrer\"><strong>.e) TEXTO \u00cdNTEGRO DE CONTRATOS COLECTIVOS VIGENTES<\/strong><\/a><\/li>\n<li><a href=\"https:\/\/zamora-chinchipe.gob.ec\/wp-content\/uploads\/2019\/03\/F1-ENERO-2019-FORMULARIO-ACCESO-INFORMACI\u00d3N-P\u00daBLICA.pdf\" target=\"_blank\" rel=\"noopener noreferrer\"><strong>.f1) FORMULARIO SOLICITUD INFORMACI\u00d3N P\u00daBLICA<\/strong><\/a><\/li>\n<li><a href=\"https:\/\/zamora-chinchipe.gob.ec\/wp-content\/uploads\/2020\/01\/F2-ENERO-2019-ACCESO-INFORMACI\u00d3N-P\u00daBLICA.pdf\" target=\"_blank\" rel=\"noopener noreferrer\"><strong>.f2) FORMULARIO SOLICITUD ACCESO A LA INFORMACI\u00d3N P\u00daBLICA<\/strong><\/a><\/li>\n<li><a href=\"https:\/\/zamora-chinchipe.gob.ec\/wp-content\/uploads\/2021\/05\/g-ENERO-2019-PRESUPUESTO-INSTITUCION.pdf\" target=\"_blank\" rel=\"noopener\"><strong>.g) PRESUPUESTO DE LA INSTITUCI\u00d3N<\/strong><\/a><\/li>\n<li><strong>.h) RESULTADOS DE AUDITOR\u00cdAS INTERNAS Y GUBERNAMENTALES<\/strong><\/li>\n<li><strong>.i) PROCESOS DE CONTRATACIONES<\/strong><\/li>\n<li><a href=\"https:\/\/zamora-chinchipe.gob.ec\/wp-content\/uploads\/2019\/03\/l11-ENERO-2019-INFIMA-CUANTIA.pdf\" target=\"_blank\" rel=\"noopener noreferrer\"><strong>.ii) PROCESOS DE INFIMA CUANT\u00cdA<\/strong><\/a><\/li>\n<li><a href=\"https:\/\/zamora-chinchipe.gob.ec\/wp-content\/uploads\/2019\/02\/J3-ENERO-2019-EMPRESAS-Y-PERSONAS-INCUMPLIDAS-CONTRATOS.pdf\" target=\"_blank\" rel=\"noopener noreferrer\"><strong>.j) EMPRESAS Y PERSONAS QUE HAN INCLUMPLIDO CONTRATOS<\/strong><\/a><\/li>\n<li><a href=\"https:\/\/zamora-chinchipe.gob.ec\/wp-content\/uploads\/2019\/03\/K2-ENERO-2019-PLANES-Y-PROGRAMAS.pdf\" target=\"_blank\" rel=\"noopener noreferrer\"><strong>k. PLANES Y PROGRAMAS<\/strong><\/a><\/li>\n<li><a href=\"https:\/\/zamora-chinchipe.gob.ec\/wp-content\/uploads\/2019\/02\/L5-ENERO-2019-CONTRATOS-DE-CREDITO.pdf\" target=\"_blank\" rel=\"noopener noreferrer\"><strong>.l) CONTRATOS DE CR\u00c9DITO EXTERNOS O INTERNOS<\/strong><\/a><\/li>\n<li><a href=\"https:\/\/zamora-chinchipe.gob.ec\/wp-content\/uploads\/2020\/12\/M-ENERO-2019-MECANISMOS-RENDICION-CUENTAS.pdf\" target=\"_blank\" rel=\"noopener\"><strong>.m) MECANISMOS DE RENDICI\u00d3N DE CUENTAS A LA CIUDADAN\u00cdA<\/strong><\/a><\/li>\n<li><a href=\"https:\/\/zamora-chinchipe.gob.ec\/wp-content\/uploads\/2021\/04\/N-ENERO-2019-VIATICOS.pdf\" target=\"_blank\" rel=\"noopener\"><strong>.n) VI\u00c1TICOS, INFORMES DE TRABAJO Y JUSTIFICATIVOS<\/strong><\/a><\/li>\n<li><a href=\"https:\/\/zamora-chinchipe.gob.ec\/wp-content\/uploads\/2019\/03\/01-ENERO-2019-RESPONSABLE-INFORMACION-PUBLICA.pdf\" target=\"_blank\" rel=\"noopener noreferrer\"><strong>.o) RESPONSABLE DE ATENDER LA INFORMACI\u00d3N P\u00daBLICA<\/strong><\/a><\/li>\n<li><a href=\"https:\/\/zamora-chinchipe.gob.ec\/wp-content\/uploads\/2021\/10\/s-Enero-2019-Informacion-de-Resoluciones.pdf\" target=\"_blank\" rel=\"noopener\"><strong>.s) INFORMACI\u00d3N A LA CIUDADAN\u00cdA DE LAS RESOLUCIONES<\/strong><\/a><\/li>\n<\/ul>\n","protected":false},"excerpt":{"rendered":"<p>RENDICI\u00d3N DE CUENTAS\u00a0 2018 PLAN DE DESARROLLO PROVINCIAL 2014 \u2013 2019 UNIDAD DE PROYECTOS C\u00c9DULA PRESUPUEST\u00c1RIA PLAN DE TRABAJO POA 2019 .a1) ESTRUCTURA ORG\u00c1NICA FUNCIONAL .a2) BASE LEGAL QUE RIGE LA INSTITUCI\u00d3N .a3) REGULACIONES Y PROCEDIMIENTOS INTERNOS APLICABLES A LA ENTIDAD .a4) METAS Y OBJETIVOS DE LAS UNIDADES ADMINISTRATIVAS .b1) DIRECTORIO DE LA INSTITUCI\u00d3N .b2) [&hellip;]<\/p>\n","protected":false},"author":1,"featured_media":0,"parent":0,"menu_order":0,"comment_status":"closed","ping_status":"closed","template":"","meta":{"footnotes":""},"class_list":["post-479","page","type-page","status-publish","hentry","post"],"_links":{"self":[{"href":"https:\/\/zamora-chinchipe.gob.ec\/website\/wp-json\/wp\/v2\/pages\/479","targetHints":{"allow":["GET"]}}],"collection":[{"href":"https:\/\/zamora-chinchipe.gob.ec\/website\/wp-json\/wp\/v2\/pages"}],"about":[{"href":"https:\/\/zamora-chinchipe.gob.ec\/website\/wp-json\/wp\/v2\/types\/page"}],"author":[{"embeddable":true,"href":"https:\/\/zamora-chinchipe.gob.ec\/website\/wp-json\/wp\/v2\/users\/1"}],"replies":[{"embeddable":true,"href":"https:\/\/zamora-chinchipe.gob.ec\/website\/wp-json\/wp\/v2\/comments?post=479"}],"version-history":[{"count":1,"href":"https:\/\/zamora-chinchipe.gob.ec\/website\/wp-json\/wp\/v2\/pages\/479\/revisions"}],"predecessor-version":[{"id":480,"href":"https:\/\/zamora-chinchipe.gob.ec\/website\/wp-json\/wp\/v2\/pages\/479\/revisions\/480"}],"wp:attachment":[{"href":"https:\/\/zamora-chinchipe.gob.ec\/website\/wp-json\/wp\/v2\/media?parent=479"}],"curies":[{"name":"wp","href":"https:\/\/api.w.org\/{rel}","templated":true}]}}