{"id":337,"date":"2023-08-31T10:05:47","date_gmt":"2023-08-31T15:05:47","guid":{"rendered":"https:\/\/zamora-chinchipe.gob.ec\/website\/?page_id=337"},"modified":"2023-10-04T09:29:36","modified_gmt":"2023-10-04T14:29:36","slug":"canton-centinela-del-condor","status":"publish","type":"page","link":"https:\/\/zamora-chinchipe.gob.ec\/website\/canton-centinela-del-condor\/","title":{"rendered":"Cant\u00f3n Centinela del Condor"},"content":{"rendered":"<p style=\"text-align: center;\"><img loading=\"lazy\" class=\"alignnone size-full wp-image-1129\" src=\"https:\/\/zamora-chinchipe.gob.ec\/website\/wp-content\/uploads\/2023\/10\/centinelaCondor.jpg\" alt=\"\" width=\"1600\" height=\"900\" srcset=\"https:\/\/zamora-chinchipe.gob.ec\/website\/wp-content\/uploads\/2023\/10\/centinelaCondor.jpg 1600w, https:\/\/zamora-chinchipe.gob.ec\/website\/wp-content\/uploads\/2023\/10\/centinelaCondor-300x169.jpg 300w, https:\/\/zamora-chinchipe.gob.ec\/website\/wp-content\/uploads\/2023\/10\/centinelaCondor-1024x576.jpg 1024w, https:\/\/zamora-chinchipe.gob.ec\/website\/wp-content\/uploads\/2023\/10\/centinelaCondor-768x432.jpg 768w, https:\/\/zamora-chinchipe.gob.ec\/website\/wp-content\/uploads\/2023\/10\/centinelaCondor-1536x864.jpg 1536w\" sizes=\"auto, (max-width: 1600px) 100vw, 1600px\" \/><\/p>\n<p>Bienvenidos al cant\u00f3n Centinela del C\u00f3ndor, un para\u00edso en el coraz\u00f3n de la provincia de Zamora Chinchipe. Desde su elevaci\u00f3n al nivel de cant\u00f3n, el 21 de marzo de 1995, este lugar se ha convertido en un s\u00edmbolo de progreso y desarrollo.<\/p>\n<p>Nuestro cant\u00f3n se compone de una parroquia urbana (Zumbi) y dos parroquias rurales (Triunfo El Dorado-Panguintza), cada una con su encanto \u00fanico. Seg\u00fan las proyecciones del INEC para el a\u00f1o 2020, m\u00e1s de 8,000 personas han elegido este rinc\u00f3n especial como su hogar. A pesar de ser el de menor extensi\u00f3n en la provincia, su belleza y potencial son inigualables.<\/p>\n<p>Limita al norte con el cant\u00f3n Yantzaza, al sur con Nangaritza, al este con Paquisha y al oeste con Zamora. Las cumbres m\u00e1s altas se alzan al suroeste del cant\u00f3n, en la impresionante cordillera de Nanguipa, llegando a alcanzar los 2,240 msnm. Y cuando el sol acaricia las orillas de los r\u00edos Zamora y Nangaritza, descubrir\u00e1s tierras f\u00e9rtiles donde se cultivan productos amaz\u00f3nicos como el pl\u00e1tano, la yuca, la chonta y una variedad de frutas tropicales.<\/p>\n<p>Te invitamos a sumergirte en nuestra cultura, tradiciones y deleitarte con la exquisita gastronom\u00eda local. Descubre el esp\u00edritu acogedor de este pueblo, dispuesta a compartir sus historias y experiencias contigo.<\/p>\n<p>Explora el presente sitio web para descubrir m\u00e1s sobre las atracciones tur\u00edsticas, eventos especiales y oportunidades de inversi\u00f3n.<\/p>\n<p style=\"text-align: center;\"><strong>\u00a1Bienvenido a Centinela del C\u00f3ndor, donde la belleza natural se fusiona con el esp\u00edritu emprendedor y la calidez de nuestra gente!<\/strong><\/p>\n<h2>Bandera del Cant\u00f3n Centinela del Condor<\/h2>\n<p style=\"text-align: center;\"><img loading=\"lazy\" class=\"bandera alignnone wp-image-338 size-full\" src=\"https:\/\/zamora-chinchipe.gob.ec\/website\/wp-content\/uploads\/2023\/08\/banderaCentinelaCondor.jpg\" alt=\"\" width=\"600\" height=\"394\" srcset=\"https:\/\/zamora-chinchipe.gob.ec\/website\/wp-content\/uploads\/2023\/08\/banderaCentinelaCondor.jpg 600w, https:\/\/zamora-chinchipe.gob.ec\/website\/wp-content\/uploads\/2023\/08\/banderaCentinelaCondor-300x197.jpg 300w\" sizes=\"auto, (max-width: 600px) 100vw, 600px\" \/><\/p>\n<h2>Himno del Cant\u00f3n Centinela del Condor<\/h2>\n<p>\u00a0<strong>Espa\u00f1ol<\/strong><\/p>\n<!--[if lt IE 9]><script>document.createElement('audio');<\/script><![endif]-->\n<audio class=\"wp-audio-shortcode\" id=\"audio-337-1\" preload=\"none\" style=\"width: 100%;\" controls=\"controls\"><source type=\"audio\/mpeg\" src=\"https:\/\/zamora-chinchipe.gob.ec\/website\/wp-content\/uploads\/2023\/08\/Centinela-del-condor-espanol.mp3?_=1\" \/><a href=\"https:\/\/zamora-chinchipe.gob.ec\/website\/wp-content\/uploads\/2023\/08\/Centinela-del-condor-espanol.mp3\">https:\/\/zamora-chinchipe.gob.ec\/website\/wp-content\/uploads\/2023\/08\/Centinela-del-condor-espanol.mp3<\/a><\/audio>\n<p>\u00a0<strong>Kichwa<\/strong><\/p>\n<audio class=\"wp-audio-shortcode\" id=\"audio-337-2\" preload=\"none\" style=\"width: 100%;\" controls=\"controls\"><source type=\"audio\/mpeg\" src=\"https:\/\/zamora-chinchipe.gob.ec\/website\/wp-content\/uploads\/2023\/08\/CENTINELA-DEL-CONDOR-KICHWA.mp3?_=2\" \/><a href=\"https:\/\/zamora-chinchipe.gob.ec\/website\/wp-content\/uploads\/2023\/08\/CENTINELA-DEL-CONDOR-KICHWA.mp3\">https:\/\/zamora-chinchipe.gob.ec\/website\/wp-content\/uploads\/2023\/08\/CENTINELA-DEL-CONDOR-KICHWA.mp3<\/a><\/audio>\n<p>\u00a0<strong>Shuar<\/strong><\/p>\n<audio class=\"wp-audio-shortcode\" id=\"audio-337-3\" preload=\"none\" style=\"width: 100%;\" controls=\"controls\"><source type=\"audio\/mpeg\" src=\"https:\/\/zamora-chinchipe.gob.ec\/website\/wp-content\/uploads\/2023\/08\/CENTINELA-DEL-CONDOR-SHUAR.mp3?_=3\" \/><a href=\"https:\/\/zamora-chinchipe.gob.ec\/website\/wp-content\/uploads\/2023\/08\/CENTINELA-DEL-CONDOR-SHUAR.mp3\">https:\/\/zamora-chinchipe.gob.ec\/website\/wp-content\/uploads\/2023\/08\/CENTINELA-DEL-CONDOR-SHUAR.mp3<\/a><\/audio>\n\n<div id=\"pl-gb337-69fb63b62051f\"  class=\"panel-layout\" ><div id=\"pg-gb337-69fb63b62051f-0\"  class=\"panel-grid panel-no-style\" ><div id=\"pgc-gb337-69fb63b62051f-0-0\"  class=\"panel-grid-cell panel-grid-cell-empty\" ><\/div><\/div><div id=\"pg-gb337-69fb63b62051f-1\"  class=\"panel-grid panel-no-style\" ><div id=\"pgc-gb337-69fb63b62051f-1-0\"  class=\"panel-grid-cell\" ><div id=\"panel-gb337-69fb63b62051f-1-0-0\" class=\"so-panel widget widget_sow-post-carousel panel-first-child panel-last-child\" data-index=\"0\" ><div\n\t\t\t\n\t\t\tclass=\"so-widget-sow-post-carousel so-widget-sow-post-carousel-base-f639a26ce8cf-337\"\n\t\t\t\n\t\t>\t<div\n\t\tclass=\"sow-post-carousel-wrapper sow-post-carousel-theme-base\"\n\t\tstyle=\"overflow: hidden; max-width: 100%; min-height: 272px\"\n\t>\n\t\t<div class=\"sow-carousel-title has-title\">\n\t<h3 class=\"widget-title\">Noticias<\/h3>\t\t<div class=\"sow-carousel-navigation \">\n\t\t\t\t\t\t<a href=\"#\" class=\"sow-carousel-next\" title=\"Siguiente\" aria-label=\"Entradas siguientes\" role=\"button\"><\/a>\n\t\t\t\t\t\t<a href=\"#\" class=\"sow-carousel-previous\" title=\"Anterior\" aria-label=\"Entradas anteriores\" role=\"button\"><\/a>\n\t\t\t\t\t<\/div>\n\t<\/div>\n\n<div class=\"sow-carousel-container \">\n\t\t<div class=\"sow-carousel-wrapper\"\n\t\tdata-dir=\"ltr\"\n\t\tstyle=\"opacity: 0;\"\n\t\tdata-widget=\"post\" data-fetching=\"false\" data-page=\"1\" data-ajax-url=\"https:\/\/zamora-chinchipe.gob.ec\/website\/wp-admin\/admin-ajax.php?_widgets_nonce=314f352086\" data-item_count=\"38\" data-carousel_settings=\"{&quot;loop&quot;:true,&quot;animation&quot;:&quot;ease&quot;,&quot;animation_speed&quot;:800,&quot;autoplay&quot;:false,&quot;pauseOnHover&quot;:false,&quot;autoplaySpeed&quot;:8000,&quot;item_overflow&quot;:true,&quot;autoplay_continuous_scroll&quot;:false}\" data-responsive=\"{&quot;desktop_slides_to_scroll&quot;:1,&quot;tablet_landscape_breakpoint&quot;:1366,&quot;tablet_landscape_slides_to_scroll&quot;:2,&quot;tablet_portrait_breakpoint&quot;:1025,&quot;tablet_portrait_slides_to_scroll&quot;:2,&quot;mobile_breakpoint&quot;:480,&quot;mobile_slides_to_scroll&quot;:1}\" data-variable_width=\"true\" \t>\n\t\t<div\n\t\t\tclass=\"sow-carousel-items\"\n\t\t\t\t\t>\n\t\t\t\t<div class=\"sow-carousel-item\" tabindex=\"-1\" style=\"float: left;\">\n\t\t<div class=\"sow-carousel-thumbnail\">\n\t\t\t\t\t\t\t<a\n\t\t\t\t\thref=\"https:\/\/zamora-chinchipe.gob.ec\/website\/2026\/04\/15\/asfaltan-las-calles-secundarias-en-la-wintza-del-canton-centinela-del-condor\/\"\n\t\t\t\t\t\t\t\t\t\tstyle=\"background-image: url( https:\/\/zamora-chinchipe.gob.ec\/website\/wp-content\/uploads\/2026\/04\/foto-2-1-436x272.jpg )\"\n\t\t\t\t\taria-labelledby=\"sow-carousel-id-4862\"\n\t\t\t\t\ttabindex=\"-1\"\n\t\t\t\t>\n\t\t\t\t\t<span class=\"overlay\"><\/span>\n\t\t\t\t<\/a>\n\t\t\t\t\t<\/div>\n\t\t<h3 class=\"sow-carousel-item-title\">\n\t\t\t<a\n\t\t\t\thref=\"https:\/\/zamora-chinchipe.gob.ec\/website\/2026\/04\/15\/asfaltan-las-calles-secundarias-en-la-wintza-del-canton-centinela-del-condor\/\"\n\t\t\t\tid=\"sow-carousel-id-4862\"\n\t\t\t\t\t\t\t\ttabindex=\"-1\"\n\t\t\t>\n\n\t\t\t\tAsfaltan las calles secundarias en La Wintza, del cant\u00f3n Centinela del C\u00f3ndor.\t\t\t<\/a>\n\t\t<\/h3>\n\t<\/div>\n\t<div class=\"sow-carousel-item\" tabindex=\"-1\" style=\"float: left;\">\n\t\t<div class=\"sow-carousel-thumbnail\">\n\t\t\t\t\t\t\t<a\n\t\t\t\t\thref=\"https:\/\/zamora-chinchipe.gob.ec\/website\/2026\/02\/18\/el-asfalto-es-una-realidad-para-nanguipa-en-centinela-del-condor\/\"\n\t\t\t\t\t\t\t\t\t\tstyle=\"background-image: url( https:\/\/zamora-chinchipe.gob.ec\/website\/wp-content\/uploads\/2026\/02\/foto-2-1-436x272.jpg )\"\n\t\t\t\t\taria-labelledby=\"sow-carousel-id-4738\"\n\t\t\t\t\ttabindex=\"-1\"\n\t\t\t\t>\n\t\t\t\t\t<span class=\"overlay\"><\/span>\n\t\t\t\t<\/a>\n\t\t\t\t\t<\/div>\n\t\t<h3 class=\"sow-carousel-item-title\">\n\t\t\t<a\n\t\t\t\thref=\"https:\/\/zamora-chinchipe.gob.ec\/website\/2026\/02\/18\/el-asfalto-es-una-realidad-para-nanguipa-en-centinela-del-condor\/\"\n\t\t\t\tid=\"sow-carousel-id-4738\"\n\t\t\t\t\t\t\t\ttabindex=\"-1\"\n\t\t\t>\n\n\t\t\t\tEl asfalto es una realidad para Nanguipa, en Centinela del C\u00f3ndor\t\t\t<\/a>\n\t\t<\/h3>\n\t<\/div>\n\t<div class=\"sow-carousel-item\" tabindex=\"-1\" style=\"float: left;\">\n\t\t<div class=\"sow-carousel-thumbnail\">\n\t\t\t\t\t\t\t<a\n\t\t\t\t\thref=\"https:\/\/zamora-chinchipe.gob.ec\/website\/2026\/02\/09\/prefectura-de-zamora-chinchipe-atiende-emergencias-invernales-en-la-provincia\/\"\n\t\t\t\t\t\t\t\t\t\tstyle=\"background-image: url( https:\/\/zamora-chinchipe.gob.ec\/website\/wp-content\/uploads\/2026\/02\/fotos-7-436x272.jpg )\"\n\t\t\t\t\taria-labelledby=\"sow-carousel-id-4702\"\n\t\t\t\t\ttabindex=\"-1\"\n\t\t\t\t>\n\t\t\t\t\t<span class=\"overlay\"><\/span>\n\t\t\t\t<\/a>\n\t\t\t\t\t<\/div>\n\t\t<h3 class=\"sow-carousel-item-title\">\n\t\t\t<a\n\t\t\t\thref=\"https:\/\/zamora-chinchipe.gob.ec\/website\/2026\/02\/09\/prefectura-de-zamora-chinchipe-atiende-emergencias-invernales-en-la-provincia\/\"\n\t\t\t\tid=\"sow-carousel-id-4702\"\n\t\t\t\t\t\t\t\ttabindex=\"-1\"\n\t\t\t>\n\n\t\t\t\tPrefectura de Zamora Chinchipe atiende emergencias invernales en la provincia\t\t\t<\/a>\n\t\t<\/h3>\n\t<\/div>\n\t\t<\/div>\n\t\t\t<\/div>\n\n\t<\/div>\n\t\t<input type=\"hidden\" name=\"instance_hash\" value=\"1906db86\"\/>\n\t<\/div>\n<\/div><\/div><\/div><\/div><\/div>","protected":false},"excerpt":{"rendered":"<p>Bienvenidos al cant\u00f3n Centinela del C\u00f3ndor, un para\u00edso en el coraz\u00f3n de la provincia de Zamora Chinchipe. Desde su elevaci\u00f3n al nivel de cant\u00f3n, el 21 de marzo de 1995, este lugar se ha convertido en un s\u00edmbolo de progreso y desarrollo. Nuestro cant\u00f3n se compone de una parroquia urbana (Zumbi) y dos parroquias rurales [&hellip;]<\/p>\n","protected":false},"author":1,"featured_media":0,"parent":0,"menu_order":0,"comment_status":"closed","ping_status":"closed","template":"","meta":{"footnotes":""},"class_list":["post-337","page","type-page","status-publish","hentry","post"],"_links":{"self":[{"href":"https:\/\/zamora-chinchipe.gob.ec\/website\/wp-json\/wp\/v2\/pages\/337","targetHints":{"allow":["GET"]}}],"collection":[{"href":"https:\/\/zamora-chinchipe.gob.ec\/website\/wp-json\/wp\/v2\/pages"}],"about":[{"href":"https:\/\/zamora-chinchipe.gob.ec\/website\/wp-json\/wp\/v2\/types\/page"}],"author":[{"embeddable":true,"href":"https:\/\/zamora-chinchipe.gob.ec\/website\/wp-json\/wp\/v2\/users\/1"}],"replies":[{"embeddable":true,"href":"https:\/\/zamora-chinchipe.gob.ec\/website\/wp-json\/wp\/v2\/comments?post=337"}],"version-history":[{"count":7,"href":"https:\/\/zamora-chinchipe.gob.ec\/website\/wp-json\/wp\/v2\/pages\/337\/revisions"}],"predecessor-version":[{"id":1180,"href":"https:\/\/zamora-chinchipe.gob.ec\/website\/wp-json\/wp\/v2\/pages\/337\/revisions\/1180"}],"wp:attachment":[{"href":"https:\/\/zamora-chinchipe.gob.ec\/website\/wp-json\/wp\/v2\/media?parent=337"}],"curies":[{"name":"wp","href":"https:\/\/api.w.org\/{rel}","templated":true}]}}