{"id":328,"date":"2023-08-31T09:59:52","date_gmt":"2023-08-31T14:59:52","guid":{"rendered":"https:\/\/zamora-chinchipe.gob.ec\/website\/?page_id=328"},"modified":"2023-10-04T09:30:05","modified_gmt":"2023-10-04T14:30:05","slug":"canton-chinchipe","status":"publish","type":"page","link":"https:\/\/zamora-chinchipe.gob.ec\/website\/canton-chinchipe\/","title":{"rendered":"Cant\u00f3n Chinchipe"},"content":{"rendered":"<p style=\"text-align: justify;\"><img loading=\"lazy\" class=\"aligncenter wp-image-333 size-full\" src=\"https:\/\/zamora-chinchipe.gob.ec\/website\/wp-content\/uploads\/2023\/08\/chinchipe.jpg\" alt=\"\" width=\"900\" height=\"504\" srcset=\"https:\/\/zamora-chinchipe.gob.ec\/website\/wp-content\/uploads\/2023\/08\/chinchipe.jpg 900w, https:\/\/zamora-chinchipe.gob.ec\/website\/wp-content\/uploads\/2023\/08\/chinchipe-300x168.jpg 300w, https:\/\/zamora-chinchipe.gob.ec\/website\/wp-content\/uploads\/2023\/08\/chinchipe-768x430.jpg 768w\" sizes=\"auto, (max-width: 900px) 100vw, 900px\" \/>\u00a0Bienvenidos al cant\u00f3n Chinchipe<\/p>\n<p style=\"text-align: justify;\">Ubicado en el extremo sur de la provincia, es un escenario natural de ensue\u00f1o al este de Cordillera de los Andes. Prep\u00e1rate para descubrir un lugar lleno de encanto y diversidad.<br \/>Con sus 1,102 km2 de extensi\u00f3n, el cant\u00f3n Chinchipe se compone de las parroquias de Zumba, Chito, El Chorro, San Andr\u00e9s, La Chonta y Pucapamba. Seg\u00fan las proyecciones del INEC para el a\u00f1o 2020, m\u00e1s de 10,000 personas han encontrado aqu\u00ed su hogar, formando una comunidad acogedora y llena de vida.<\/p>\n<p style=\"text-align: justify;\">Limita al norte con el cant\u00f3n Palanda, hacia los r\u00edos Palanuma, Chinchipe, Mayo y Punchis. Al sur y al este con la Rep\u00fablica del Per\u00fa y al oeste, se extiende hasta la provincia de Loja, abri\u00e9ndote las puertas a nuevos horizontes.<\/p>\n<p style=\"text-align: justify;\">La altitud media del cant\u00f3n es de 2,235 msnm, su orograf\u00eda presenta una irregularidad fascinante caracter\u00edstica de la regi\u00f3n monta\u00f1osa del sur del pa\u00eds. Desde las orillas del majestuoso R\u00edo Chinchipe, a una altitud de 605 msnm, hasta los impresionantes p\u00e1ramos de la Cordillera de los Andes en el Parque Nacional Yacuri, donde la altitud alcanza los 3,842 msnm. Aqu\u00ed, podr\u00e1s maravillarte con el \u00fanico ecosistema de bosque semideciduo piemontano del sur de la Cordillera Oriental de los Andes.<br \/>Te invitamos a descubrir m\u00e1s sobre nuestras maravillas naturales, tradiciones arraigadas y la hospitalidad de nuestra gente. Explora nuestro sitio web para obtener informaci\u00f3n detallada sobre atracciones tur\u00edsticas y eventos especiales.<\/p>\n<p style=\"text-align: center;\"><strong>\u00a1Bienvenido a Chinchipe, donde la naturaleza se encuentra con la cultura y la aventura te espera en cada paso que des!<\/strong><\/p>\n<h2>Bandera del Cant\u00f3n Chinchipe<\/h2>\n<p><img loading=\"lazy\" class=\"bandera aligncenter wp-image-332 size-full\" src=\"https:\/\/zamora-chinchipe.gob.ec\/website\/wp-content\/uploads\/2023\/08\/banderaChinchipe.jpg\" alt=\"\" width=\"600\" height=\"394\" srcset=\"https:\/\/zamora-chinchipe.gob.ec\/website\/wp-content\/uploads\/2023\/08\/banderaChinchipe.jpg 600w, https:\/\/zamora-chinchipe.gob.ec\/website\/wp-content\/uploads\/2023\/08\/banderaChinchipe-300x197.jpg 300w\" sizes=\"auto, (max-width: 600px) 100vw, 600px\" \/><\/p>\n<h2>Himno del Cant\u00f3n Chinchipe<\/h2>\n<p>\u00a0<strong>Espa\u00f1ol<\/strong><\/p>\n<!--[if lt IE 9]><script>document.createElement('audio');<\/script><![endif]-->\n<audio class=\"wp-audio-shortcode\" id=\"audio-328-1\" preload=\"none\" style=\"width: 100%;\" controls=\"controls\"><source type=\"audio\/mpeg\" src=\"https:\/\/zamora-chinchipe.gob.ec\/website\/wp-content\/uploads\/2023\/08\/Chinchipe-espanol.mp3?_=1\" \/><a href=\"https:\/\/zamora-chinchipe.gob.ec\/website\/wp-content\/uploads\/2023\/08\/Chinchipe-espanol.mp3\">https:\/\/zamora-chinchipe.gob.ec\/website\/wp-content\/uploads\/2023\/08\/Chinchipe-espanol.mp3<\/a><\/audio>\n<p><strong>\u00a0Kichwa<\/strong><\/p>\n<audio class=\"wp-audio-shortcode\" id=\"audio-328-2\" preload=\"none\" style=\"width: 100%;\" controls=\"controls\"><source type=\"audio\/mpeg\" src=\"https:\/\/zamora-chinchipe.gob.ec\/website\/wp-content\/uploads\/2023\/08\/CHINCHIPE-KICHWA.mp3?_=2\" \/><a href=\"https:\/\/zamora-chinchipe.gob.ec\/website\/wp-content\/uploads\/2023\/08\/CHINCHIPE-KICHWA.mp3\">https:\/\/zamora-chinchipe.gob.ec\/website\/wp-content\/uploads\/2023\/08\/CHINCHIPE-KICHWA.mp3<\/a><\/audio>\n<p>\u00a0<strong>Shuar<\/strong><\/p>\n<audio class=\"wp-audio-shortcode\" id=\"audio-328-3\" preload=\"none\" style=\"width: 100%;\" controls=\"controls\"><source type=\"audio\/mpeg\" src=\"https:\/\/zamora-chinchipe.gob.ec\/website\/wp-content\/uploads\/2023\/08\/CHINCHIPE-SHUAR.mp3?_=3\" \/><a href=\"https:\/\/zamora-chinchipe.gob.ec\/website\/wp-content\/uploads\/2023\/08\/CHINCHIPE-SHUAR.mp3\">https:\/\/zamora-chinchipe.gob.ec\/website\/wp-content\/uploads\/2023\/08\/CHINCHIPE-SHUAR.mp3<\/a><\/audio>\n\n<div id=\"pl-gb328-69fb63be2f617\"  class=\"panel-layout\" ><div id=\"pg-gb328-69fb63be2f617-0\"  class=\"panel-grid panel-no-style\" ><div id=\"pgc-gb328-69fb63be2f617-0-0\"  class=\"panel-grid-cell panel-grid-cell-empty panel-grid-cell-mobile-last\" ><\/div><div id=\"pgc-gb328-69fb63be2f617-0-1\"  class=\"panel-grid-cell panel-grid-cell-empty\" ><\/div><\/div><div id=\"pg-gb328-69fb63be2f617-1\"  class=\"panel-grid panel-no-style\" ><div id=\"pgc-gb328-69fb63be2f617-1-0\"  class=\"panel-grid-cell\" ><div id=\"panel-gb328-69fb63be2f617-1-0-0\" class=\"so-panel widget widget_sow-post-carousel panel-first-child panel-last-child\" data-index=\"0\" ><div\n\t\t\t\n\t\t\tclass=\"so-widget-sow-post-carousel so-widget-sow-post-carousel-base-f639a26ce8cf-328\"\n\t\t\t\n\t\t>\t<div\n\t\tclass=\"sow-post-carousel-wrapper sow-post-carousel-theme-base\"\n\t\tstyle=\"overflow: hidden; max-width: 100%; min-height: 272px\"\n\t>\n\t\t<div class=\"sow-carousel-title has-title\">\n\t<h3 class=\"widget-title\">NOTICIAS RELACIONADAS AL CANT\u00d3N CHINCHIPE<\/h3>\t\t<div class=\"sow-carousel-navigation \">\n\t\t\t\t\t\t<a href=\"#\" class=\"sow-carousel-next\" title=\"Siguiente\" aria-label=\"Entradas siguientes\" role=\"button\"><\/a>\n\t\t\t\t\t\t<a href=\"#\" class=\"sow-carousel-previous\" title=\"Anterior\" aria-label=\"Entradas anteriores\" role=\"button\"><\/a>\n\t\t\t\t\t<\/div>\n\t<\/div>\n\n<div class=\"sow-carousel-container \">\n\t\t<div class=\"sow-carousel-wrapper\"\n\t\tdata-dir=\"ltr\"\n\t\tstyle=\"opacity: 0;\"\n\t\tdata-widget=\"post\" data-fetching=\"false\" data-page=\"1\" data-ajax-url=\"https:\/\/zamora-chinchipe.gob.ec\/website\/wp-admin\/admin-ajax.php?_widgets_nonce=314f352086\" data-item_count=\"54\" data-carousel_settings=\"{&quot;loop&quot;:true,&quot;animation&quot;:&quot;ease&quot;,&quot;animation_speed&quot;:800,&quot;autoplay&quot;:true,&quot;pauseOnHover&quot;:false,&quot;autoplaySpeed&quot;:8000,&quot;item_overflow&quot;:true,&quot;autoplay_continuous_scroll&quot;:false}\" data-responsive=\"{&quot;desktop_slides_to_scroll&quot;:1,&quot;tablet_landscape_breakpoint&quot;:1366,&quot;tablet_landscape_slides_to_scroll&quot;:2,&quot;tablet_portrait_breakpoint&quot;:1025,&quot;tablet_portrait_slides_to_scroll&quot;:2,&quot;mobile_breakpoint&quot;:480,&quot;mobile_slides_to_scroll&quot;:1}\" data-variable_width=\"true\" \t>\n\t\t<div\n\t\t\tclass=\"sow-carousel-items\"\n\t\t\t\t\t>\n\t\t\t\t<div class=\"sow-carousel-item\" tabindex=\"-1\" style=\"float: left;\">\n\t\t<div class=\"sow-carousel-thumbnail\">\n\t\t\t\t\t\t\t<a\n\t\t\t\t\thref=\"https:\/\/zamora-chinchipe.gob.ec\/website\/2026\/04\/15\/convenio-a-favor-de-los-afiliados-del-seguro-social-campesino-de-isimanchi-y-el-tablon\/\"\n\t\t\t\t\t\t\t\t\t\tstyle=\"background-image: url( https:\/\/zamora-chinchipe.gob.ec\/website\/wp-content\/uploads\/2026\/04\/FOTO-1-436x272.jpg )\"\n\t\t\t\t\taria-labelledby=\"sow-carousel-id-4856\"\n\t\t\t\t\ttabindex=\"-1\"\n\t\t\t\t>\n\t\t\t\t\t<span class=\"overlay\"><\/span>\n\t\t\t\t<\/a>\n\t\t\t\t\t<\/div>\n\t\t<h3 class=\"sow-carousel-item-title\">\n\t\t\t<a\n\t\t\t\thref=\"https:\/\/zamora-chinchipe.gob.ec\/website\/2026\/04\/15\/convenio-a-favor-de-los-afiliados-del-seguro-social-campesino-de-isimanchi-y-el-tablon\/\"\n\t\t\t\tid=\"sow-carousel-id-4856\"\n\t\t\t\t\t\t\t\ttabindex=\"-1\"\n\t\t\t>\n\n\t\t\t\tConvenio a favor de los afiliados del Seguro Social Campesino de Isimanchi y El Tabl\u00f3n\t\t\t<\/a>\n\t\t<\/h3>\n\t<\/div>\n\t<div class=\"sow-carousel-item\" tabindex=\"-1\" style=\"float: left;\">\n\t\t<div class=\"sow-carousel-thumbnail\">\n\t\t\t\t\t\t\t<a\n\t\t\t\t\thref=\"https:\/\/zamora-chinchipe.gob.ec\/website\/2026\/02\/26\/la-equinoterapia-continua-transformando-vidas-en-zamora-chinchipe\/\"\n\t\t\t\t\t\t\t\t\t\tstyle=\"background-image: url( https:\/\/zamora-chinchipe.gob.ec\/website\/wp-content\/uploads\/2026\/02\/foto-2-1-436x272.jpeg )\"\n\t\t\t\t\taria-labelledby=\"sow-carousel-id-4747\"\n\t\t\t\t\ttabindex=\"-1\"\n\t\t\t\t>\n\t\t\t\t\t<span class=\"overlay\"><\/span>\n\t\t\t\t<\/a>\n\t\t\t\t\t<\/div>\n\t\t<h3 class=\"sow-carousel-item-title\">\n\t\t\t<a\n\t\t\t\thref=\"https:\/\/zamora-chinchipe.gob.ec\/website\/2026\/02\/26\/la-equinoterapia-continua-transformando-vidas-en-zamora-chinchipe\/\"\n\t\t\t\tid=\"sow-carousel-id-4747\"\n\t\t\t\t\t\t\t\ttabindex=\"-1\"\n\t\t\t>\n\n\t\t\t\tLa Equinoterapia contin\u00faa transformando vidas en Zamora Chinchipe\t\t\t<\/a>\n\t\t<\/h3>\n\t<\/div>\n\t<div class=\"sow-carousel-item\" tabindex=\"-1\" style=\"float: left;\">\n\t\t<div class=\"sow-carousel-thumbnail\">\n\t\t\t\t\t\t\t<a\n\t\t\t\t\thref=\"https:\/\/zamora-chinchipe.gob.ec\/website\/2026\/02\/09\/en-chinchipe-las-obras-a-favor-de-la-produccion-agricola-y-ganadera-son-una-realidad\/\"\n\t\t\t\t\t\t\t\t\t\tstyle=\"background-image: url( https:\/\/zamora-chinchipe.gob.ec\/website\/wp-content\/uploads\/2026\/02\/foto-5-436x272.jpeg )\"\n\t\t\t\t\taria-labelledby=\"sow-carousel-id-4720\"\n\t\t\t\t\ttabindex=\"-1\"\n\t\t\t\t>\n\t\t\t\t\t<span class=\"overlay\"><\/span>\n\t\t\t\t<\/a>\n\t\t\t\t\t<\/div>\n\t\t<h3 class=\"sow-carousel-item-title\">\n\t\t\t<a\n\t\t\t\thref=\"https:\/\/zamora-chinchipe.gob.ec\/website\/2026\/02\/09\/en-chinchipe-las-obras-a-favor-de-la-produccion-agricola-y-ganadera-son-una-realidad\/\"\n\t\t\t\tid=\"sow-carousel-id-4720\"\n\t\t\t\t\t\t\t\ttabindex=\"-1\"\n\t\t\t>\n\n\t\t\t\tEn Chinchipe, las obras a favor de la producci\u00f3n agr\u00edcola y ganadera son una realidad\t\t\t<\/a>\n\t\t<\/h3>\n\t<\/div>\n\t\t<\/div>\n\t\t\t<\/div>\n\n\t<\/div>\n\t\t<input type=\"hidden\" name=\"instance_hash\" value=\"99bc6c99\"\/>\n\t<\/div>\n<\/div><\/div><\/div><\/div><\/div>","protected":false},"excerpt":{"rendered":"<p>\u00a0Bienvenidos al cant\u00f3n Chinchipe Ubicado en el extremo sur de la provincia, es un escenario natural de ensue\u00f1o al este de Cordillera de los Andes. Prep\u00e1rate para descubrir un lugar lleno de encanto y diversidad.Con sus 1,102 km2 de extensi\u00f3n, el cant\u00f3n Chinchipe se compone de las parroquias de Zumba, Chito, El Chorro, San Andr\u00e9s, [&hellip;]<\/p>\n","protected":false},"author":1,"featured_media":0,"parent":0,"menu_order":0,"comment_status":"closed","ping_status":"closed","template":"","meta":{"footnotes":""},"class_list":["post-328","page","type-page","status-publish","hentry","post"],"_links":{"self":[{"href":"https:\/\/zamora-chinchipe.gob.ec\/website\/wp-json\/wp\/v2\/pages\/328","targetHints":{"allow":["GET"]}}],"collection":[{"href":"https:\/\/zamora-chinchipe.gob.ec\/website\/wp-json\/wp\/v2\/pages"}],"about":[{"href":"https:\/\/zamora-chinchipe.gob.ec\/website\/wp-json\/wp\/v2\/types\/page"}],"author":[{"embeddable":true,"href":"https:\/\/zamora-chinchipe.gob.ec\/website\/wp-json\/wp\/v2\/users\/1"}],"replies":[{"embeddable":true,"href":"https:\/\/zamora-chinchipe.gob.ec\/website\/wp-json\/wp\/v2\/comments?post=328"}],"version-history":[{"count":11,"href":"https:\/\/zamora-chinchipe.gob.ec\/website\/wp-json\/wp\/v2\/pages\/328\/revisions"}],"predecessor-version":[{"id":1181,"href":"https:\/\/zamora-chinchipe.gob.ec\/website\/wp-json\/wp\/v2\/pages\/328\/revisions\/1181"}],"wp:attachment":[{"href":"https:\/\/zamora-chinchipe.gob.ec\/website\/wp-json\/wp\/v2\/media?parent=328"}],"curies":[{"name":"wp","href":"https:\/\/api.w.org\/{rel}","templated":true}]}}