{"id":321,"date":"2023-08-31T09:51:39","date_gmt":"2023-08-31T14:51:39","guid":{"rendered":"https:\/\/zamora-chinchipe.gob.ec\/website\/?page_id=321"},"modified":"2024-01-02T14:24:43","modified_gmt":"2024-01-02T19:24:43","slug":"caton-el-pangui","status":"publish","type":"page","link":"https:\/\/zamora-chinchipe.gob.ec\/website\/caton-el-pangui\/","title":{"rendered":"Cant\u00f3n El Pangui"},"content":{"rendered":"<p style=\"text-align: center;\"><img loading=\"lazy\" class=\"alignnone size-full wp-image-1127\" src=\"https:\/\/zamora-chinchipe.gob.ec\/website\/wp-content\/uploads\/2023\/10\/elPangui.jpg\" alt=\"\" width=\"1600\" height=\"1200\" srcset=\"https:\/\/zamora-chinchipe.gob.ec\/website\/wp-content\/uploads\/2023\/10\/elPangui.jpg 1600w, https:\/\/zamora-chinchipe.gob.ec\/website\/wp-content\/uploads\/2023\/10\/elPangui-300x225.jpg 300w, https:\/\/zamora-chinchipe.gob.ec\/website\/wp-content\/uploads\/2023\/10\/elPangui-1024x768.jpg 1024w, https:\/\/zamora-chinchipe.gob.ec\/website\/wp-content\/uploads\/2023\/10\/elPangui-768x576.jpg 768w, https:\/\/zamora-chinchipe.gob.ec\/website\/wp-content\/uploads\/2023\/10\/elPangui-1536x1152.jpg 1536w\" sizes=\"auto, (max-width: 1600px) 100vw, 1600px\" \/><\/p>\n<p style=\"text-align: justify;\">El Pangui, conocido como \u00abla orqu\u00eddea de la Amazon\u00eda\u00bb debido la abundante diversidad y producci\u00f3n de esta especie, se encuentra en el nororiente de la Provincia de Zamora Chinchipe. Est\u00e1 compuesto por 4 parroquias, una urbana llamada \u00abEl Pangui\u00bb y tres rurales: Pachicutza, El Guismi y Tundayme. Seg\u00fan las proyecciones del INEC para el a\u00f1o 2020, El Pangui contaba con una poblaci\u00f3n de 10,945 habitantes.<br \/>Limita al norte con la provincia de Morona Santiago, al este con la Rep\u00fablica del Per\u00fa , al sur y al oeste con el cant\u00f3n Yantzaza. Con una altitud media de 1545 metros sobre el nivel del mar, El Pangui presenta un paisaje exuberante en los valles de los r\u00edos Zamora, Pachicutza, Chuchumbletza y El Quimi, rodeado por imponentes cadenas monta\u00f1osas como la Cordillera del C\u00f3ndor y la Flor de los Andes.<\/p>\n<p style=\"text-align: justify;\">En este escenario natural, las orqu\u00eddeas florecen en abundancia, pintando el paisaje con sus colores y rode\u00e1ndote de fragancias. Los valles verdes y los imponentes picos monta\u00f1osos crean una vista impresionante en cada esquina. Es un lugar perfecto para aquellos que buscan conectar con la naturaleza en su forma m\u00e1s pura.<\/p>\n<p style=\"text-align: justify;\">Explore sus senderos serpenteantes a trav\u00e9s de este sitio web, y descubra la calidez de su gente. El Pangui le espera con los brazos abiertos, invit\u00e1ndolo a descubrir su encanto \u00fanico en el coraz\u00f3n de la Amazon\u00eda.<\/p>\n<h2>Bandera del Cant\u00f3n El Pangui<\/h2>\n<p style=\"text-align: center;\"><img loading=\"lazy\" class=\"bandera alignnone wp-image-325 size-full\" src=\"https:\/\/zamora-chinchipe.gob.ec\/website\/wp-content\/uploads\/2023\/08\/banderaElPangui.jpg\" alt=\"\" width=\"600\" height=\"394\" srcset=\"https:\/\/zamora-chinchipe.gob.ec\/website\/wp-content\/uploads\/2023\/08\/banderaElPangui.jpg 600w, https:\/\/zamora-chinchipe.gob.ec\/website\/wp-content\/uploads\/2023\/08\/banderaElPangui-300x197.jpg 300w\" sizes=\"auto, (max-width: 600px) 100vw, 600px\" \/><\/p>\n<h2>Himno del Cant\u00f3n El Pangui<\/h2>\n<p>\u00a0<strong>Espa\u00f1ol<\/strong><\/p>\n<!--[if lt IE 9]><script>document.createElement('audio');<\/script><![endif]-->\n<audio class=\"wp-audio-shortcode\" id=\"audio-321-1\" preload=\"none\" style=\"width: 100%;\" controls=\"controls\"><source type=\"audio\/mpeg\" src=\"https:\/\/zamora-chinchipe.gob.ec\/website\/wp-content\/uploads\/2023\/08\/El-Pangui-espanol.mp3?_=1\" \/><a href=\"https:\/\/zamora-chinchipe.gob.ec\/website\/wp-content\/uploads\/2023\/08\/El-Pangui-espanol.mp3\">https:\/\/zamora-chinchipe.gob.ec\/website\/wp-content\/uploads\/2023\/08\/El-Pangui-espanol.mp3<\/a><\/audio>\n<p>\u00a0<strong>Kichwa<\/strong><\/p>\n<audio class=\"wp-audio-shortcode\" id=\"audio-321-2\" preload=\"none\" style=\"width: 100%;\" controls=\"controls\"><source type=\"audio\/mpeg\" src=\"https:\/\/zamora-chinchipe.gob.ec\/website\/wp-content\/uploads\/2023\/08\/EL-PANGUI-KICHWA.mp3?_=2\" \/><a href=\"https:\/\/zamora-chinchipe.gob.ec\/website\/wp-content\/uploads\/2023\/08\/EL-PANGUI-KICHWA.mp3\">https:\/\/zamora-chinchipe.gob.ec\/website\/wp-content\/uploads\/2023\/08\/EL-PANGUI-KICHWA.mp3<\/a><\/audio>\n<p>\u00a0<strong>Shuar<\/strong><\/p>\n<audio class=\"wp-audio-shortcode\" id=\"audio-321-3\" preload=\"none\" style=\"width: 100%;\" controls=\"controls\"><source type=\"audio\/mpeg\" src=\"https:\/\/zamora-chinchipe.gob.ec\/website\/wp-content\/uploads\/2023\/08\/EL-PANGUI-SHUAR.mp3?_=3\" \/><a href=\"https:\/\/zamora-chinchipe.gob.ec\/website\/wp-content\/uploads\/2023\/08\/EL-PANGUI-SHUAR.mp3\">https:\/\/zamora-chinchipe.gob.ec\/website\/wp-content\/uploads\/2023\/08\/EL-PANGUI-SHUAR.mp3<\/a><\/audio>\n\n<div id=\"pl-gb321-69fb64360a146\"  class=\"panel-layout\" ><div id=\"pg-gb321-69fb64360a146-0\"  class=\"panel-grid panel-no-style\" ><div id=\"pgc-gb321-69fb64360a146-0-0\"  class=\"panel-grid-cell panel-grid-cell-empty panel-grid-cell-mobile-last\" ><\/div><div id=\"pgc-gb321-69fb64360a146-0-1\"  class=\"panel-grid-cell panel-grid-cell-empty\" ><\/div><\/div><div id=\"pg-gb321-69fb64360a146-1\"  class=\"panel-grid panel-no-style\" ><div id=\"pgc-gb321-69fb64360a146-1-0\"  class=\"panel-grid-cell\" ><div id=\"panel-gb321-69fb64360a146-1-0-0\" class=\"so-panel widget widget_sow-post-carousel panel-first-child panel-last-child\" data-index=\"0\" ><div\n\t\t\t\n\t\t\tclass=\"so-widget-sow-post-carousel so-widget-sow-post-carousel-base-f639a26ce8cf-321\"\n\t\t\t\n\t\t>\t<div\n\t\tclass=\"sow-post-carousel-wrapper sow-post-carousel-theme-base\"\n\t\tstyle=\"overflow: hidden; max-width: 100%; min-height: 272px\"\n\t>\n\t\t<div class=\"sow-carousel-title has-title\">\n\t<h3 class=\"widget-title\">Noticias<\/h3>\t\t<div class=\"sow-carousel-navigation \">\n\t\t\t\t\t\t<a href=\"#\" class=\"sow-carousel-next\" title=\"Siguiente\" aria-label=\"Entradas siguientes\" role=\"button\"><\/a>\n\t\t\t\t\t\t<a href=\"#\" class=\"sow-carousel-previous\" title=\"Anterior\" aria-label=\"Entradas anteriores\" role=\"button\"><\/a>\n\t\t\t\t\t<\/div>\n\t<\/div>\n\n<div class=\"sow-carousel-container \">\n\t\t<div class=\"sow-carousel-wrapper\"\n\t\tdata-dir=\"ltr\"\n\t\tstyle=\"opacity: 0;\"\n\t\tdata-widget=\"post\" data-fetching=\"false\" data-page=\"1\" data-ajax-url=\"https:\/\/zamora-chinchipe.gob.ec\/website\/wp-admin\/admin-ajax.php?_widgets_nonce=314f352086\" data-item_count=\"44\" data-carousel_settings=\"{&quot;loop&quot;:true,&quot;animation&quot;:&quot;ease&quot;,&quot;animation_speed&quot;:800,&quot;autoplay&quot;:false,&quot;pauseOnHover&quot;:false,&quot;autoplaySpeed&quot;:8000,&quot;item_overflow&quot;:true,&quot;autoplay_continuous_scroll&quot;:false}\" data-responsive=\"{&quot;desktop_slides_to_scroll&quot;:1,&quot;tablet_landscape_breakpoint&quot;:1366,&quot;tablet_landscape_slides_to_scroll&quot;:2,&quot;tablet_portrait_breakpoint&quot;:1025,&quot;tablet_portrait_slides_to_scroll&quot;:2,&quot;mobile_breakpoint&quot;:480,&quot;mobile_slides_to_scroll&quot;:1}\" data-variable_width=\"true\" \t>\n\t\t<div\n\t\t\tclass=\"sow-carousel-items\"\n\t\t\t\t\t>\n\t\t\t\t<div class=\"sow-carousel-item\" tabindex=\"-1\" style=\"float: left;\">\n\t\t<div class=\"sow-carousel-thumbnail\">\n\t\t\t\t\t\t\t<a\n\t\t\t\t\thref=\"https:\/\/zamora-chinchipe.gob.ec\/website\/2026\/03\/25\/asfaltado-de-la-via-los-encuentros-pindal-impulsa-la-conectividad-en-yantzaza\/\"\n\t\t\t\t\t\t\t\t\t\tstyle=\"background-image: url( https:\/\/zamora-chinchipe.gob.ec\/website\/wp-content\/uploads\/2026\/03\/fotos-1-3-436x272.jpeg )\"\n\t\t\t\t\taria-labelledby=\"sow-carousel-id-4821\"\n\t\t\t\t\ttabindex=\"-1\"\n\t\t\t\t>\n\t\t\t\t\t<span class=\"overlay\"><\/span>\n\t\t\t\t<\/a>\n\t\t\t\t\t<\/div>\n\t\t<h3 class=\"sow-carousel-item-title\">\n\t\t\t<a\n\t\t\t\thref=\"https:\/\/zamora-chinchipe.gob.ec\/website\/2026\/03\/25\/asfaltado-de-la-via-los-encuentros-pindal-impulsa-la-conectividad-en-yantzaza\/\"\n\t\t\t\tid=\"sow-carousel-id-4821\"\n\t\t\t\t\t\t\t\ttabindex=\"-1\"\n\t\t\t>\n\n\t\t\t\tAsfaltado de la v\u00eda Los Encuentros \u2013 Pindal impulsa la conectividad en Yantzaza\t\t\t<\/a>\n\t\t<\/h3>\n\t<\/div>\n\t<div class=\"sow-carousel-item\" tabindex=\"-1\" style=\"float: left;\">\n\t\t<div class=\"sow-carousel-thumbnail\">\n\t\t\t\t\t\t\t<a\n\t\t\t\t\thref=\"https:\/\/zamora-chinchipe.gob.ec\/website\/2026\/02\/09\/prefectura-de-zamora-chinchipe-atiende-emergencias-invernales-en-la-provincia\/\"\n\t\t\t\t\t\t\t\t\t\tstyle=\"background-image: url( https:\/\/zamora-chinchipe.gob.ec\/website\/wp-content\/uploads\/2026\/02\/fotos-7-436x272.jpg )\"\n\t\t\t\t\taria-labelledby=\"sow-carousel-id-4702\"\n\t\t\t\t\ttabindex=\"-1\"\n\t\t\t\t>\n\t\t\t\t\t<span class=\"overlay\"><\/span>\n\t\t\t\t<\/a>\n\t\t\t\t\t<\/div>\n\t\t<h3 class=\"sow-carousel-item-title\">\n\t\t\t<a\n\t\t\t\thref=\"https:\/\/zamora-chinchipe.gob.ec\/website\/2026\/02\/09\/prefectura-de-zamora-chinchipe-atiende-emergencias-invernales-en-la-provincia\/\"\n\t\t\t\tid=\"sow-carousel-id-4702\"\n\t\t\t\t\t\t\t\ttabindex=\"-1\"\n\t\t\t>\n\n\t\t\t\tPrefectura de Zamora Chinchipe atiende emergencias invernales en la provincia\t\t\t<\/a>\n\t\t<\/h3>\n\t<\/div>\n\t<div class=\"sow-carousel-item\" tabindex=\"-1\" style=\"float: left;\">\n\t\t<div class=\"sow-carousel-thumbnail\">\n\t\t\t\t\t\t\t<a\n\t\t\t\t\thref=\"https:\/\/zamora-chinchipe.gob.ec\/website\/2026\/01\/23\/puente-en-el-pangui-al-90-de-avance\/\"\n\t\t\t\t\t\t\t\t\t\tstyle=\"background-image: url( https:\/\/zamora-chinchipe.gob.ec\/website\/wp-content\/uploads\/2026\/01\/fotos-2-1-436x272.jpg )\"\n\t\t\t\t\taria-labelledby=\"sow-carousel-id-4673\"\n\t\t\t\t\ttabindex=\"-1\"\n\t\t\t\t>\n\t\t\t\t\t<span class=\"overlay\"><\/span>\n\t\t\t\t<\/a>\n\t\t\t\t\t<\/div>\n\t\t<h3 class=\"sow-carousel-item-title\">\n\t\t\t<a\n\t\t\t\thref=\"https:\/\/zamora-chinchipe.gob.ec\/website\/2026\/01\/23\/puente-en-el-pangui-al-90-de-avance\/\"\n\t\t\t\tid=\"sow-carousel-id-4673\"\n\t\t\t\t\t\t\t\ttabindex=\"-1\"\n\t\t\t>\n\n\t\t\t\tPuente en El Pangui al 90% de avance\t\t\t<\/a>\n\t\t<\/h3>\n\t<\/div>\n\t\t<\/div>\n\t\t\t<\/div>\n\n\t<\/div>\n\t\t<input type=\"hidden\" name=\"instance_hash\" value=\"bde44349\"\/>\n\t<\/div>\n<\/div><\/div><\/div><\/div><\/div>","protected":false},"excerpt":{"rendered":"<p>El Pangui, conocido como \u00abla orqu\u00eddea de la Amazon\u00eda\u00bb debido la abundante diversidad y producci\u00f3n de esta especie, se encuentra en el nororiente de la Provincia de Zamora Chinchipe. Est\u00e1 compuesto por 4 parroquias, una urbana llamada \u00abEl Pangui\u00bb y tres rurales: Pachicutza, El Guismi y Tundayme. Seg\u00fan las proyecciones del INEC para el a\u00f1o [&hellip;]<\/p>\n","protected":false},"author":1,"featured_media":0,"parent":0,"menu_order":0,"comment_status":"closed","ping_status":"closed","template":"","meta":{"footnotes":""},"class_list":["post-321","page","type-page","status-publish","hentry","post"],"_links":{"self":[{"href":"https:\/\/zamora-chinchipe.gob.ec\/website\/wp-json\/wp\/v2\/pages\/321","targetHints":{"allow":["GET"]}}],"collection":[{"href":"https:\/\/zamora-chinchipe.gob.ec\/website\/wp-json\/wp\/v2\/pages"}],"about":[{"href":"https:\/\/zamora-chinchipe.gob.ec\/website\/wp-json\/wp\/v2\/types\/page"}],"author":[{"embeddable":true,"href":"https:\/\/zamora-chinchipe.gob.ec\/website\/wp-json\/wp\/v2\/users\/1"}],"replies":[{"embeddable":true,"href":"https:\/\/zamora-chinchipe.gob.ec\/website\/wp-json\/wp\/v2\/comments?post=321"}],"version-history":[{"count":8,"href":"https:\/\/zamora-chinchipe.gob.ec\/website\/wp-json\/wp\/v2\/pages\/321\/revisions"}],"predecessor-version":[{"id":1408,"href":"https:\/\/zamora-chinchipe.gob.ec\/website\/wp-json\/wp\/v2\/pages\/321\/revisions\/1408"}],"wp:attachment":[{"href":"https:\/\/zamora-chinchipe.gob.ec\/website\/wp-json\/wp\/v2\/media?parent=321"}],"curies":[{"name":"wp","href":"https:\/\/api.w.org\/{rel}","templated":true}]}}