{"id":304,"date":"2023-08-31T09:30:17","date_gmt":"2023-08-31T14:30:17","guid":{"rendered":"https:\/\/zamora-chinchipe.gob.ec\/website\/?page_id=304"},"modified":"2023-10-04T09:31:10","modified_gmt":"2023-10-04T14:31:10","slug":"canton-palanda","status":"publish","type":"page","link":"https:\/\/zamora-chinchipe.gob.ec\/website\/canton-palanda\/","title":{"rendered":"Cant\u00f3n Palanda"},"content":{"rendered":"<p style=\"text-align: center;\"><img loading=\"lazy\" class=\"alignnone size-full wp-image-1131\" src=\"https:\/\/zamora-chinchipe.gob.ec\/website\/wp-content\/uploads\/2023\/10\/palanda.jpg\" alt=\"\" width=\"1280\" height=\"960\" srcset=\"https:\/\/zamora-chinchipe.gob.ec\/website\/wp-content\/uploads\/2023\/10\/palanda.jpg 1280w, https:\/\/zamora-chinchipe.gob.ec\/website\/wp-content\/uploads\/2023\/10\/palanda-300x225.jpg 300w, https:\/\/zamora-chinchipe.gob.ec\/website\/wp-content\/uploads\/2023\/10\/palanda-1024x768.jpg 1024w, https:\/\/zamora-chinchipe.gob.ec\/website\/wp-content\/uploads\/2023\/10\/palanda-768x576.jpg 768w\" sizes=\"auto, (max-width: 1280px) 100vw, 1280px\" \/><\/p>\n<p style=\"text-align: justify;\">\u00a1Bienvenido a Palanda, la tierra de los or\u00edgenes del cacao! Sum\u00e9rgete en la historia milenaria de esta regi\u00f3n, donde los vestigios arqueol\u00f3gicos revelan el primer uso y domesticaci\u00f3n del cacao hace m\u00e1s de 5.000 a 5.500 a\u00f1os A.C. Palanda es un verdadero tesoro cultural y natural que te invita a descubrir sus maravillas.<br \/>Con una extensi\u00f3n de 2.042,2 km2, el cant\u00f3n Palanda se alza como el territorio m\u00e1s amplio de la provincia abarcando el 19,3% del territorio provincial. Limita al norte con el cant\u00f3n Zamora, al sur con Chinchipe, al este con Nangaritza y la Rep\u00fablica del Per\u00fa, y al oeste con la provincia de Loja. En el a\u00f1o 2020, el INEC estim\u00f3 que m\u00e1s de 10.000 personas encontraron en Palanda un hogar acogedor y lleno de oportunidades.<br \/>El territorio de Palanda te cautivar\u00e1 con su altitud media de 2.254 msnm, rodeado por la majestuosidad de la Cordillera del C\u00f3ndor al este y los imponentes andes Andinos al oeste. Desde las orillas del R\u00edo Mayo, a una altitud de 759 msnm, hasta las cimas de la Cordillera de los Andes, a 3.750 msnm, podr\u00e1s explorar un espectro altitudinal que te dejar\u00e1 sin aliento.<br \/>Adem\u00e1s de ello, Palanda ha sido la tierra de las culturas Mayo, Chinchipe, Mara\u00f1on los mismos que fueron art\u00edfices en la configuraci\u00f3n de la cultura andina y la cuna de la domesticaci\u00f3n del cacao, fruto conocido como el \u00abalimento de los dioses\u00bb y por tanto se encuentra enraizado en su pasado ancestral. Sum\u00e9rgete en las historias, recorre los vestigios arqueol\u00f3gicos y descubre el legado.<br \/>En nuestro sitio web, encontrar\u00e1s informaci\u00f3n detallada sobre las maravillas que Palanda tiene para ofrecerte. Desde lugares hist\u00f3ricos hasta paisajes de ensue\u00f1o.<\/p>\n<p style=\"text-align: center;\"><strong>\u00a1Bienvenido a Palanda, donde el pasado y el presente se funden en un abrazo eterno, y donde la naturaleza y la cultura se entrelazan para crear un destino inolvidable!<\/strong><\/p>\n<h2>Bandera del Cant\u00f3n Palanda<\/h2>\n<p style=\"text-align: center;\"><img loading=\"lazy\" class=\"bandera alignnone wp-image-308 size-full\" src=\"https:\/\/zamora-chinchipe.gob.ec\/website\/wp-content\/uploads\/2023\/08\/banderaPalanda.jpg\" alt=\"\" width=\"600\" height=\"394\" srcset=\"https:\/\/zamora-chinchipe.gob.ec\/website\/wp-content\/uploads\/2023\/08\/banderaPalanda.jpg 600w, https:\/\/zamora-chinchipe.gob.ec\/website\/wp-content\/uploads\/2023\/08\/banderaPalanda-300x197.jpg 300w\" sizes=\"auto, (max-width: 600px) 100vw, 600px\" \/><\/p>\n<h2>Himno del Cant\u00f3n Palanda<\/h2>\n<p>\u00a0<strong>Espa\u00f1ol<\/strong><\/p>\n<!--[if lt IE 9]><script>document.createElement('audio');<\/script><![endif]-->\n<audio class=\"wp-audio-shortcode\" id=\"audio-304-1\" preload=\"none\" style=\"width: 100%;\" controls=\"controls\"><source type=\"audio\/mpeg\" src=\"https:\/\/zamora-chinchipe.gob.ec\/website\/wp-content\/uploads\/2023\/08\/Palanda-espanol.mp3?_=1\" \/><a href=\"https:\/\/zamora-chinchipe.gob.ec\/website\/wp-content\/uploads\/2023\/08\/Palanda-espanol.mp3\">https:\/\/zamora-chinchipe.gob.ec\/website\/wp-content\/uploads\/2023\/08\/Palanda-espanol.mp3<\/a><\/audio>\n<p>\u00a0<strong>Kichwa<\/strong><\/p>\n<audio class=\"wp-audio-shortcode\" id=\"audio-304-2\" preload=\"none\" style=\"width: 100%;\" controls=\"controls\"><source type=\"audio\/mpeg\" src=\"https:\/\/zamora-chinchipe.gob.ec\/website\/wp-content\/uploads\/2023\/08\/PALANDA-KICHWA.mp3?_=2\" \/><a href=\"https:\/\/zamora-chinchipe.gob.ec\/website\/wp-content\/uploads\/2023\/08\/PALANDA-KICHWA.mp3\">https:\/\/zamora-chinchipe.gob.ec\/website\/wp-content\/uploads\/2023\/08\/PALANDA-KICHWA.mp3<\/a><\/audio>\n<p>\u00a0<strong>Shuar<\/strong><\/p>\n<audio class=\"wp-audio-shortcode\" id=\"audio-304-3\" preload=\"none\" style=\"width: 100%;\" controls=\"controls\"><source type=\"audio\/mpeg\" src=\"https:\/\/zamora-chinchipe.gob.ec\/website\/wp-content\/uploads\/2023\/08\/PALANDA-SHUAR.mp3?_=3\" \/><a href=\"https:\/\/zamora-chinchipe.gob.ec\/website\/wp-content\/uploads\/2023\/08\/PALANDA-SHUAR.mp3\">https:\/\/zamora-chinchipe.gob.ec\/website\/wp-content\/uploads\/2023\/08\/PALANDA-SHUAR.mp3<\/a><\/audio>\n\n<div id=\"pl-gb304-69fb63be78c8d\"  class=\"panel-layout\" ><div id=\"pg-gb304-69fb63be78c8d-0\"  class=\"panel-grid panel-no-style\" ><div id=\"pgc-gb304-69fb63be78c8d-0-0\"  class=\"panel-grid-cell panel-grid-cell-empty panel-grid-cell-mobile-last\" ><\/div><div id=\"pgc-gb304-69fb63be78c8d-0-1\"  class=\"panel-grid-cell panel-grid-cell-empty\" ><\/div><\/div><div id=\"pg-gb304-69fb63be78c8d-1\"  class=\"panel-grid panel-no-style\" ><div id=\"pgc-gb304-69fb63be78c8d-1-0\"  class=\"panel-grid-cell\" ><div id=\"panel-gb304-69fb63be78c8d-1-0-0\" class=\"so-panel widget widget_sow-post-carousel panel-first-child panel-last-child\" data-index=\"0\" ><div\n\t\t\t\n\t\t\tclass=\"so-widget-sow-post-carousel so-widget-sow-post-carousel-base-006126f2471c-304\"\n\t\t\t\n\t\t>\t<div\n\t\tclass=\"sow-post-carousel-wrapper sow-post-carousel-theme-base\"\n\t\tstyle=\"overflow: hidden; max-width: 100%; min-height: 272px\"\n\t>\n\t\t<div class=\"sow-carousel-title has-title\">\n\t<h3 class=\"widget-title\">Noticias<\/h3>\t\t<div class=\"sow-carousel-navigation \">\n\t\t\t\t\t\t<a href=\"#\" class=\"sow-carousel-next\" title=\"Siguiente\" aria-label=\"Entradas siguientes\" role=\"button\"><\/a>\n\t\t\t\t\t\t<a href=\"#\" class=\"sow-carousel-previous\" title=\"Anterior\" aria-label=\"Entradas anteriores\" role=\"button\"><\/a>\n\t\t\t\t\t<\/div>\n\t<\/div>\n\n<div class=\"sow-carousel-container \">\n\t\t<div class=\"sow-carousel-wrapper\"\n\t\tdata-dir=\"ltr\"\n\t\tstyle=\"opacity: 0;\"\n\t\tdata-widget=\"post\" data-fetching=\"false\" data-page=\"1\" data-ajax-url=\"https:\/\/zamora-chinchipe.gob.ec\/website\/wp-admin\/admin-ajax.php?_widgets_nonce=314f352086\" data-item_count=\"51\" data-carousel_settings=\"{&quot;loop&quot;:true,&quot;animation&quot;:&quot;ease&quot;,&quot;animation_speed&quot;:800,&quot;autoplay&quot;:false,&quot;pauseOnHover&quot;:false,&quot;autoplaySpeed&quot;:8000,&quot;item_overflow&quot;:true,&quot;autoplay_continuous_scroll&quot;:false}\" data-responsive=\"{&quot;desktop_slides_to_scroll&quot;:1,&quot;tablet_landscape_breakpoint&quot;:1366,&quot;tablet_landscape_slides_to_scroll&quot;:2,&quot;tablet_portrait_breakpoint&quot;:1025,&quot;tablet_portrait_slides_to_scroll&quot;:2,&quot;mobile_breakpoint&quot;:480,&quot;mobile_slides_to_scroll&quot;:1}\" data-variable_width=\"true\" \t>\n\t\t<div\n\t\t\tclass=\"sow-carousel-items\"\n\t\t\t\t\t>\n\t\t\t\t<div class=\"sow-carousel-item\" tabindex=\"-1\" style=\"float: left;\">\n\t\t<div class=\"sow-carousel-thumbnail\">\n\t\t\t\t\t\t\t<a\n\t\t\t\t\thref=\"https:\/\/zamora-chinchipe.gob.ec\/website\/2026\/04\/15\/prefectura-inicia-la-construccion-de-una-nueva-cubierta-esta-vez-en-el-porvenir-del-carmen\/\"\n\t\t\t\t\t\t\t\t\t\tstyle=\"background-image: url( https:\/\/zamora-chinchipe.gob.ec\/website\/wp-content\/uploads\/2026\/04\/fotos-6-1-436x272.jpeg )\"\n\t\t\t\t\taria-labelledby=\"sow-carousel-id-4895\"\n\t\t\t\t\ttabindex=\"-1\"\n\t\t\t\t>\n\t\t\t\t\t<span class=\"overlay\"><\/span>\n\t\t\t\t<\/a>\n\t\t\t\t\t<\/div>\n\t\t<h3 class=\"sow-carousel-item-title\">\n\t\t\t<a\n\t\t\t\thref=\"https:\/\/zamora-chinchipe.gob.ec\/website\/2026\/04\/15\/prefectura-inicia-la-construccion-de-una-nueva-cubierta-esta-vez-en-el-porvenir-del-carmen\/\"\n\t\t\t\tid=\"sow-carousel-id-4895\"\n\t\t\t\t\t\t\t\ttabindex=\"-1\"\n\t\t\t>\n\n\t\t\t\tPrefectura inicia la construcci\u00f3n de una nueva cubierta, esta vez en El Porvenir del Carmen\t\t\t<\/a>\n\t\t<\/h3>\n\t<\/div>\n\t<div class=\"sow-carousel-item\" tabindex=\"-1\" style=\"float: left;\">\n\t\t<div class=\"sow-carousel-thumbnail\">\n\t\t\t\t\t\t\t<a\n\t\t\t\t\thref=\"https:\/\/zamora-chinchipe.gob.ec\/website\/2026\/04\/15\/la-conectividad-en-la-via-loyola-las-brisas-es-una-realidad-para-cientos-de-familias\/\"\n\t\t\t\t\t\t\t\t\t\tstyle=\"background-image: url( https:\/\/zamora-chinchipe.gob.ec\/website\/wp-content\/uploads\/2026\/04\/fotos-4-1-436x272.jpeg )\"\n\t\t\t\t\taria-labelledby=\"sow-carousel-id-4882\"\n\t\t\t\t\ttabindex=\"-1\"\n\t\t\t\t>\n\t\t\t\t\t<span class=\"overlay\"><\/span>\n\t\t\t\t<\/a>\n\t\t\t\t\t<\/div>\n\t\t<h3 class=\"sow-carousel-item-title\">\n\t\t\t<a\n\t\t\t\thref=\"https:\/\/zamora-chinchipe.gob.ec\/website\/2026\/04\/15\/la-conectividad-en-la-via-loyola-las-brisas-es-una-realidad-para-cientos-de-familias\/\"\n\t\t\t\tid=\"sow-carousel-id-4882\"\n\t\t\t\t\t\t\t\ttabindex=\"-1\"\n\t\t\t>\n\n\t\t\t\tLa Conectividad en la v\u00eda Loyola-Las Brisas es una realidad para cientos de familias\t\t\t<\/a>\n\t\t<\/h3>\n\t<\/div>\n\t<div class=\"sow-carousel-item\" tabindex=\"-1\" style=\"float: left;\">\n\t\t<div class=\"sow-carousel-thumbnail\">\n\t\t\t\t\t\t\t<a\n\t\t\t\t\thref=\"https:\/\/zamora-chinchipe.gob.ec\/website\/2026\/03\/30\/puente-sobre-la-quebrada-soracu-en-palanda-es-una-realidad\/\"\n\t\t\t\t\t\t\t\t\t\tstyle=\"background-image: url( https:\/\/zamora-chinchipe.gob.ec\/website\/wp-content\/uploads\/2026\/03\/fotos-1-2-436x272.jpg )\"\n\t\t\t\t\taria-labelledby=\"sow-carousel-id-4846\"\n\t\t\t\t\ttabindex=\"-1\"\n\t\t\t\t>\n\t\t\t\t\t<span class=\"overlay\"><\/span>\n\t\t\t\t<\/a>\n\t\t\t\t\t<\/div>\n\t\t<h3 class=\"sow-carousel-item-title\">\n\t\t\t<a\n\t\t\t\thref=\"https:\/\/zamora-chinchipe.gob.ec\/website\/2026\/03\/30\/puente-sobre-la-quebrada-soracu-en-palanda-es-una-realidad\/\"\n\t\t\t\tid=\"sow-carousel-id-4846\"\n\t\t\t\t\t\t\t\ttabindex=\"-1\"\n\t\t\t>\n\n\t\t\t\tPuente sobre la quebrada Soracu, en Palanda, es una realidad\t\t\t<\/a>\n\t\t<\/h3>\n\t<\/div>\n\t\t<\/div>\n\t\t\t<\/div>\n\n\t<\/div>\n\t\t<input type=\"hidden\" name=\"instance_hash\" value=\"b673e0fb\"\/>\n\t<\/div>\n<\/div><\/div><\/div><\/div><\/div>","protected":false},"excerpt":{"rendered":"<p>\u00a1Bienvenido a Palanda, la tierra de los or\u00edgenes del cacao! Sum\u00e9rgete en la historia milenaria de esta regi\u00f3n, donde los vestigios arqueol\u00f3gicos revelan el primer uso y domesticaci\u00f3n del cacao hace m\u00e1s de 5.000 a 5.500 a\u00f1os A.C. Palanda es un verdadero tesoro cultural y natural que te invita a descubrir sus maravillas.Con una extensi\u00f3n [&hellip;]<\/p>\n","protected":false},"author":1,"featured_media":0,"parent":0,"menu_order":0,"comment_status":"closed","ping_status":"closed","template":"","meta":{"footnotes":""},"class_list":["post-304","page","type-page","status-publish","hentry","post"],"_links":{"self":[{"href":"https:\/\/zamora-chinchipe.gob.ec\/website\/wp-json\/wp\/v2\/pages\/304","targetHints":{"allow":["GET"]}}],"collection":[{"href":"https:\/\/zamora-chinchipe.gob.ec\/website\/wp-json\/wp\/v2\/pages"}],"about":[{"href":"https:\/\/zamora-chinchipe.gob.ec\/website\/wp-json\/wp\/v2\/types\/page"}],"author":[{"embeddable":true,"href":"https:\/\/zamora-chinchipe.gob.ec\/website\/wp-json\/wp\/v2\/users\/1"}],"replies":[{"embeddable":true,"href":"https:\/\/zamora-chinchipe.gob.ec\/website\/wp-json\/wp\/v2\/comments?post=304"}],"version-history":[{"count":6,"href":"https:\/\/zamora-chinchipe.gob.ec\/website\/wp-json\/wp\/v2\/pages\/304\/revisions"}],"predecessor-version":[{"id":1183,"href":"https:\/\/zamora-chinchipe.gob.ec\/website\/wp-json\/wp\/v2\/pages\/304\/revisions\/1183"}],"wp:attachment":[{"href":"https:\/\/zamora-chinchipe.gob.ec\/website\/wp-json\/wp\/v2\/media?parent=304"}],"curies":[{"name":"wp","href":"https:\/\/api.w.org\/{rel}","templated":true}]}}