{"id":295,"date":"2023-08-31T09:22:57","date_gmt":"2023-08-31T14:22:57","guid":{"rendered":"https:\/\/zamora-chinchipe.gob.ec\/website\/?page_id=295"},"modified":"2023-10-04T09:32:10","modified_gmt":"2023-10-04T14:32:10","slug":"295-2","status":"publish","type":"page","link":"https:\/\/zamora-chinchipe.gob.ec\/website\/295-2\/","title":{"rendered":"Cant\u00f3n Paquisha"},"content":{"rendered":"<p style=\"text-align: center;\"><img loading=\"lazy\" class=\"alignnone size-full wp-image-1133\" src=\"https:\/\/zamora-chinchipe.gob.ec\/website\/wp-content\/uploads\/2023\/10\/paquisha.jpg\" alt=\"\" width=\"1280\" height=\"720\" srcset=\"https:\/\/zamora-chinchipe.gob.ec\/website\/wp-content\/uploads\/2023\/10\/paquisha.jpg 1280w, https:\/\/zamora-chinchipe.gob.ec\/website\/wp-content\/uploads\/2023\/10\/paquisha-300x169.jpg 300w, https:\/\/zamora-chinchipe.gob.ec\/website\/wp-content\/uploads\/2023\/10\/paquisha-1024x576.jpg 1024w, https:\/\/zamora-chinchipe.gob.ec\/website\/wp-content\/uploads\/2023\/10\/paquisha-768x432.jpg 768w\" sizes=\"auto, (max-width: 1280px) 100vw, 1280px\" \/><\/p>\n<p style=\"text-align: justify;\">Bienvenido a Paquisha, el cant\u00f3n m\u00e1s joven y lleno de historia de la provincia de Zamora Chinchipe. Conocido por su protagonismo en el conflicto b\u00e9lico de 1981, Paquisha te invita a explorar su territorio vibrante y cautivador. Con una superficie de 339.2 km2, este rinc\u00f3n del mundo te sorprender\u00e1 en cada paso.<br \/>Dentro de su divisi\u00f3n pol\u00edtico-administrativa, Paquisha se compone de tres parroquias: Paquisha, Bellavista y Nuevo Quito que encierran la esencia de su identidad. Limita al norte con el cant\u00f3n Yantzaza, al sur con Nangaritza, al este con la Rep\u00fablica del Per\u00fa y al oeste con Centinela del C\u00f3ndor. Aunque es el cant\u00f3n de menor poblado de la provincia, con una proyecci\u00f3n de 5,992 habitantes para el a\u00f1o 2020 seg\u00fan el INEC, la calidez de su gente te sorprender\u00e1.<br \/>La topograf\u00eda de Paquisha se caracteriza por ser monta\u00f1osa, salvo en el hermoso valle del R\u00edo Nangaritza, donde se encuentran los principales asentamientos humanos. A una altitud promedio de 1,616 msnm, podr\u00e1s maravillarte con los imponentes picos de la Cordillera del C\u00f3ndor, que alcanzan los 2,340 msnm, y sumergirte en la serenidad de las orillas del R\u00edo Nangaritza, a 802 msnm.<br \/>En nuestro sitio web, encontrar\u00e1s informaci\u00f3n detallada sobre las maravillas que Paquisha tiene para ofrecerte. Desde su fascinante historia hasta sus impresionantes paisajes, te invitamos a sumergirte en la esencia de este cant\u00f3n joven y lleno de promesas.<\/p>\n<p style=\"text-align: center;\"><strong>\u00a1Descubre Paquisha, donde la historia se entrelaza con la naturaleza y donde cada rinc\u00f3n guarda un secreto por desvelar!<\/strong><\/p>\n<h2>Bandera del Cant\u00f3n Paquisha<\/h2>\n<p style=\"text-align: center;\"><img loading=\"lazy\" class=\"bandera alignnone wp-image-300 size-full\" src=\"https:\/\/zamora-chinchipe.gob.ec\/website\/wp-content\/uploads\/2023\/08\/banderaPaquisha.jpg\" alt=\"\" width=\"600\" height=\"394\" srcset=\"https:\/\/zamora-chinchipe.gob.ec\/website\/wp-content\/uploads\/2023\/08\/banderaPaquisha.jpg 600w, https:\/\/zamora-chinchipe.gob.ec\/website\/wp-content\/uploads\/2023\/08\/banderaPaquisha-300x197.jpg 300w\" sizes=\"auto, (max-width: 600px) 100vw, 600px\" \/><\/p>\n<h2>Himno del Cant\u00f3n Paquisha<\/h2>\n<p>\u00a0<strong>Espa\u00f1ol<\/strong><\/p>\n<!--[if lt IE 9]><script>document.createElement('audio');<\/script><![endif]-->\n<audio class=\"wp-audio-shortcode\" id=\"audio-295-1\" preload=\"none\" style=\"width: 100%;\" controls=\"controls\"><source type=\"audio\/mpeg\" src=\"https:\/\/zamora-chinchipe.gob.ec\/website\/wp-content\/uploads\/2023\/08\/Paquisha-espanol.mp3?_=1\" \/><a href=\"https:\/\/zamora-chinchipe.gob.ec\/website\/wp-content\/uploads\/2023\/08\/Paquisha-espanol.mp3\">https:\/\/zamora-chinchipe.gob.ec\/website\/wp-content\/uploads\/2023\/08\/Paquisha-espanol.mp3<\/a><\/audio>\n<p>\u00a0<strong>Kichwa<\/strong><\/p>\n<audio class=\"wp-audio-shortcode\" id=\"audio-295-2\" preload=\"none\" style=\"width: 100%;\" controls=\"controls\"><source type=\"audio\/mpeg\" src=\"https:\/\/zamora-chinchipe.gob.ec\/website\/wp-content\/uploads\/2023\/08\/PAQUISHA-KICHWA.mp3?_=2\" \/><a href=\"https:\/\/zamora-chinchipe.gob.ec\/website\/wp-content\/uploads\/2023\/08\/PAQUISHA-KICHWA.mp3\">https:\/\/zamora-chinchipe.gob.ec\/website\/wp-content\/uploads\/2023\/08\/PAQUISHA-KICHWA.mp3<\/a><\/audio>\n<p>\u00a0<strong>Shuar<\/strong><\/p>\n<audio class=\"wp-audio-shortcode\" id=\"audio-295-3\" preload=\"none\" style=\"width: 100%;\" controls=\"controls\"><source type=\"audio\/mpeg\" src=\"https:\/\/zamora-chinchipe.gob.ec\/website\/wp-content\/uploads\/2023\/08\/PAQUISHA-SHUAR.mp3?_=3\" \/><a href=\"https:\/\/zamora-chinchipe.gob.ec\/website\/wp-content\/uploads\/2023\/08\/PAQUISHA-SHUAR.mp3\">https:\/\/zamora-chinchipe.gob.ec\/website\/wp-content\/uploads\/2023\/08\/PAQUISHA-SHUAR.mp3<\/a><\/audio>\n\n<div id=\"pl-gb295-69fb63bea7b2a\"  class=\"panel-layout\" ><div id=\"pg-gb295-69fb63bea7b2a-0\"  class=\"panel-grid panel-no-style\" ><div id=\"pgc-gb295-69fb63bea7b2a-0-0\"  class=\"panel-grid-cell panel-grid-cell-empty panel-grid-cell-mobile-last\" ><\/div><div id=\"pgc-gb295-69fb63bea7b2a-0-1\"  class=\"panel-grid-cell panel-grid-cell-empty\" ><\/div><\/div><div id=\"pg-gb295-69fb63bea7b2a-1\"  class=\"panel-grid panel-no-style\" ><div id=\"pgc-gb295-69fb63bea7b2a-1-0\"  class=\"panel-grid-cell\" ><div id=\"panel-gb295-69fb63bea7b2a-1-0-0\" class=\"so-panel widget widget_sow-post-carousel panel-first-child panel-last-child\" data-index=\"0\" ><div\n\t\t\t\n\t\t\tclass=\"so-widget-sow-post-carousel so-widget-sow-post-carousel-base-f639a26ce8cf-295\"\n\t\t\t\n\t\t><\/div><\/div><\/div><\/div><\/div>","protected":false},"excerpt":{"rendered":"<p>Bienvenido a Paquisha, el cant\u00f3n m\u00e1s joven y lleno de historia de la provincia de Zamora Chinchipe. Conocido por su protagonismo en el conflicto b\u00e9lico de 1981, Paquisha te invita a explorar su territorio vibrante y cautivador. Con una superficie de 339.2 km2, este rinc\u00f3n del mundo te sorprender\u00e1 en cada paso.Dentro de su divisi\u00f3n [&hellip;]<\/p>\n","protected":false},"author":1,"featured_media":0,"parent":0,"menu_order":0,"comment_status":"closed","ping_status":"closed","template":"","meta":{"footnotes":""},"class_list":["post-295","page","type-page","status-publish","hentry","post"],"_links":{"self":[{"href":"https:\/\/zamora-chinchipe.gob.ec\/website\/wp-json\/wp\/v2\/pages\/295","targetHints":{"allow":["GET"]}}],"collection":[{"href":"https:\/\/zamora-chinchipe.gob.ec\/website\/wp-json\/wp\/v2\/pages"}],"about":[{"href":"https:\/\/zamora-chinchipe.gob.ec\/website\/wp-json\/wp\/v2\/types\/page"}],"author":[{"embeddable":true,"href":"https:\/\/zamora-chinchipe.gob.ec\/website\/wp-json\/wp\/v2\/users\/1"}],"replies":[{"embeddable":true,"href":"https:\/\/zamora-chinchipe.gob.ec\/website\/wp-json\/wp\/v2\/comments?post=295"}],"version-history":[{"count":6,"href":"https:\/\/zamora-chinchipe.gob.ec\/website\/wp-json\/wp\/v2\/pages\/295\/revisions"}],"predecessor-version":[{"id":1185,"href":"https:\/\/zamora-chinchipe.gob.ec\/website\/wp-json\/wp\/v2\/pages\/295\/revisions\/1185"}],"wp:attachment":[{"href":"https:\/\/zamora-chinchipe.gob.ec\/website\/wp-json\/wp\/v2\/media?parent=295"}],"curies":[{"name":"wp","href":"https:\/\/api.w.org\/{rel}","templated":true}]}}