{"id":271,"date":"2023-08-31T09:04:48","date_gmt":"2023-08-31T14:04:48","guid":{"rendered":"https:\/\/zamora-chinchipe.gob.ec\/website\/?page_id=271"},"modified":"2023-10-04T09:33:06","modified_gmt":"2023-10-04T14:33:06","slug":"canton-yantzaza","status":"publish","type":"page","link":"https:\/\/zamora-chinchipe.gob.ec\/website\/canton-yantzaza\/","title":{"rendered":"Cant\u00f3n Yantzaza"},"content":{"rendered":"<p style=\"text-align: justify;\"><img loading=\"lazy\" class=\"wp-image-274 size-full aligncenter\" src=\"https:\/\/zamora-chinchipe.gob.ec\/website\/wp-content\/uploads\/2023\/08\/YANTZAZA.jpg\" alt=\"\" width=\"900\" height=\"504\" srcset=\"https:\/\/zamora-chinchipe.gob.ec\/website\/wp-content\/uploads\/2023\/08\/YANTZAZA.jpg 900w, https:\/\/zamora-chinchipe.gob.ec\/website\/wp-content\/uploads\/2023\/08\/YANTZAZA-300x168.jpg 300w, https:\/\/zamora-chinchipe.gob.ec\/website\/wp-content\/uploads\/2023\/08\/YANTZAZA-768x430.jpg 768w\" sizes=\"auto, (max-width: 900px) 100vw, 900px\" \/>Bienvenido a Yantzaza la capital econ\u00f3mica de la provincia de Zamora Chinchipe, ubicada en el oriente de Ecuador. Descubre un lugar donde la naturaleza exuberante y la cultura se entrelazan en armon\u00eda.<br \/>Yantzaza te recibe con sus tres encantadoras parroquias, incluyendo la vibrante \u00e1rea urbana que lleva su nombre y los pintorescos rincones rurales de Chica\u00f1a y Los Encuentros. Sum\u00e9rgete en una comunidad en\u00e9rgica, donde la vida cotidiana se desarrolla en medio de paisajes cautivadores y tradiciones arraigadas.Con una poblaci\u00f3n din\u00e1mica de 26,447 habitantes, Yantzaza se erige como el segundo cant\u00f3n m\u00e1s poblado de la provincia. Aqu\u00ed, te encontrar\u00e1s rodeado de personas amables y acogedoras, dispuestas a compartir su rica herencia cultural contigo.<br \/>Adem\u00e1s de su gente hospitalaria, Yantzaza te maravillar\u00e1 con su geograf\u00eda diversa. Sus tierras se elevan a una altitud promedio de 1900 metros sobre el nivel del mar, regal\u00e1ndote vistas panor\u00e1micas que te dejar\u00e1n sin aliento. Desde majestuosas cadenas monta\u00f1osas que alcanzan alturas de hasta 3044 metros en la Cordillera de Campana Urcu, hasta los serenos valles ba\u00f1ados por los r\u00edos Zamora, Chica\u00f1a y Nangaritza, aqu\u00ed encontrar\u00e1s una variedad de escenarios naturales para explorar y disfrutar.<br \/>En Yantzaza, cada experiencia es una aventura. Sum\u00e9rgete en la cultura local, deleita tu paladar con la gastronom\u00eda tradicional, explora sus senderos naturales y d\u00e9jate cautivar por la calidez de su gente. Descubre por qu\u00e9 este pintoresco rinc\u00f3n de Ecuador te invita a crear recuerdos duraderos y a ser testigo de su asombrosa belleza.<\/p>\n<p style=\"text-align: center;\"><strong>Bienvenido a Yantzaza, donde la magia de las luci\u00e9rnagas y la energ\u00eda de un pueblo te esperan para ofrecerte una experiencia inolvidable. \u00a1Ven y s\u00e9 parte de esta historia cautivadora!<\/strong><\/p>\n<h2>Bandera del Cant\u00f3n Yantzaza<\/h2>\n<p><img loading=\"lazy\" class=\"bandera aligncenter wp-image-275 size-full\" src=\"https:\/\/zamora-chinchipe.gob.ec\/website\/wp-content\/uploads\/2023\/08\/banderaYantzaza.jpg\" alt=\"\" width=\"600\" height=\"394\" srcset=\"https:\/\/zamora-chinchipe.gob.ec\/website\/wp-content\/uploads\/2023\/08\/banderaYantzaza.jpg 600w, https:\/\/zamora-chinchipe.gob.ec\/website\/wp-content\/uploads\/2023\/08\/banderaYantzaza-300x197.jpg 300w\" sizes=\"auto, (max-width: 600px) 100vw, 600px\" \/><\/p>\n<h2>Himno del Cant\u00f3n Yantzaza<\/h2>\n<p><strong>Espa\u00f1ol<\/strong><\/p>\n<!--[if lt IE 9]><script>document.createElement('audio');<\/script><![endif]-->\n<audio class=\"wp-audio-shortcode\" id=\"audio-271-1\" preload=\"none\" style=\"width: 100%;\" controls=\"controls\"><source type=\"audio\/mpeg\" src=\"https:\/\/zamora-chinchipe.gob.ec\/website\/wp-content\/uploads\/2023\/08\/Yantzaza-espanol.mp3?_=1\" \/><a href=\"https:\/\/zamora-chinchipe.gob.ec\/website\/wp-content\/uploads\/2023\/08\/Yantzaza-espanol.mp3\">https:\/\/zamora-chinchipe.gob.ec\/website\/wp-content\/uploads\/2023\/08\/Yantzaza-espanol.mp3<\/a><\/audio>\n<p><strong>Kichwa<\/strong><\/p>\n<audio class=\"wp-audio-shortcode\" id=\"audio-271-2\" preload=\"none\" style=\"width: 100%;\" controls=\"controls\"><source type=\"audio\/mpeg\" src=\"https:\/\/zamora-chinchipe.gob.ec\/website\/wp-content\/uploads\/2023\/08\/YANTZAZA-KICHWA.mp3?_=2\" \/><a href=\"https:\/\/zamora-chinchipe.gob.ec\/website\/wp-content\/uploads\/2023\/08\/YANTZAZA-KICHWA.mp3\">https:\/\/zamora-chinchipe.gob.ec\/website\/wp-content\/uploads\/2023\/08\/YANTZAZA-KICHWA.mp3<\/a><\/audio>\n<p><strong>Shuar<\/strong><\/p>\n<audio class=\"wp-audio-shortcode\" id=\"audio-271-3\" preload=\"none\" style=\"width: 100%;\" controls=\"controls\"><source type=\"audio\/mpeg\" src=\"https:\/\/zamora-chinchipe.gob.ec\/website\/wp-content\/uploads\/2023\/08\/YANTZAZASHUAR.mp3?_=3\" \/><a href=\"https:\/\/zamora-chinchipe.gob.ec\/website\/wp-content\/uploads\/2023\/08\/YANTZAZASHUAR.mp3\">https:\/\/zamora-chinchipe.gob.ec\/website\/wp-content\/uploads\/2023\/08\/YANTZAZASHUAR.mp3<\/a><\/audio>\n\n<div id=\"pl-gb271-69fb64354918f\"  class=\"panel-layout\" ><div id=\"pg-gb271-69fb64354918f-0\"  class=\"panel-grid panel-no-style\" ><div id=\"pgc-gb271-69fb64354918f-0-0\"  class=\"panel-grid-cell panel-grid-cell-empty panel-grid-cell-mobile-last\" ><\/div><div id=\"pgc-gb271-69fb64354918f-0-1\"  class=\"panel-grid-cell panel-grid-cell-empty\" ><\/div><\/div><div id=\"pg-gb271-69fb64354918f-1\"  class=\"panel-grid panel-no-style\" ><div id=\"pgc-gb271-69fb64354918f-1-0\"  class=\"panel-grid-cell\" ><div id=\"panel-gb271-69fb64354918f-1-0-0\" class=\"so-panel widget widget_sow-post-carousel panel-first-child panel-last-child\" data-index=\"0\" ><div\n\t\t\t\n\t\t\tclass=\"so-widget-sow-post-carousel so-widget-sow-post-carousel-base-f639a26ce8cf-271\"\n\t\t\t\n\t\t>\t<div\n\t\tclass=\"sow-post-carousel-wrapper sow-post-carousel-theme-base\"\n\t\tstyle=\"overflow: hidden; max-width: 100%; min-height: 272px\"\n\t>\n\t\t<div class=\"sow-carousel-title has-title\">\n\t<h3 class=\"widget-title\">Noticias<\/h3>\t\t<div class=\"sow-carousel-navigation \">\n\t\t\t\t\t\t<a href=\"#\" class=\"sow-carousel-next\" title=\"Siguiente\" aria-label=\"Entradas siguientes\" role=\"button\"><\/a>\n\t\t\t\t\t\t<a href=\"#\" class=\"sow-carousel-previous\" title=\"Anterior\" aria-label=\"Entradas anteriores\" role=\"button\"><\/a>\n\t\t\t\t\t<\/div>\n\t<\/div>\n\n<div class=\"sow-carousel-container \">\n\t\t<div class=\"sow-carousel-wrapper\"\n\t\tdata-dir=\"ltr\"\n\t\tstyle=\"opacity: 0;\"\n\t\tdata-widget=\"post\" data-fetching=\"false\" data-page=\"1\" data-ajax-url=\"https:\/\/zamora-chinchipe.gob.ec\/website\/wp-admin\/admin-ajax.php?_widgets_nonce=314f352086\" data-item_count=\"54\" data-carousel_settings=\"{&quot;loop&quot;:true,&quot;animation&quot;:&quot;ease&quot;,&quot;animation_speed&quot;:800,&quot;autoplay&quot;:false,&quot;pauseOnHover&quot;:false,&quot;autoplaySpeed&quot;:8000,&quot;item_overflow&quot;:true,&quot;autoplay_continuous_scroll&quot;:false}\" data-responsive=\"{&quot;desktop_slides_to_scroll&quot;:1,&quot;tablet_landscape_breakpoint&quot;:1366,&quot;tablet_landscape_slides_to_scroll&quot;:2,&quot;tablet_portrait_breakpoint&quot;:1025,&quot;tablet_portrait_slides_to_scroll&quot;:2,&quot;mobile_breakpoint&quot;:480,&quot;mobile_slides_to_scroll&quot;:1}\" data-variable_width=\"true\" \t>\n\t\t<div\n\t\t\tclass=\"sow-carousel-items\"\n\t\t\t\t\t>\n\t\t\t\t<div class=\"sow-carousel-item\" tabindex=\"-1\" style=\"float: left;\">\n\t\t<div class=\"sow-carousel-thumbnail\">\n\t\t\t\t\t\t\t<a\n\t\t\t\t\thref=\"https:\/\/zamora-chinchipe.gob.ec\/website\/2026\/02\/18\/prefectura-inicia-la-reconstruccion-del-coliseo-de-la-unidad-educativa-10-de-noviembre\/\"\n\t\t\t\t\t\t\t\t\t\tstyle=\"background-image: url( https:\/\/zamora-chinchipe.gob.ec\/website\/wp-content\/uploads\/2026\/02\/FOTO-2-436x272.jpg )\"\n\t\t\t\t\taria-labelledby=\"sow-carousel-id-4729\"\n\t\t\t\t\ttabindex=\"-1\"\n\t\t\t\t>\n\t\t\t\t\t<span class=\"overlay\"><\/span>\n\t\t\t\t<\/a>\n\t\t\t\t\t<\/div>\n\t\t<h3 class=\"sow-carousel-item-title\">\n\t\t\t<a\n\t\t\t\thref=\"https:\/\/zamora-chinchipe.gob.ec\/website\/2026\/02\/18\/prefectura-inicia-la-reconstruccion-del-coliseo-de-la-unidad-educativa-10-de-noviembre\/\"\n\t\t\t\tid=\"sow-carousel-id-4729\"\n\t\t\t\t\t\t\t\ttabindex=\"-1\"\n\t\t\t>\n\n\t\t\t\tPrefectura inicia la reconstrucci\u00f3n del coliseo de la Unidad Educativa 10 de Noviembre\t\t\t<\/a>\n\t\t<\/h3>\n\t<\/div>\n\t<div class=\"sow-carousel-item\" tabindex=\"-1\" style=\"float: left;\">\n\t\t<div class=\"sow-carousel-thumbnail\">\n\t\t\t\t\t\t\t<a\n\t\t\t\t\thref=\"https:\/\/zamora-chinchipe.gob.ec\/website\/2026\/02\/09\/prefectura-de-zamora-chinchipe-atiende-emergencias-invernales-en-la-provincia\/\"\n\t\t\t\t\t\t\t\t\t\tstyle=\"background-image: url( https:\/\/zamora-chinchipe.gob.ec\/website\/wp-content\/uploads\/2026\/02\/fotos-7-436x272.jpg )\"\n\t\t\t\t\taria-labelledby=\"sow-carousel-id-4702\"\n\t\t\t\t\ttabindex=\"-1\"\n\t\t\t\t>\n\t\t\t\t\t<span class=\"overlay\"><\/span>\n\t\t\t\t<\/a>\n\t\t\t\t\t<\/div>\n\t\t<h3 class=\"sow-carousel-item-title\">\n\t\t\t<a\n\t\t\t\thref=\"https:\/\/zamora-chinchipe.gob.ec\/website\/2026\/02\/09\/prefectura-de-zamora-chinchipe-atiende-emergencias-invernales-en-la-provincia\/\"\n\t\t\t\tid=\"sow-carousel-id-4702\"\n\t\t\t\t\t\t\t\ttabindex=\"-1\"\n\t\t\t>\n\n\t\t\t\tPrefectura de Zamora Chinchipe atiende emergencias invernales en la provincia\t\t\t<\/a>\n\t\t<\/h3>\n\t<\/div>\n\t<div class=\"sow-carousel-item\" tabindex=\"-1\" style=\"float: left;\">\n\t\t<div class=\"sow-carousel-thumbnail\">\n\t\t\t\t\t\t\t<a\n\t\t\t\t\thref=\"https:\/\/zamora-chinchipe.gob.ec\/website\/2026\/01\/05\/prefectura-supera-los-62-km-de-asfalto-en-la-provincia\/\"\n\t\t\t\t\t\t\t\t\t\tstyle=\"background-image: url( https:\/\/zamora-chinchipe.gob.ec\/website\/wp-content\/uploads\/2026\/01\/foto-s-1-436x272.jpg )\"\n\t\t\t\t\taria-labelledby=\"sow-carousel-id-4587\"\n\t\t\t\t\ttabindex=\"-1\"\n\t\t\t\t>\n\t\t\t\t\t<span class=\"overlay\"><\/span>\n\t\t\t\t<\/a>\n\t\t\t\t\t<\/div>\n\t\t<h3 class=\"sow-carousel-item-title\">\n\t\t\t<a\n\t\t\t\thref=\"https:\/\/zamora-chinchipe.gob.ec\/website\/2026\/01\/05\/prefectura-supera-los-62-km-de-asfalto-en-la-provincia\/\"\n\t\t\t\tid=\"sow-carousel-id-4587\"\n\t\t\t\t\t\t\t\ttabindex=\"-1\"\n\t\t\t>\n\n\t\t\t\tPrefectura supera los 62 Km de asfalto en la Provincia\t\t\t<\/a>\n\t\t<\/h3>\n\t<\/div>\n\t\t<\/div>\n\t\t\t<\/div>\n\n\t<\/div>\n\t\t<input type=\"hidden\" name=\"instance_hash\" value=\"6cd41436\"\/>\n\t<\/div>\n<\/div><\/div><\/div><\/div><\/div>","protected":false},"excerpt":{"rendered":"<p>Bienvenido a Yantzaza la capital econ\u00f3mica de la provincia de Zamora Chinchipe, ubicada en el oriente de Ecuador. Descubre un lugar donde la naturaleza exuberante y la cultura se entrelazan en armon\u00eda.Yantzaza te recibe con sus tres encantadoras parroquias, incluyendo la vibrante \u00e1rea urbana que lleva su nombre y los pintorescos rincones rurales de Chica\u00f1a [&hellip;]<\/p>\n","protected":false},"author":1,"featured_media":0,"parent":0,"menu_order":0,"comment_status":"closed","ping_status":"closed","template":"","meta":{"footnotes":""},"class_list":["post-271","page","type-page","status-publish","hentry","post"],"_links":{"self":[{"href":"https:\/\/zamora-chinchipe.gob.ec\/website\/wp-json\/wp\/v2\/pages\/271","targetHints":{"allow":["GET"]}}],"collection":[{"href":"https:\/\/zamora-chinchipe.gob.ec\/website\/wp-json\/wp\/v2\/pages"}],"about":[{"href":"https:\/\/zamora-chinchipe.gob.ec\/website\/wp-json\/wp\/v2\/types\/page"}],"author":[{"embeddable":true,"href":"https:\/\/zamora-chinchipe.gob.ec\/website\/wp-json\/wp\/v2\/users\/1"}],"replies":[{"embeddable":true,"href":"https:\/\/zamora-chinchipe.gob.ec\/website\/wp-json\/wp\/v2\/comments?post=271"}],"version-history":[{"count":7,"href":"https:\/\/zamora-chinchipe.gob.ec\/website\/wp-json\/wp\/v2\/pages\/271\/revisions"}],"predecessor-version":[{"id":1187,"href":"https:\/\/zamora-chinchipe.gob.ec\/website\/wp-json\/wp\/v2\/pages\/271\/revisions\/1187"}],"wp:attachment":[{"href":"https:\/\/zamora-chinchipe.gob.ec\/website\/wp-json\/wp\/v2\/media?parent=271"}],"curies":[{"name":"wp","href":"https:\/\/api.w.org\/{rel}","templated":true}]}}