{"id":227,"date":"2023-08-30T17:40:19","date_gmt":"2023-08-30T22:40:19","guid":{"rendered":"https:\/\/zamora-chinchipe.gob.ec\/website\/?page_id=227"},"modified":"2023-10-04T09:33:40","modified_gmt":"2023-10-04T14:33:40","slug":"canton-zamora","status":"publish","type":"page","link":"https:\/\/zamora-chinchipe.gob.ec\/website\/canton-zamora\/","title":{"rendered":"Cant\u00f3n Zamora"},"content":{"rendered":"<p style=\"text-align: justify;\"><img loading=\"lazy\" class=\"wp-image-228 size-full aligncenter\" src=\"https:\/\/zamora-chinchipe.gob.ec\/website\/wp-content\/uploads\/2023\/08\/ZAMORA.jpg\" alt=\"\" width=\"1200\" height=\"671\" srcset=\"https:\/\/zamora-chinchipe.gob.ec\/website\/wp-content\/uploads\/2023\/08\/ZAMORA.jpg 1200w, https:\/\/zamora-chinchipe.gob.ec\/website\/wp-content\/uploads\/2023\/08\/ZAMORA-300x168.jpg 300w, https:\/\/zamora-chinchipe.gob.ec\/website\/wp-content\/uploads\/2023\/08\/ZAMORA-1024x573.jpg 1024w, https:\/\/zamora-chinchipe.gob.ec\/website\/wp-content\/uploads\/2023\/08\/ZAMORA-768x429.jpg 768w\" sizes=\"auto, (max-width: 1200px) 100vw, 1200px\" \/>Bienvenidos a Zamora, el vibrante cant\u00f3n que alberga la capital de la provincia. Con una rica historia y belleza natural deslumbrante, Zamora te invita a ser testigo de su encanto. Fue elevado a la categor\u00eda de cant\u00f3n el 13 de noviembre de 1911 como parte de la provincia del oriente, y en 1953 se convirti\u00f3 en parte de la actual provincia. Con una superficie de 1,901 km2, Zamora se divide en dos parroquias urbanas y seis parroquias rurales. Seg\u00fan las proyecciones poblacionales del INEC, en el a\u00f1o 2020, el cant\u00f3n Zamora albergaba a 32,761 personas, convirti\u00e9ndose en el cant\u00f3n m\u00e1s poblado de la provincia.<\/p>\n<p style=\"text-align: justify;\">Zamora limita al norte con el cautivador cant\u00f3n Yacuambi, al sur con Palanda y Nangaritza, al este con Yantzaza, Centinela del C\u00f3ndor y Nangaritza, y al oeste con la provincia de Loja. Con una altitud media de 2,235 msnm, las majestuosas cimas de la Cordillera Oriental de los Andes dominan el paisaje, alcanzando alturas impresionantes de hasta 3,662 msnm. M\u00e1s de la mitad del territorio cantonal es monta\u00f1oso, excepto por los hermosos valles en las cuencas bajas de los r\u00edos Zamora, Nambija y Yacuambi.<\/p>\n<p style=\"text-align: justify;\">Zamora, tambi\u00e9n conocida como la \u00abcapital minera del Ecuador\u00bb, gan\u00f3 fama debido a las milenarias minas de Nambija que atrajeron a grandes olas migratorias durante su apogeo.<br \/>En nuestro sitio web, te invitamos a explorar todo lo que Zamora tiene para ofrecer. Desde su rica historia hasta la exuberante belleza de sus paisajes monta\u00f1osos y valles frondosos, descubrir\u00e1s una experiencia \u00fanica en este cautivador cant\u00f3n.<\/p>\n<p style=\"text-align: center;\"><strong>\u00a1Bienvenidos a Zamora, donde la historia se entrelaza con la naturaleza y donde cada rinc\u00f3n te invita a vivir una aventura inolvidable!<\/strong><\/p>\n<h2>Bandera del Cant\u00f3n Zamora<\/h2>\n<p><img loading=\"lazy\" class=\"bandera aligncenter wp-image-236 size-full\" src=\"https:\/\/zamora-chinchipe.gob.ec\/website\/wp-content\/uploads\/2023\/08\/banderaZamora.jpg\" alt=\"Bandera del Cant\u00f3n Zamora\" width=\"600\" height=\"394\" srcset=\"https:\/\/zamora-chinchipe.gob.ec\/website\/wp-content\/uploads\/2023\/08\/banderaZamora.jpg 600w, https:\/\/zamora-chinchipe.gob.ec\/website\/wp-content\/uploads\/2023\/08\/banderaZamora-300x197.jpg 300w\" sizes=\"auto, (max-width: 600px) 100vw, 600px\" \/><\/p>\n<h2>Himno del Cant\u00f3n Zamora<\/h2>\n<p>\u00a0<strong>Espa\u00f1ol<\/strong><\/p>\n<!--[if lt IE 9]><script>document.createElement('audio');<\/script><![endif]-->\n<audio class=\"wp-audio-shortcode\" id=\"audio-227-1\" preload=\"none\" style=\"width: 100%;\" controls=\"controls\"><source type=\"audio\/mpeg\" src=\"https:\/\/zamora-chinchipe.gob.ec\/website\/wp-content\/uploads\/2023\/08\/Zamora-espanol.mp3?_=1\" \/><a href=\"https:\/\/zamora-chinchipe.gob.ec\/website\/wp-content\/uploads\/2023\/08\/Zamora-espanol.mp3\">https:\/\/zamora-chinchipe.gob.ec\/website\/wp-content\/uploads\/2023\/08\/Zamora-espanol.mp3<\/a><\/audio>\n<p>\u00a0<strong>Kichwa<\/strong><\/p>\n<audio class=\"wp-audio-shortcode\" id=\"audio-227-2\" preload=\"none\" style=\"width: 100%;\" controls=\"controls\"><source type=\"audio\/mpeg\" src=\"https:\/\/zamora-chinchipe.gob.ec\/website\/wp-content\/uploads\/2023\/08\/ZAMORA-KICHWA.mp3?_=2\" \/><a href=\"https:\/\/zamora-chinchipe.gob.ec\/website\/wp-content\/uploads\/2023\/08\/ZAMORA-KICHWA.mp3\">https:\/\/zamora-chinchipe.gob.ec\/website\/wp-content\/uploads\/2023\/08\/ZAMORA-KICHWA.mp3<\/a><\/audio>\n<p>\u00a0<strong>Shuar<\/strong><\/p>\n<audio class=\"wp-audio-shortcode\" id=\"audio-227-3\" preload=\"none\" style=\"width: 100%;\" controls=\"controls\"><source type=\"audio\/mpeg\" src=\"https:\/\/zamora-chinchipe.gob.ec\/website\/wp-content\/uploads\/2023\/08\/ZAMORA-SHUAR.mp3?_=3\" \/><a href=\"https:\/\/zamora-chinchipe.gob.ec\/website\/wp-content\/uploads\/2023\/08\/ZAMORA-SHUAR.mp3\">https:\/\/zamora-chinchipe.gob.ec\/website\/wp-content\/uploads\/2023\/08\/ZAMORA-SHUAR.mp3<\/a><\/audio>\n\n<div\n\t\t\t\n\t\t\tclass=\"so-widget-sow-post-carousel so-widget-sow-post-carousel-base-f639a26ce8cf\"\n\t\t\t\n\t\t>\t<div\n\t\tclass=\"sow-post-carousel-wrapper sow-post-carousel-theme-base\"\n\t\tstyle=\"overflow: hidden; max-width: 100%; min-height: 272px\"\n\t>\n\t\t<div class=\"sow-carousel-title has-title\">\n\t<h3 class=\"widget-title\">Contenido de Inter\u00e9s<\/h3>\t\t<div class=\"sow-carousel-navigation \">\n\t\t\t\t\t\t<a href=\"#\" class=\"sow-carousel-next\" title=\"Siguiente\" aria-label=\"Entradas siguientes\" role=\"button\"><\/a>\n\t\t\t\t\t\t<a href=\"#\" class=\"sow-carousel-previous\" title=\"Anterior\" aria-label=\"Entradas anteriores\" role=\"button\"><\/a>\n\t\t\t\t\t<\/div>\n\t<\/div>\n\n<div class=\"sow-carousel-container \">\n\t\t<div class=\"sow-carousel-wrapper\"\n\t\tdata-dir=\"ltr\"\n\t\tstyle=\"opacity: 0;\"\n\t\tdata-widget=\"post\" data-fetching=\"false\" data-page=\"1\" data-ajax-url=\"https:\/\/zamora-chinchipe.gob.ec\/website\/wp-admin\/admin-ajax.php?_widgets_nonce=314f352086\" data-item_count=\"100\" data-carousel_settings=\"{&quot;loop&quot;:true,&quot;animation&quot;:&quot;ease&quot;,&quot;animation_speed&quot;:800,&quot;autoplay&quot;:false,&quot;pauseOnHover&quot;:false,&quot;autoplaySpeed&quot;:8000,&quot;item_overflow&quot;:true,&quot;autoplay_continuous_scroll&quot;:false}\" data-responsive=\"{&quot;desktop_slides_to_scroll&quot;:1,&quot;tablet_landscape_breakpoint&quot;:1366,&quot;tablet_landscape_slides_to_scroll&quot;:2,&quot;tablet_portrait_breakpoint&quot;:1025,&quot;tablet_portrait_slides_to_scroll&quot;:2,&quot;mobile_breakpoint&quot;:480,&quot;mobile_slides_to_scroll&quot;:1}\" data-variable_width=\"true\" \t>\n\t\t<div\n\t\t\tclass=\"sow-carousel-items\"\n\t\t\t\t\t>\n\t\t\t\t<div class=\"sow-carousel-item\" tabindex=\"-1\" style=\"float: left;\">\n\t\t<div class=\"sow-carousel-thumbnail\">\n\t\t\t\t\t\t\t<a\n\t\t\t\t\thref=\"https:\/\/zamora-chinchipe.gob.ec\/website\/2026\/05\/05\/artesanos-de-la-provincia-tendran-su-propia-casa-gracias-a-la-prefectura-de-zamora-chinchipe\/\"\n\t\t\t\t\t\t\t\t\t\tstyle=\"background-image: url( https:\/\/zamora-chinchipe.gob.ec\/website\/wp-content\/uploads\/2026\/05\/foto-8-436x272.jpeg )\"\n\t\t\t\t\taria-labelledby=\"sow-carousel-id-4916\"\n\t\t\t\t\ttabindex=\"-1\"\n\t\t\t\t>\n\t\t\t\t\t<span class=\"overlay\"><\/span>\n\t\t\t\t<\/a>\n\t\t\t\t\t<\/div>\n\t\t<h3 class=\"sow-carousel-item-title\">\n\t\t\t<a\n\t\t\t\thref=\"https:\/\/zamora-chinchipe.gob.ec\/website\/2026\/05\/05\/artesanos-de-la-provincia-tendran-su-propia-casa-gracias-a-la-prefectura-de-zamora-chinchipe\/\"\n\t\t\t\tid=\"sow-carousel-id-4916\"\n\t\t\t\t\t\t\t\ttabindex=\"-1\"\n\t\t\t>\n\n\t\t\t\tArtesanos tendr\u00e1n su propia casa, gracias a la Prefectura de Zamora Chinchipe\t\t\t<\/a>\n\t\t<\/h3>\n\t<\/div>\n\t<div class=\"sow-carousel-item\" tabindex=\"-1\" style=\"float: left;\">\n\t\t<div class=\"sow-carousel-thumbnail\">\n\t\t\t\t\t\t\t<a\n\t\t\t\t\thref=\"https:\/\/zamora-chinchipe.gob.ec\/website\/2026\/03\/25\/puente-puerto-minero-fortalece-la-conectividad-y-el-desarrollo-productivo-en-zamora-chinchipe\/\"\n\t\t\t\t\t\t\t\t\t\tstyle=\"background-image: url( https:\/\/zamora-chinchipe.gob.ec\/website\/wp-content\/uploads\/2026\/03\/fotos-1-2-436x272.jpeg )\"\n\t\t\t\t\taria-labelledby=\"sow-carousel-id-4809\"\n\t\t\t\t\ttabindex=\"-1\"\n\t\t\t\t>\n\t\t\t\t\t<span class=\"overlay\"><\/span>\n\t\t\t\t<\/a>\n\t\t\t\t\t<\/div>\n\t\t<h3 class=\"sow-carousel-item-title\">\n\t\t\t<a\n\t\t\t\thref=\"https:\/\/zamora-chinchipe.gob.ec\/website\/2026\/03\/25\/puente-puerto-minero-fortalece-la-conectividad-y-el-desarrollo-productivo-en-zamora-chinchipe\/\"\n\t\t\t\tid=\"sow-carousel-id-4809\"\n\t\t\t\t\t\t\t\ttabindex=\"-1\"\n\t\t\t>\n\n\t\t\t\tPuente \u201cPuerto Minero\u201d fortalece la conectividad y el desarrollo productivo en Zamora Chinchipe\t\t\t<\/a>\n\t\t<\/h3>\n\t<\/div>\n\t<div class=\"sow-carousel-item\" tabindex=\"-1\" style=\"float: left;\">\n\t\t<div class=\"sow-carousel-thumbnail\">\n\t\t\t\t\t\t\t<a\n\t\t\t\t\thref=\"https:\/\/zamora-chinchipe.gob.ec\/website\/2026\/03\/16\/apertura-vial-en-numbami-fortalece-la-movilidad-y-la-produccion-en-el-canton-zamora\/\"\n\t\t\t\t\t\t\t\t\t\tstyle=\"background-image: url( https:\/\/zamora-chinchipe.gob.ec\/website\/wp-content\/uploads\/2026\/03\/FOTOS-4-436x272.jpeg )\"\n\t\t\t\t\taria-labelledby=\"sow-carousel-id-4778\"\n\t\t\t\t\ttabindex=\"-1\"\n\t\t\t\t>\n\t\t\t\t\t<span class=\"overlay\"><\/span>\n\t\t\t\t<\/a>\n\t\t\t\t\t<\/div>\n\t\t<h3 class=\"sow-carousel-item-title\">\n\t\t\t<a\n\t\t\t\thref=\"https:\/\/zamora-chinchipe.gob.ec\/website\/2026\/03\/16\/apertura-vial-en-numbami-fortalece-la-movilidad-y-la-produccion-en-el-canton-zamora\/\"\n\t\t\t\tid=\"sow-carousel-id-4778\"\n\t\t\t\t\t\t\t\ttabindex=\"-1\"\n\t\t\t>\n\n\t\t\t\tApertura vial en Numbami fortalece la movilidad y la producci\u00f3n en el cant\u00f3n Zamora\t\t\t<\/a>\n\t\t<\/h3>\n\t<\/div>\n\t\t<\/div>\n\t\t\t<\/div>\n\n\t<\/div>\n\t\t<input type=\"hidden\" name=\"instance_hash\" value=\"a201d00e\"\/>\n\t<\/div>\n<\/div>","protected":false},"excerpt":{"rendered":"<p>Bienvenidos a Zamora, el vibrante cant\u00f3n que alberga la capital de la provincia. Con una rica historia y belleza natural deslumbrante, Zamora te invita a ser testigo de su encanto. Fue elevado a la categor\u00eda de cant\u00f3n el 13 de noviembre de 1911 como parte de la provincia del oriente, y en 1953 se convirti\u00f3 [&hellip;]<\/p>\n","protected":false},"author":1,"featured_media":0,"parent":0,"menu_order":0,"comment_status":"closed","ping_status":"closed","template":"","meta":{"footnotes":""},"class_list":["post-227","page","type-page","status-publish","hentry","post"],"_links":{"self":[{"href":"https:\/\/zamora-chinchipe.gob.ec\/website\/wp-json\/wp\/v2\/pages\/227","targetHints":{"allow":["GET"]}}],"collection":[{"href":"https:\/\/zamora-chinchipe.gob.ec\/website\/wp-json\/wp\/v2\/pages"}],"about":[{"href":"https:\/\/zamora-chinchipe.gob.ec\/website\/wp-json\/wp\/v2\/types\/page"}],"author":[{"embeddable":true,"href":"https:\/\/zamora-chinchipe.gob.ec\/website\/wp-json\/wp\/v2\/users\/1"}],"replies":[{"embeddable":true,"href":"https:\/\/zamora-chinchipe.gob.ec\/website\/wp-json\/wp\/v2\/comments?post=227"}],"version-history":[{"count":15,"href":"https:\/\/zamora-chinchipe.gob.ec\/website\/wp-json\/wp\/v2\/pages\/227\/revisions"}],"predecessor-version":[{"id":1188,"href":"https:\/\/zamora-chinchipe.gob.ec\/website\/wp-json\/wp\/v2\/pages\/227\/revisions\/1188"}],"wp:attachment":[{"href":"https:\/\/zamora-chinchipe.gob.ec\/website\/wp-json\/wp\/v2\/media?parent=227"}],"curies":[{"name":"wp","href":"https:\/\/api.w.org\/{rel}","templated":true}]}}